{"id":3,"date":"2021-03-09T14:19:15","date_gmt":"2021-03-09T13:19:15","guid":{"rendered":"https:\/\/localhost\/aa7\/?page_id=3"},"modified":"2021-03-26T11:04:12","modified_gmt":"2021-03-26T10:04:12","slug":"ochrana-sukromia","status":"publish","type":"page","link":"https:\/\/aa7.sk\/de\/datenschutz-bestimmungen\/","title":{"rendered":"Datenschutz Bestimmungen"},"content":{"rendered":"<div data-elementor-type=\"wp-page\" data-elementor-id=\"3\" class=\"elementor elementor-3\" data-elementor-post-type=\"page\">\n\t\t\t\t\t\t<section class=\"elementor-section elementor-top-section elementor-element elementor-element-0cd4209 elementor-section-stretched elementor-section-boxed elementor-section-height-default elementor-section-height-default parallax_section_no qode_elementor_container_no\" data-id=\"0cd4209\" data-element_type=\"section\" data-settings=\"{&quot;stretch_section&quot;:&quot;section-stretched&quot;,&quot;background_background&quot;:&quot;classic&quot;}\">\n\t\t\t\t\t\t\t<div class=\"elementor-background-overlay\"><\/div>\n\t\t\t\t\t\t\t<div class=\"elementor-container elementor-column-gap-default\">\n\t\t\t\t\t<div class=\"elementor-column elementor-col-100 elementor-top-column elementor-element elementor-element-a240749\" data-id=\"a240749\" data-element_type=\"column\">\n\t\t\t<div class=\"elementor-widget-wrap elementor-element-populated\">\n\t\t\t\t\t\t<div class=\"elementor-element elementor-element-5da587e elementor-widget elementor-widget-heading\" data-id=\"5da587e\" data-element_type=\"widget\" data-widget_type=\"heading.default\">\n\t\t\t\t<div class=\"elementor-widget-container\">\n\t\t\t\t\t<h2 class=\"elementor-heading-title elementor-size-default\">Datenschutz Bestimmungen<\/h2>\t\t\t\t<\/div>\n\t\t\t\t<\/div>\n\t\t\t\t<div class=\"elementor-element elementor-element-51c25b5 elementor-widget-divider--view-line elementor-widget elementor-widget-divider\" data-id=\"51c25b5\" data-element_type=\"widget\" data-widget_type=\"divider.default\">\n\t\t\t\t<div class=\"elementor-widget-container\">\n\t\t\t\t\t\t\t<div class=\"elementor-divider\">\n\t\t\t<span class=\"elementor-divider-separator\">\n\t\t\t\t\t\t<\/span>\n\t\t<\/div>\n\t\t\t\t\t\t<\/div>\n\t\t\t\t<\/div>\n\t\t\t\t\t<\/div>\n\t\t<\/div>\n\t\t\t\t\t<\/div>\n\t\t<\/section>\n\t\t\t\t<section class=\"elementor-section elementor-top-section elementor-element elementor-element-a970a09 elementor-section-boxed elementor-section-height-default elementor-section-height-default parallax_section_no qode_elementor_container_no\" data-id=\"a970a09\" data-element_type=\"section\">\n\t\t\t\t\t\t<div class=\"elementor-container elementor-column-gap-default\">\n\t\t\t\t\t<div class=\"elementor-column elementor-col-100 elementor-top-column elementor-element elementor-element-5c7ef858\" data-id=\"5c7ef858\" data-element_type=\"column\">\n\t\t\t<div class=\"elementor-widget-wrap elementor-element-populated\">\n\t\t\t\t\t\t<div class=\"elementor-element elementor-element-12e49b7c elementor-widget elementor-widget-text-editor\" data-id=\"12e49b7c\" data-element_type=\"widget\" data-widget_type=\"text-editor.default\">\n\t\t\t\t<div class=\"elementor-widget-container\">\n\t\t\t\t\t\t\t\t\t<h2 class=\"wp-block-heading\">Wer wir sind<\/h2><p>Adresa na\u0161ej webovej str\u00e1nky je: http:\/\/aa7.sk.d.r1.wbsprt.com.<\/p><h2 class=\"wp-block-heading\">Welche personenbezogenen Daten wir erheben und warum wir sie erheben<\/h2><h3 class=\"wp-block-heading\">Kommentare<\/h3><p>Wenn Website-Besucher Kommentare auf der Seite hinterlassen, erfassen wir die Daten, die im Kommentarformular angezeigt werden, sowie die IP-Adresse der Benutzer und den Benutzeragenten des Browsers zum Schutz vor Spam.<\/p><p>Eine anonymisierte Zeichenfolge, die aus Ihrer E-Mail-Adresse erstellt wird (auch als Hash bezeichnet), kann Gravatar zur Verf\u00fcgung gestellt werden, um zu \u00fcberpr\u00fcfen, ob Sie sie verwenden. Die Datenschutzerkl\u00e4rung von Gravatar finden Sie unter: https:\/\/automattic.com\/privacy\/. Nachdem Ihr Kommentar genehmigt wurde, wird Ihr Profilfoto zusammen mit dem Inhalt Ihres Kommentars \u00f6ffentlich angezeigt.<\/p><h3 class=\"wp-block-heading\">Multimedia<\/h3><p>Beim Hochladen von Bildern auf eine Website sollten Sie vermeiden, Bilder mit EXIF-GPS-Standortdaten hochzuladen. Webbesucher k\u00f6nnen beliebige Standortdaten von Bildern herunterladen und anzeigen.<\/p><h3 class=\"wp-block-heading\">Kontaktformulare<\/h3><h3 class=\"wp-block-heading\">Cookies<\/h3><p>Wenn Sie einen Kommentar auf unserer Website hinterlassen, k\u00f6nnen Sie damit einverstanden sein, Ihren Namen, Ihre E-Mail-Adresse und Ihre Website in Cookies zu speichern. Dies dient Ihrer Bequemlichkeit, damit Sie Ihre Daten nicht erneut eingeben m\u00fcssen, wenn Sie einen weiteren Kommentar hinzuf\u00fcgen. Diese Cookies sind ein Jahr g\u00fcltig.<\/p><p>Wenn Sie unsere Anmeldeseite besuchen, speichern wir tempor\u00e4re Cookies, um festzustellen, ob Ihr Browser Cookies akzeptiert. Diese Cookies enthalten keine personenbezogenen Daten und werden beim Schlie\u00dfen des Browsers gel\u00f6scht.<\/p><p>Wenn Sie sich anmelden, setzen wir mehrere Cookies, um Ihre Anmeldedaten und Anzeigeeinstellungen zu speichern. Login-Cookies sind zwei Tage und Anzeigeeinstellungen ein Jahr g\u00fcltig. Wenn Sie die Option \u201eErinnern\u201c w\u00e4hlen, ist Ihr Login zwei Wochen lang g\u00fcltig. Wenn Sie sich von Ihrem Konto abmelden, werden Cookies gel\u00f6scht. <\/p><p>Beim Bearbeiten oder Ver\u00f6ffentlichen eines Artikels werden zus\u00e4tzliche Cookies in Ihrem Browser gespeichert. Diese Cookies enthalten keine personenbezogenen Daten und beziehen sich nur auf die ID des von Ihnen bearbeiteten Artikels. Dateien sind 1 Tag g\u00fcltig.<\/p><h3 class=\"wp-block-heading\">Eingebettete Inhalte von anderen Websites<\/h3><p>Artikel auf dieser Website k\u00f6nnen eingebettete Inhalte enthalten (z. B. Videos, Bilder, Artikel usw.). Eingebettete Inhalte von anderen Websites verhalten sich so, als w\u00fcrde der Besucher eine andere Website besuchen. <\/p><p>Diese Websites k\u00f6nnen personenbezogene Daten \u00fcber Sie sammeln, Cookies verwenden, Tracking von Drittanbietern einbetten und Ihre Interaktion mit eingebetteten Inhalten \u00fcberwachen, einschlie\u00dflich der Verfolgung Ihrer Interaktion mit eingebetteten Inhalten, wenn Sie ein Konto haben und auf dieser Website angemeldet sind. <\/p><h3 class=\"wp-block-heading\">Analytik<\/h3><h2 class=\"wp-block-heading\">Mit wem wir Ihre Daten teilen<\/h2><p>Wenn Sie ein Zur\u00fccksetzen des Passworts anfordern, wird Ihre IP-Adresse in der E-Mail zum Zur\u00fccksetzen des Passworts enthalten sein.<\/p><h2 class=\"wp-block-heading\">Wie lange wir Ihre Daten aufbewahren<\/h2><p>Beim Hinzuf\u00fcgen eines Kommentars werden der Kommentar und seine Metadaten getrennt aufbewahrt. Auf diese Weise k\u00f6nnen wir alle zugeh\u00f6rigen Kommentare automatisch erkennen und genehmigen, ohne dass wir zur Moderation in die Warteschleife gestellt werden m\u00fcssen.<\/p><p>F\u00fcr Benutzer, die sich auf unseren Websites registrieren (falls vorhanden), speichern wir auch die personenbezogenen Daten, die sie in ihrem Benutzerprofil angeben. Alle Benutzer k\u00f6nnen ihre pers\u00f6nlichen Daten jederzeit einsehen, \u00e4ndern oder l\u00f6schen (mit Ausnahme der \u00c4nderung des Benutzernamens). Website-Administratoren k\u00f6nnen diese Informationen auch anzeigen und bearbeiten.<\/p><h2 class=\"wp-block-heading\">Welche Rechte haben Sie an Ihren Daten?<\/h2><p>Wenn Sie ein Konto auf dieser Website haben oder hier einen Kommentar hinterlassen haben, k\u00f6nnen Sie den Export Ihrer personenbezogenen Daten, die wir \u00fcber Sie speichern, einschlie\u00dflich der Daten, die Sie uns zur Verf\u00fcgung gestellt haben, anfordern. Sie k\u00f6nnen auch die L\u00f6schung personenbezogener Daten verlangen. Dies gilt jedoch nicht f\u00fcr Daten, die wir aus administrativen, rechtlichen oder Sicherheitsgr\u00fcnden \u00fcber Sie aufbewahren m\u00fcssen. <\/p><h2 class=\"wp-block-heading\">Wohin wir Ihre Daten senden<\/h2><p>Besucherkommentare k\u00f6nnen von einem automatisierten Dienst zur Spam-Erkennung \u00fcberpr\u00fcft werden.<\/p><h2 class=\"wp-block-heading\">Ihre Kontaktinformationen<\/h2><h2 class=\"wp-block-heading\">Weitere Informationen<\/h2><h3 class=\"wp-block-heading\">Wie wir Ihre Daten sch\u00fctzen<\/h3><h3 class=\"wp-block-heading\">Was sind unsere Datenschutzverletzungsverfahren?<\/h3><h3 class=\"wp-block-heading\">Von welchen Dritten erhalten wir Daten<\/h3><h3 class=\"wp-block-heading\">Welche automatisierte Entscheidungsfindung (Verarbeitung) und\/oder Profilerstellung wir mit Benutzerdaten durchf\u00fchren.<\/h3><h3 class=\"wp-block-heading\">Offenlegungspflichten f\u00fcr die Gesetzgebung in der regulierten Industrie<\/h3>\t\t\t\t\t\t\t\t<\/div>\n\t\t\t\t<\/div>\n\t\t\t\t\t<\/div>\n\t\t<\/div>\n\t\t\t\t\t<\/div>\n\t\t<\/section>\n\t\t\t\t<\/div>","protected":false},"excerpt":{"rendered":"<p>Z\u00e1sady ochrany osobn\u00fdch \u00fadajov Kto sme Adresa na\u0161ej webovej str\u00e1nky je: https:\/\/aa7.sk.d.r1.wbsprt.com. Ak\u00e9 osobn\u00e9 \u00fadaje z\u00edskavame a pre\u010do ich zbierame Koment\u00e1re Ke\u010f n\u00e1v\u0161tevn\u00edci webu zanechavaj\u00fa na str\u00e1nke koment\u00e1re, zbierame \u00fadaje, ktor\u00e9 s\u00fa zobrazen\u00e9 vo formul\u00e1ri koment\u00e1ra a taktie\u017e IP adresu pou\u017e\u00edvate\u013eov a user-agent prehliada\u010da z&#8230;<\/p>","protected":false},"author":1,"featured_media":0,"parent":0,"menu_order":0,"comment_status":"closed","ping_status":"open","template":"","meta":{"_acf_changed":false,"_eb_attr":"","footnotes":""},"class_list":["post-3","page","type-page","status-publish","hentry"],"acf":[],"jetpack_sharing_enabled":true,"_links":{"self":[{"href":"https:\/\/aa7.sk\/de\/wp-json\/wp\/v2\/pages\/3","targetHints":{"allow":["GET"]}}],"collection":[{"href":"https:\/\/aa7.sk\/de\/wp-json\/wp\/v2\/pages"}],"about":[{"href":"https:\/\/aa7.sk\/de\/wp-json\/wp\/v2\/types\/page"}],"author":[{"embeddable":true,"href":"https:\/\/aa7.sk\/de\/wp-json\/wp\/v2\/users\/1"}],"replies":[{"embeddable":true,"href":"https:\/\/aa7.sk\/de\/wp-json\/wp\/v2\/comments?post=3"}],"version-history":[{"count":0,"href":"https:\/\/aa7.sk\/de\/wp-json\/wp\/v2\/pages\/3\/revisions"}],"wp:attachment":[{"href":"https:\/\/aa7.sk\/de\/wp-json\/wp\/v2\/media?parent=3"}],"curies":[{"name":"wp","href":"https:\/\/api.w.org\/{rel}","templated":true}]}}