{"id":3966,"date":"2025-11-19T14:46:26","date_gmt":"2025-11-19T13:46:26","guid":{"rendered":"https:\/\/aa7.sk\/?post_type=product&#038;p=3966"},"modified":"2026-03-18T10:02:14","modified_gmt":"2026-03-18T09:02:14","slug":"hw08dh-bullzoder","status":"publish","type":"product","link":"https:\/\/aa7.sk\/de\/product\/hw08dh-bullzoder\/","title":{"rendered":"HW16DS Bullzoder"},"content":{"rendered":"<p><img fetchpriority=\"high\" decoding=\"async\" class=\"alignnone size-medium wp-image-5052 aligncenter\" src=\"https:\/\/aa7.sk\/wp-content\/uploads\/2025\/11\/Buldoz-300x200.jpg\" alt=\"\" width=\"300\" height=\"200\" srcset=\"https:\/\/aa7.sk\/wp-content\/uploads\/2025\/11\/Buldoz-300x200.jpg 300w, https:\/\/aa7.sk\/wp-content\/uploads\/2025\/11\/Buldoz-18x12.jpg 18w, https:\/\/aa7.sk\/wp-content\/uploads\/2025\/11\/Buldoz.jpg 600w\" sizes=\"(max-width: 300px) 100vw, 300px\" \/><br \/>\nDer HW16DS-Bulldozer bietet mit seinem exzellenten Design und seiner leistungsstarken Leistung die beste Unterst\u00fctzung f\u00fcr Ihre Ingenieurprojekte. Egal, ob du dich mit unwegsamem Gel\u00e4nde oder sumpfigen S\u00fcmpfen befasst \u2013 der HW16DS ist der Aufgabe gewachsen.<\/p>\n<p><strong>Hauptmerkmal:<\/strong><\/p>\n<p>1. Siln\u00fd v\u00fdkon: Vybaven\u00fd WD10G178E25 motorom s menovit\u00fdm v\u00fdkonom 131 kW a nomin\u00e1lnou r\u00fdchlos\u0165ou 1850 ot.\/min, ktor\u00fd poskytuje dostato\u010dn\u00fa podporu v\u00fdkonu na zabezpe\u010denie efekt\u00edvnej prev\u00e1dzky.<\/p>\n<p>2. Vysok\u00e1 priejazdnos\u0165: Minim\u00e1lna svetl\u00e1 v\u00fd\u0161ka 495 mm umo\u017e\u0148uje buldoz\u00e9ru vo\u013ene sa pohybova\u0165 v n\u00e1ro\u010dnom ter\u00e9ne a vyhn\u00fa\u0165 sa kol\u00edzi\u00e1m podvozku.<\/p>\n<p>3. Flexibiln\u00e1 prev\u00e1dzka: Minim\u00e1lny polomer ot\u00e1\u010dania je len 4616 mm, \u010do umo\u017e\u0148uje HW16DS pracova\u0165 flexibilne v \u00fazkych priestoroch a v\u00fdrazne zvy\u0161uje efektivitu v\u00fdstavby.<\/p>\n<p>4. Minimalizova\u0165 uzemnen\u00fd tlak a prisp\u00f4sobi\u0165 sa r\u00f4znym ter\u00e9nom<\/p>\n<p>W\u00e4hrend des Bauprozesses stellt die Vielfalt des Gel\u00e4ndes hohe Anforderungen an die Anpassungsf\u00e4higkeit der Bulldozer. Der Bodendruck des HW16DS-Bulldozers betr\u00e4gt nur 27 kPa, was deutlich niedriger ist als bei vielen \u00e4hnlichen Produkten. Diese Eigenschaft macht sie zu einem offensichtlichen Vorteil beim Bauen auf weichem Boden oder sumpfigem Gel\u00e4nde, und es ist nicht leicht, im Schlamm stecken zu bleiben, was den reibungslosen Fortschritt des Projekts sicherstellt.<\/p>\n<p><strong>Warum den HW16DS-Bulldozer w\u00e4hlen?<\/strong><\/p>\n<p>Der HW16DS-Bulldozer vereint starke Leistung, hervorragende Gel\u00e4ndeanpassung und effiziente Betriebsleistung und ist damit die beste Wahl f\u00fcr verschiedene Ingenieurprojekte. Ob Stra\u00dfenbau, Erdarbeiten oder Bergbauarbeiten \u2013 der HW16DS bietet die beste L\u00f6sung, damit Sie die Aufgabe reibungslos abschlie\u00dfen.<\/p>\n<p>W\u00e4hlen Sie noch heute den HW16DS-Bulldozer, um Ihre Bauprojekte effizienter und zuverl\u00e4ssiger zu machen. Kontaktieren Sie uns f\u00fcr weitere Informationen und um professionelle Unterst\u00fctzung und Dienstleistungen zu erhalten. W\u00e4hlen Sie HW16DS, um die Baueffizienz zu steigern und die Projektziele zu erreichen!<\/p>","protected":false},"excerpt":{"rendered":"<p>Nennleistung: 131 kW\/1850 U\/min<br \/>\nBetriebsgewicht: 18.000 kg<br \/>\nMotormodell: WD10G178E25<\/p>","protected":false},"featured_media":5056,"comment_status":"open","ping_status":"closed","template":"","meta":{"_acf_changed":false,"_eb_attr":""},"product_brand":[],"product_cat":[30],"product_tag":[],"class_list":{"0":"post-3966","1":"product","2":"type-product","3":"status-publish","4":"has-post-thumbnail","6":"product_cat-all-products","8":"first","9":"instock","10":"shipping-taxable","11":"product-type-simple"},"acf":[],"jetpack_sharing_enabled":true,"_links":{"self":[{"href":"https:\/\/aa7.sk\/de\/wp-json\/wp\/v2\/product\/3966","targetHints":{"allow":["GET"]}}],"collection":[{"href":"https:\/\/aa7.sk\/de\/wp-json\/wp\/v2\/product"}],"about":[{"href":"https:\/\/aa7.sk\/de\/wp-json\/wp\/v2\/types\/product"}],"replies":[{"embeddable":true,"href":"https:\/\/aa7.sk\/de\/wp-json\/wp\/v2\/comments?post=3966"}],"wp:featuredmedia":[{"embeddable":true,"href":"https:\/\/aa7.sk\/de\/wp-json\/wp\/v2\/media\/5056"}],"wp:attachment":[{"href":"https:\/\/aa7.sk\/de\/wp-json\/wp\/v2\/media?parent=3966"}],"wp:term":[{"taxonomy":"product_brand","embeddable":true,"href":"https:\/\/aa7.sk\/de\/wp-json\/wp\/v2\/product_brand?post=3966"},{"taxonomy":"product_cat","embeddable":true,"href":"https:\/\/aa7.sk\/de\/wp-json\/wp\/v2\/product_cat?post=3966"},{"taxonomy":"product_tag","embeddable":true,"href":"https:\/\/aa7.sk\/de\/wp-json\/wp\/v2\/product_tag?post=3966"}],"curies":[{"name":"wp","href":"https:\/\/api.w.org\/{rel}","templated":true}]}}