{"id":4064,"date":"2025-11-19T17:44:36","date_gmt":"2025-11-19T16:44:36","guid":{"rendered":"https:\/\/aa7.sk\/?post_type=product&#038;p=4064"},"modified":"2026-03-20T11:14:06","modified_gmt":"2026-03-20T10:14:06","slug":"milling-and-digging-machine","status":"publish","type":"product","link":"https:\/\/aa7.sk\/de\/product\/milling-and-digging-machine\/","title":{"rendered":"Fr\u00e4s- und Baggermaschine"},"content":{"rendered":"<p>Kanalgrabenbau, Tunnelbau, Spezialfundamentbau, Abriss und Mischung von Sand und Kies, Tagebau im Kohlebau, Tunnelbau und Konturkorrektur, Asphaltbetonbearbeitung, Gesteinpermafrostfr\u00e4sen, Baumwurzelfr\u00e4sen und Stahlindustrie, Forstwirtschaft und andere Baugebiete.<\/p>\n<p><\/p>\n<p>Verschiedene Zubeh\u00f6rteile werden verwendet, um mit unterschiedlichen geologischen Arbeitsbedingungen umzugehen. Wenn Sie spezielles Zubeh\u00f6r ben\u00f6tigen, wenden Sie sich bitte an den Kundenservice, und wir empfehlen Ihnen das passendste Zubeh\u00f6r entsprechend Ihrer aktuellen Situation.<\/p>","protected":false},"excerpt":{"rendered":"<p>Fr\u00e4sgeschwindigkeit: 25~40 m3\/h<br \/>\nFr\u00e4sbereich: Verwittertes Gestein, Tuff, Beton<br \/>\nFr\u00e4stiefe: 50~ 80 cm<\/p>","protected":false},"featured_media":4065,"comment_status":"open","ping_status":"closed","template":"","meta":{"_acf_changed":false,"_eb_attr":""},"product_brand":[],"product_cat":[30,40],"product_tag":[],"class_list":{"0":"post-4064","1":"product","2":"type-product","3":"status-publish","4":"has-post-thumbnail","6":"product_cat-all-products","7":"product_cat-accessories","9":"first","10":"instock","11":"shipping-taxable","12":"product-type-simple"},"acf":[],"jetpack_sharing_enabled":true,"_links":{"self":[{"href":"https:\/\/aa7.sk\/de\/wp-json\/wp\/v2\/product\/4064","targetHints":{"allow":["GET"]}}],"collection":[{"href":"https:\/\/aa7.sk\/de\/wp-json\/wp\/v2\/product"}],"about":[{"href":"https:\/\/aa7.sk\/de\/wp-json\/wp\/v2\/types\/product"}],"replies":[{"embeddable":true,"href":"https:\/\/aa7.sk\/de\/wp-json\/wp\/v2\/comments?post=4064"}],"wp:featuredmedia":[{"embeddable":true,"href":"https:\/\/aa7.sk\/de\/wp-json\/wp\/v2\/media\/4065"}],"wp:attachment":[{"href":"https:\/\/aa7.sk\/de\/wp-json\/wp\/v2\/media?parent=4064"}],"wp:term":[{"taxonomy":"product_brand","embeddable":true,"href":"https:\/\/aa7.sk\/de\/wp-json\/wp\/v2\/product_brand?post=4064"},{"taxonomy":"product_cat","embeddable":true,"href":"https:\/\/aa7.sk\/de\/wp-json\/wp\/v2\/product_cat?post=4064"},{"taxonomy":"product_tag","embeddable":true,"href":"https:\/\/aa7.sk\/de\/wp-json\/wp\/v2\/product_tag?post=4064"}],"curies":[{"name":"wp","href":"https:\/\/api.w.org\/{rel}","templated":true}]}}