{"id":5551,"date":"2026-03-11T17:56:17","date_gmt":"2026-03-11T16:56:17","guid":{"rendered":"https:\/\/aa7.sk\/?post_type=product&#038;p=5551"},"modified":"2026-03-20T11:20:08","modified_gmt":"2026-03-20T10:20:08","slug":"hwsg14-motorovy-grejder","status":"publish","type":"product","link":"https:\/\/aa7.sk\/de\/product\/hwsg14-motorovy-grejder\/","title":{"rendered":"HWSG14 Motorgrader"},"content":{"rendered":"<ol>\n<li>Er ist mit dem Dongfeng Cummins 6BTAA5.9-C150 Dieselmotor ausgestattet, der den Emissionsstandards China-II entspricht. Dieser Motor ist ein Reihenmotor mit Viertakt und Direkteinspritzung, wassergek\u00fchltem, turbogeladenem und mit Ladeluftk\u00fchler. Er ist bekannt f\u00fcr seine kompakte Struktur, stabile Leistung sowie hohe Effizienz und energiesparende F\u00e4higkeiten.<\/li>\n<li>Die bedeutende Drehmomentreserve sorgt f\u00fcr eine konstante Leistungsabgabe auch unter anspruchsvollen Arbeitsbedingungen und erf\u00fcllt alle Ihre betrieblichen Anforderungen<\/li>\n<\/ol>\n<p>\nKontaktieren Sie uns jetzt, um nach dem besten Preis zu fragen.<\/p>","protected":false},"excerpt":{"rendered":"<p><strong>Betriebsgewicht:<\/strong> 11600kg<\/p>\n<p><strong>Nennleistung:<\/strong> 112Kw<\/p>\n<p><strong>Breite der Schaufelklinge:<\/strong> 3660mm<\/p>","protected":false},"featured_media":5552,"comment_status":"open","ping_status":"closed","template":"","meta":{"_acf_changed":false,"_eb_attr":""},"product_brand":[],"product_cat":[41],"product_tag":[415],"class_list":{"0":"post-5551","1":"product","2":"type-product","3":"status-publish","4":"has-post-thumbnail","6":"product_cat-motor-grader","7":"product_tag-motorovy-grejder","9":"first","10":"instock","11":"shipping-taxable","12":"product-type-simple"},"acf":[],"jetpack_sharing_enabled":true,"_links":{"self":[{"href":"https:\/\/aa7.sk\/de\/wp-json\/wp\/v2\/product\/5551","targetHints":{"allow":["GET"]}}],"collection":[{"href":"https:\/\/aa7.sk\/de\/wp-json\/wp\/v2\/product"}],"about":[{"href":"https:\/\/aa7.sk\/de\/wp-json\/wp\/v2\/types\/product"}],"replies":[{"embeddable":true,"href":"https:\/\/aa7.sk\/de\/wp-json\/wp\/v2\/comments?post=5551"}],"wp:featuredmedia":[{"embeddable":true,"href":"https:\/\/aa7.sk\/de\/wp-json\/wp\/v2\/media\/5552"}],"wp:attachment":[{"href":"https:\/\/aa7.sk\/de\/wp-json\/wp\/v2\/media?parent=5551"}],"wp:term":[{"taxonomy":"product_brand","embeddable":true,"href":"https:\/\/aa7.sk\/de\/wp-json\/wp\/v2\/product_brand?post=5551"},{"taxonomy":"product_cat","embeddable":true,"href":"https:\/\/aa7.sk\/de\/wp-json\/wp\/v2\/product_cat?post=5551"},{"taxonomy":"product_tag","embeddable":true,"href":"https:\/\/aa7.sk\/de\/wp-json\/wp\/v2\/product_tag?post=5551"}],"curies":[{"name":"wp","href":"https:\/\/api.w.org\/{rel}","templated":true}]}}