{"id":5553,"date":"2026-03-12T09:23:38","date_gmt":"2026-03-12T08:23:38","guid":{"rendered":"https:\/\/aa7.sk\/?post_type=product&#038;p=5553"},"modified":"2026-03-20T11:20:27","modified_gmt":"2026-03-20T10:20:27","slug":"hwsg16-3-motorovy-grejder","status":"publish","type":"product","link":"https:\/\/aa7.sk\/de\/product\/hwsg16-3-motorovy-grejder\/","title":{"rendered":"HWSG16-3 Motorgrader"},"content":{"rendered":"<ol>\n<li>Ausgestattet mit einem Servoschaltgetriebe mit 6 Vorw\u00e4rts- und 3 R\u00fcckw\u00e4rtsg\u00e4ngen, die elektrohydraulisch gesteuert sind. Dieses Getriebe erm\u00f6glicht die Auswahl des optimalen Gangs basierend auf den Bedingungen der Fahrbahn und sorgt so f\u00fcr die bestm\u00f6gliche \u00dcbereinstimmung zwischen Fahrt und Betrieb.<\/li>\n<li>Die Antriebsachse ist ein integriertes dreisegmentiges Design, intern mit einem importierten NoSpin-Automatik-Automatikdifferenzial. Dieses Design gew\u00e4hrleistet einen stabilen und zuverl\u00e4ssigen Antrieb und bietet eine hervorragende Leistung.<\/li>\n<li>Die Ausgleichsbox erm\u00f6glicht eine 15\u00b0 Winkelschwung in vertikaler Richtung, w\u00e4hrend der schwere Rollenkettenantrieb die Gel\u00e4ndeanpassungsf\u00e4higkeit der Maschine verbessert. Er kann verschiedene Stra\u00dfenverh\u00e4ltnisse effektiv bew\u00e4ltigen und bietet eine stabile Leistung sowie eine starke Antriebskraft.<\/li>\n<\/ol>","protected":false},"excerpt":{"rendered":"<p><strong>Betriebsgewicht:<\/strong> 15100kg<\/p>\n<p><strong>Nennleistung:<\/strong> 118Kw<\/p>\n<p><strong>Breite der Schaufelklinge:<\/strong> 3660mm<\/p>","protected":false},"featured_media":5554,"comment_status":"open","ping_status":"closed","template":"","meta":{"_acf_changed":false,"_eb_attr":""},"product_brand":[],"product_cat":[41],"product_tag":[],"class_list":{"0":"post-5553","1":"product","2":"type-product","3":"status-publish","4":"has-post-thumbnail","6":"product_cat-motor-grader","8":"first","9":"instock","10":"shipping-taxable","11":"product-type-simple"},"acf":[],"jetpack_sharing_enabled":true,"_links":{"self":[{"href":"https:\/\/aa7.sk\/de\/wp-json\/wp\/v2\/product\/5553","targetHints":{"allow":["GET"]}}],"collection":[{"href":"https:\/\/aa7.sk\/de\/wp-json\/wp\/v2\/product"}],"about":[{"href":"https:\/\/aa7.sk\/de\/wp-json\/wp\/v2\/types\/product"}],"replies":[{"embeddable":true,"href":"https:\/\/aa7.sk\/de\/wp-json\/wp\/v2\/comments?post=5553"}],"wp:featuredmedia":[{"embeddable":true,"href":"https:\/\/aa7.sk\/de\/wp-json\/wp\/v2\/media\/5554"}],"wp:attachment":[{"href":"https:\/\/aa7.sk\/de\/wp-json\/wp\/v2\/media?parent=5553"}],"wp:term":[{"taxonomy":"product_brand","embeddable":true,"href":"https:\/\/aa7.sk\/de\/wp-json\/wp\/v2\/product_brand?post=5553"},{"taxonomy":"product_cat","embeddable":true,"href":"https:\/\/aa7.sk\/de\/wp-json\/wp\/v2\/product_cat?post=5553"},{"taxonomy":"product_tag","embeddable":true,"href":"https:\/\/aa7.sk\/de\/wp-json\/wp\/v2\/product_tag?post=5553"}],"curies":[{"name":"wp","href":"https:\/\/api.w.org\/{rel}","templated":true}]}}