{"id":5556,"date":"2026-03-12T10:09:23","date_gmt":"2026-03-12T09:09:23","guid":{"rendered":"https:\/\/aa7.sk\/?post_type=product&#038;p=5556"},"modified":"2026-03-24T10:47:41","modified_gmt":"2026-03-24T09:47:41","slug":"hwsg18-3-motorovy-grejder","status":"publish","type":"product","link":"https:\/\/aa7.sk\/de\/product\/hwsg18-3-motorovy-grejder\/","title":{"rendered":"HWSG18-3 Motorgrader"},"content":{"rendered":"<ol>\n<li>Die Maschine ist mit einem Dongfeng Cummins 6BTAA5.9-C180 Dieselmotor ausgestattet, der Reihenmotor, Viertakt, Direkteinspritzung, wassergek\u00fchlt, turbogeladen und mit Ladeluftk\u00fchlung ausgestattet ist. Dieser Motor erf\u00fcllt die China-II-Emissionsstandards und ist bekannt f\u00fcr seine kompakte Struktur, stabile Leistung sowie hohe Effizienz und Energiesparf\u00e4higkeiten.<\/li>\n<li>Die hohe Drehmomentreserve der Maschine sorgt f\u00fcr eine stabile Leistung auch unter anspruchsvollen Arbeitsbedingungen und erf\u00fcllt alle Ihre Betriebsanforderungen.<\/li>\n<\/ol>\n<p>\nKontaktieren Sie uns jetzt, um nach dem besten Preis zu fragen.<\/p>","protected":false},"excerpt":{"rendered":"<p><strong>Betriebsgewicht:<\/strong> 15700kg<\/p>\n<p><strong>Nennleistung:<\/strong> 132Kw<\/p>\n<p><strong>Breite der Schaufelklinge:<\/strong> 3660\/3965mm<\/p>","protected":false},"featured_media":5557,"comment_status":"open","ping_status":"closed","template":"","meta":{"_acf_changed":false,"_eb_attr":""},"product_brand":[],"product_cat":[41],"product_tag":[],"class_list":{"0":"post-5556","1":"product","2":"type-product","3":"status-publish","4":"has-post-thumbnail","6":"product_cat-motor-grader","8":"first","9":"instock","10":"shipping-taxable","11":"product-type-simple"},"acf":[],"jetpack_sharing_enabled":true,"_links":{"self":[{"href":"https:\/\/aa7.sk\/de\/wp-json\/wp\/v2\/product\/5556","targetHints":{"allow":["GET"]}}],"collection":[{"href":"https:\/\/aa7.sk\/de\/wp-json\/wp\/v2\/product"}],"about":[{"href":"https:\/\/aa7.sk\/de\/wp-json\/wp\/v2\/types\/product"}],"replies":[{"embeddable":true,"href":"https:\/\/aa7.sk\/de\/wp-json\/wp\/v2\/comments?post=5556"}],"wp:featuredmedia":[{"embeddable":true,"href":"https:\/\/aa7.sk\/de\/wp-json\/wp\/v2\/media\/5557"}],"wp:attachment":[{"href":"https:\/\/aa7.sk\/de\/wp-json\/wp\/v2\/media?parent=5556"}],"wp:term":[{"taxonomy":"product_brand","embeddable":true,"href":"https:\/\/aa7.sk\/de\/wp-json\/wp\/v2\/product_brand?post=5556"},{"taxonomy":"product_cat","embeddable":true,"href":"https:\/\/aa7.sk\/de\/wp-json\/wp\/v2\/product_cat?post=5556"},{"taxonomy":"product_tag","embeddable":true,"href":"https:\/\/aa7.sk\/de\/wp-json\/wp\/v2\/product_tag?post=5556"}],"curies":[{"name":"wp","href":"https:\/\/api.w.org\/{rel}","templated":true}]}}