{"id":5560,"date":"2026-03-13T09:13:47","date_gmt":"2026-03-13T08:13:47","guid":{"rendered":"https:\/\/aa7.sk\/?post_type=product&#038;p=5560"},"modified":"2026-03-24T10:44:03","modified_gmt":"2026-03-24T09:44:03","slug":"hwsg21a-3-motorovy-grejder","status":"publish","type":"product","link":"https:\/\/aa7.sk\/de\/product\/hwsg21a-3-motorovy-grejder\/","title":{"rendered":"HWSG21A-3 Motorgrader"},"content":{"rendered":"<ol>\n<li>Die strukturellen Komponenten \u00fcbernehmen die herausragende Qualit\u00e4t der reifen Produkte von Shantui.<\/li>\n<li>Die elektrischen Kabelb\u00e4ume verwenden nahtlose gewellte Rohre und Dekonzentratoren f\u00fcr Verzweigungen und bieten so ein hohes Ma\u00df an Schutz.<\/li>\n<li>Die hinten montierte Batterie, die keine Wartung ben\u00f6tigt, verf\u00fcgt \u00fcber eine hohe Leistungskapazit\u00e4t.<\/li>\n<li>Die wesentlichen elektrischen und hydraulischen Komponenten enthalten importierte Produkte, was eine stabile und zuverl\u00e4ssige Qualit\u00e4t sowie au\u00dfergew\u00f6hnliche Zuverl\u00e4ssigkeit gew\u00e4hrleistet.<\/li>\n<\/ol>","protected":false},"excerpt":{"rendered":"<p><strong>Betriebsgewicht:<\/strong> 16900kg<\/p>\n<p><strong>Nennleistung:<\/strong> 160Kw<\/p>\n<p><strong>Breite der Schaufelklinge:<\/strong> 3660\/3965\/4270mm<\/p>","protected":false},"featured_media":5561,"comment_status":"open","ping_status":"closed","template":"","meta":{"_acf_changed":false,"_eb_attr":""},"product_brand":[],"product_cat":[41],"product_tag":[],"class_list":{"0":"post-5560","1":"product","2":"type-product","3":"status-publish","4":"has-post-thumbnail","6":"product_cat-motor-grader","8":"first","9":"instock","10":"shipping-taxable","11":"product-type-simple"},"acf":[],"jetpack_sharing_enabled":true,"_links":{"self":[{"href":"https:\/\/aa7.sk\/de\/wp-json\/wp\/v2\/product\/5560","targetHints":{"allow":["GET"]}}],"collection":[{"href":"https:\/\/aa7.sk\/de\/wp-json\/wp\/v2\/product"}],"about":[{"href":"https:\/\/aa7.sk\/de\/wp-json\/wp\/v2\/types\/product"}],"replies":[{"embeddable":true,"href":"https:\/\/aa7.sk\/de\/wp-json\/wp\/v2\/comments?post=5560"}],"wp:featuredmedia":[{"embeddable":true,"href":"https:\/\/aa7.sk\/de\/wp-json\/wp\/v2\/media\/5561"}],"wp:attachment":[{"href":"https:\/\/aa7.sk\/de\/wp-json\/wp\/v2\/media?parent=5560"}],"wp:term":[{"taxonomy":"product_brand","embeddable":true,"href":"https:\/\/aa7.sk\/de\/wp-json\/wp\/v2\/product_brand?post=5560"},{"taxonomy":"product_cat","embeddable":true,"href":"https:\/\/aa7.sk\/de\/wp-json\/wp\/v2\/product_cat?post=5560"},{"taxonomy":"product_tag","embeddable":true,"href":"https:\/\/aa7.sk\/de\/wp-json\/wp\/v2\/product_tag?post=5560"}],"curies":[{"name":"wp","href":"https:\/\/api.w.org\/{rel}","templated":true}]}}