{"id":5563,"date":"2026-03-13T09:58:31","date_gmt":"2026-03-13T08:58:31","guid":{"rendered":"https:\/\/aa7.sk\/?post_type=product&#038;p=5563"},"modified":"2026-03-24T10:46:20","modified_gmt":"2026-03-24T09:46:20","slug":"hwsg21-3-motorovy-grejder","status":"publish","type":"product","link":"https:\/\/aa7.sk\/de\/product\/hwsg21-3-motorovy-grejder\/","title":{"rendered":"HWSG21-3 Motorgrader"},"content":{"rendered":"<ol>\n<li>Die Ausr\u00fcstung wird vom Dongfeng Cummins 6CTAA8.3-C215-Motor angetrieben, der den Emissionsstandards der chinesischen Stufe II entspricht. Dieser Reihen-Viertakt-Dieselmotor mit Direkteinspritzung, wassergek\u00fchltem, turbogeladenem und mit Ladeluftk\u00fchlung bietet eine kompakte Struktur, stabile Leistung sowie hohe Effizienz und Energiesparm\u00f6glichkeiten.<\/li>\n<li>Die hohe Drehmomentreserve der Maschine sorgt f\u00fcr eine stabile Leistung auch unter anspruchsvollen Arbeitsbedingungen und erf\u00fcllt alle Ihre Betriebsanforderungen.<\/li>\n<\/ol>","protected":false},"excerpt":{"rendered":"<p><strong>Betriebsgewicht:<\/strong> 16800kg<\/p>\n<p><strong>Nennleistung:<\/strong> 160Kw<\/p>\n<p><strong>Breite der Schaufelklinge:<\/strong> 3660\/3965\/4270mm<\/p>","protected":false},"featured_media":5564,"comment_status":"open","ping_status":"closed","template":"","meta":{"_acf_changed":false,"_eb_attr":""},"product_brand":[],"product_cat":[41],"product_tag":[],"class_list":{"0":"post-5563","1":"product","2":"type-product","3":"status-publish","4":"has-post-thumbnail","6":"product_cat-motor-grader","8":"first","9":"instock","10":"shipping-taxable","11":"product-type-simple"},"acf":[],"jetpack_sharing_enabled":true,"_links":{"self":[{"href":"https:\/\/aa7.sk\/de\/wp-json\/wp\/v2\/product\/5563","targetHints":{"allow":["GET"]}}],"collection":[{"href":"https:\/\/aa7.sk\/de\/wp-json\/wp\/v2\/product"}],"about":[{"href":"https:\/\/aa7.sk\/de\/wp-json\/wp\/v2\/types\/product"}],"replies":[{"embeddable":true,"href":"https:\/\/aa7.sk\/de\/wp-json\/wp\/v2\/comments?post=5563"}],"wp:featuredmedia":[{"embeddable":true,"href":"https:\/\/aa7.sk\/de\/wp-json\/wp\/v2\/media\/5564"}],"wp:attachment":[{"href":"https:\/\/aa7.sk\/de\/wp-json\/wp\/v2\/media?parent=5563"}],"wp:term":[{"taxonomy":"product_brand","embeddable":true,"href":"https:\/\/aa7.sk\/de\/wp-json\/wp\/v2\/product_brand?post=5563"},{"taxonomy":"product_cat","embeddable":true,"href":"https:\/\/aa7.sk\/de\/wp-json\/wp\/v2\/product_cat?post=5563"},{"taxonomy":"product_tag","embeddable":true,"href":"https:\/\/aa7.sk\/de\/wp-json\/wp\/v2\/product_tag?post=5563"}],"curies":[{"name":"wp","href":"https:\/\/api.w.org\/{rel}","templated":true}]}}