{"id":5566,"date":"2026-03-13T10:06:41","date_gmt":"2026-03-13T09:06:41","guid":{"rendered":"https:\/\/aa7.sk\/?post_type=product&#038;p=5566"},"modified":"2026-03-20T11:21:53","modified_gmt":"2026-03-20T10:21:53","slug":"hwsg24-3-motorovy-grejder","status":"publish","type":"product","link":"https:\/\/aa7.sk\/de\/product\/hwsg24-3-motorovy-grejder\/","title":{"rendered":"HWSG24-3 Motorgrader"},"content":{"rendered":"<ol>\n<li>Der hydraulische Stiftziehzylinder erm\u00f6glicht es einem einzelnen Bediener, Drehrahmenoperationen durchzuf\u00fchren, wodurch potenzielle Sicherheitsrisiken eliminiert und die Benutzerfreundlichkeit erleichtert wird.<\/li>\n<li>Die strukturellen Komponenten bewahren die ausgezeichnete Qualit\u00e4t, die in reifen Shantui-Produkten zu finden ist.<\/li>\n<li>Die elektrischen Kabelb\u00e4ume verwenden nahtlose gewellte Rohre und Dekonzentratoren f\u00fcr Verzweigungen und bieten so ein hohes Ma\u00df an Schutz.<\/li>\n<li>Die wartungsfreie Batterie, die sich am Heck der Maschine befindet, hat eine hohe Leistungskapazit\u00e4t.<\/li>\n<li>Die wichtigsten elektrischen und hydraulischen Komponenten stammen von renommierten internationalen Herstellern, was eine stabile und zuverl\u00e4ssige Qualit\u00e4t mit au\u00dfergew\u00f6hnlicher Zuverl\u00e4ssigkeit gew\u00e4hrleistet.<\/li>\n<\/ol>\n<p>\nKontaktieren Sie uns jetzt, um nach dem besten Preis zu fragen.<\/p>","protected":false},"excerpt":{"rendered":"<p><strong>Motorleistung:<\/strong> 176kW\/2200<\/p>\n<p><strong>Gesamtgewicht:<\/strong> 18700kg<\/p>\n<p><strong>Breite der Schaufelklinge:<\/strong> 3965\/4270mm<\/p>","protected":false},"featured_media":5568,"comment_status":"open","ping_status":"closed","template":"","meta":{"_acf_changed":false,"_eb_attr":""},"product_brand":[],"product_cat":[41],"product_tag":[],"class_list":{"0":"post-5566","1":"product","2":"type-product","3":"status-publish","4":"has-post-thumbnail","6":"product_cat-motor-grader","8":"first","9":"instock","10":"shipping-taxable","11":"product-type-simple"},"acf":[],"jetpack_sharing_enabled":true,"_links":{"self":[{"href":"https:\/\/aa7.sk\/de\/wp-json\/wp\/v2\/product\/5566","targetHints":{"allow":["GET"]}}],"collection":[{"href":"https:\/\/aa7.sk\/de\/wp-json\/wp\/v2\/product"}],"about":[{"href":"https:\/\/aa7.sk\/de\/wp-json\/wp\/v2\/types\/product"}],"replies":[{"embeddable":true,"href":"https:\/\/aa7.sk\/de\/wp-json\/wp\/v2\/comments?post=5566"}],"wp:featuredmedia":[{"embeddable":true,"href":"https:\/\/aa7.sk\/de\/wp-json\/wp\/v2\/media\/5568"}],"wp:attachment":[{"href":"https:\/\/aa7.sk\/de\/wp-json\/wp\/v2\/media?parent=5566"}],"wp:term":[{"taxonomy":"product_brand","embeddable":true,"href":"https:\/\/aa7.sk\/de\/wp-json\/wp\/v2\/product_brand?post=5566"},{"taxonomy":"product_cat","embeddable":true,"href":"https:\/\/aa7.sk\/de\/wp-json\/wp\/v2\/product_cat?post=5566"},{"taxonomy":"product_tag","embeddable":true,"href":"https:\/\/aa7.sk\/de\/wp-json\/wp\/v2\/product_tag?post=5566"}],"curies":[{"name":"wp","href":"https:\/\/api.w.org\/{rel}","templated":true}]}}