{"id":5569,"date":"2026-03-13T10:19:09","date_gmt":"2026-03-13T09:19:09","guid":{"rendered":"https:\/\/aa7.sk\/?post_type=product&#038;p=5569"},"modified":"2026-03-23T16:47:53","modified_gmt":"2026-03-23T15:47:53","slug":"hw-30-kolesovy-nakladac","status":"publish","type":"product","link":"https:\/\/aa7.sk\/de\/product\/hw-30-kolesovy-nakladac\/","title":{"rendered":"HW-30 Radlader"},"content":{"rendered":"<p>Der HW-30 ist ein leistungsstarkes Ger\u00e4t, das G\u00fcter schnell und pr\u00e4zise transportiert. Dank seiner robusten Bauweise und des zuverl\u00e4ssigen Motors ist er die ideale Wahl f\u00fcr Bau-, Bergbau-, Landwirtschafts- und Logistikprojekte, bei denen Effizienz und Langlebigkeit im Vordergrund stehen.<\/p>\n<p><\/p>\n<p><strong>Produktvorteile<\/strong><\/p>\n<p>Der HW-30 ist ideal f\u00fcr Branchen, die einen schnellen und effizienten Materialumschlag erfordern, und eignet sich hervorragend f\u00fcr die Be- und Entladung sowie den Transport von G\u00fctern. Mit drei verschiedenen Tragf\u00e4higkeiten und exzellenten Transportkapazit\u00e4ten l\u00e4sst er sich einfach und effizient transportieren und an spezifische Projektanforderungen anpassen.<\/p>\n<p><\/p>\n<p><strong>Vielseitigkeit:<\/strong><\/p>\n<p>Moderne Radlader sind in der Regel mit schnell wechselbaren Arbeitsger\u00e4ten wie Schaufeln, Gabeln, Greifern usw. ausgestattet, um sich an unterschiedliche Einsatzanforderungen anzupassen.<\/p>\n<p><\/p>\n<p><strong>Herausragende Merkmale<\/strong><\/p>\n<ol>\n<li>Leistungsstarker Motor: Ausgestattet mit einem 92 kW Weifang 6102 Kompressormotor garantiert der HW-30 zuverl\u00e4ssige und kontinuierliche Leistung, ideal f\u00fcr intensive Arbeitstage.<\/li>\n<li>Gro\u00dfe Lastkapazit\u00e4t: Der 1,7 m\u00b3 gro\u00dfe Schaufel und die 3-Tonnen-Nennlast erm\u00f6glichen es, bei jeder Operation gro\u00dfe Materialmengen zu handhaben und so die Effizienz zu maximieren.<\/li>\n<li>Hervorragende Auskipph\u00f6he: Der Lader verf\u00fcgt \u00fcber eine Auskipph\u00f6he von bis zu 5300 mm, was das Entladen auf gro\u00dfe Fahrzeuge oder erh\u00f6hte Bereiche erm\u00f6glicht und somit den Arbeitsablauf optimiert.<\/li>\n<li>Einsatzstabilit\u00e4t: Die 2400 mm Breite bietet ein solides und sicheres Fundament, das f\u00fcr einen sicheren Betrieb auf unebenem Gel\u00e4nde geeignet ist.<\/li>\n<\/ol>\n<p><\/p>\n<p><strong>Kompaniest\u00e4rke<\/strong><\/p>\n<ol>\n<li>Umfassende Qualit\u00e4tssicherung: Wir bieten eine umfassende einj\u00e4hrige Garantie und eine sechsmonatige Garantie auf wichtige Komponenten. Durch Video-Versandinspektion und mechanische Pr\u00fcfberichte gew\u00e4hrleisten wir eine transparente und zuverl\u00e4ssige Produktqualit\u00e4t.<\/li>\n<li>Ma\u00dfgeschneiderte L\u00f6sungen: Wir bieten Dienstleistungen an, die auf die spezifischen Bed\u00fcrfnisse unserer Kunden zugeschnitten sind, einschlie\u00dflich der Anpassung nach Zeichnungen und Mustern, um den besonderen Anforderungen verschiedener Anwender gerecht zu werden.<\/li>\n<li>Hochwertiger Kundendienst: Wir bieten schnellen technischen Support, inklusive Video-Tutorials, Online-Kundenservice und kostenloser Lieferung von Zubeh\u00f6r, was die Kundenzufriedenheit erheblich steigert.<\/li>\n<li>Einhaltung internationaler Standards: Hengwang-Produkte haben zahlreiche internationale Qualit\u00e4tszertifizierungen wie CE und ISO bestanden, was sicherstellt, dass die Produkte nicht nur auf dem heimischen Markt gut funktionieren, sondern auch auf dem internationalen Markt wettbewerbsf\u00e4hig sind.<\/li>\n<\/ol>\n<p><\/p>\n<p>Senden Sie jetzt eine Anfrage, um den besten Preis zu erhalten.<\/p>","protected":false},"excerpt":{"rendered":"<p><strong>Nennlast:<\/strong> 3000Kg<\/p>\n<p><strong>Eimerkapazit\u00e4t:<\/strong> 1.7cbm<\/p>\n<p><strong>Nennleistung:<\/strong> 92Kw<\/p>","protected":false},"featured_media":5570,"comment_status":"open","ping_status":"closed","template":"","meta":{"_acf_changed":false,"_eb_attr":""},"product_brand":[],"product_cat":[116,30,33],"product_tag":[],"class_list":{"0":"post-5569","1":"product","2":"type-product","3":"status-publish","4":"has-post-thumbnail","6":"product_cat-kolesovy-nakladac","7":"product_cat-all-products","8":"product_cat-loader","10":"first","11":"instock","12":"shipping-taxable","13":"product-type-simple"},"acf":[],"jetpack_sharing_enabled":true,"_links":{"self":[{"href":"https:\/\/aa7.sk\/de\/wp-json\/wp\/v2\/product\/5569","targetHints":{"allow":["GET"]}}],"collection":[{"href":"https:\/\/aa7.sk\/de\/wp-json\/wp\/v2\/product"}],"about":[{"href":"https:\/\/aa7.sk\/de\/wp-json\/wp\/v2\/types\/product"}],"replies":[{"embeddable":true,"href":"https:\/\/aa7.sk\/de\/wp-json\/wp\/v2\/comments?post=5569"}],"wp:featuredmedia":[{"embeddable":true,"href":"https:\/\/aa7.sk\/de\/wp-json\/wp\/v2\/media\/5570"}],"wp:attachment":[{"href":"https:\/\/aa7.sk\/de\/wp-json\/wp\/v2\/media?parent=5569"}],"wp:term":[{"taxonomy":"product_brand","embeddable":true,"href":"https:\/\/aa7.sk\/de\/wp-json\/wp\/v2\/product_brand?post=5569"},{"taxonomy":"product_cat","embeddable":true,"href":"https:\/\/aa7.sk\/de\/wp-json\/wp\/v2\/product_cat?post=5569"},{"taxonomy":"product_tag","embeddable":true,"href":"https:\/\/aa7.sk\/de\/wp-json\/wp\/v2\/product_tag?post=5569"}],"curies":[{"name":"wp","href":"https:\/\/api.w.org\/{rel}","templated":true}]}}