{"id":5582,"date":"2026-03-13T10:39:16","date_gmt":"2026-03-13T09:39:16","guid":{"rendered":"https:\/\/aa7.sk\/?post_type=product&#038;p=5582"},"modified":"2026-03-23T16:49:45","modified_gmt":"2026-03-23T15:49:45","slug":"hw-50-kolesovy-nakladac","status":"publish","type":"product","link":"https:\/\/aa7.sk\/de\/product\/hw-50-kolesovy-nakladac\/","title":{"rendered":"HW-50 Radlader"},"content":{"rendered":"<p>HW-50 sind schwere Maschinen, die weit verbreitet im Infrastrukturbau wie Bauwesen, Bergbau, Stra\u00dfen und Eisenbahnen eingesetzt werden. Sie werden haupts\u00e4chlich zum Schaufeln, Handhaben und Stapeln verschiedener loser Materialien verwendet (wie Boden, Sand, Kies, Kohle usw.), und manchmal k\u00f6nnen sie auch leichte Ausgrabungen durchf\u00fchren.<\/p>\n<p><\/p>\n<p><strong>Vielseitigkeit:<\/strong><\/p>\n<p>Moderne Lader sind in der Regel mit schnell austauschbaren Arbeitsger\u00e4ten wie Eimern, Gabeln, Greifern usw. ausgestattet, damit sie sich an unterschiedliche Betriebsanforderungen anpassen k\u00f6nnen.<\/p>\n<p><\/p>\n<p><strong>Produktvorteile<\/strong><\/p>\n<ol>\n<li>Starke Hebekraft, hochpositioniertes Entladen, automatische Nivellierung, kurze Arbeitszeit des Ger\u00e4ts und verbesserte Gesamteffizienz der Maschine.<\/li>\n<li>Gas-Top-Oil-Servobremssystem, Bremss\u00e4ttel mit Scheibenbremssattel.<\/li>\n<li>Geteilter Drehmomentwandler, nicht leicht zu beheizen, einfache Wartung.<\/li>\n<li> Vorw\u00e4rts geneigter Frontrahmen, lange Entladestrecke, gro\u00dfe Hebekapazit\u00e4t. Elektronisches Abschalten, automatisches Abschalten, kein Schalter erforderlich.<\/li>\n<li>Das Pilotventil wird hydraulisch betrieben, und die Klimaanlage ist optional.<\/li>\n<\/ol>\n<p><\/p>\n<p><strong>Kompaniest\u00e4rke<\/strong><\/p>\n<ol>\n<li>Umfassende Qualit\u00e4tssicherung: Wir bieten eine umfassende einj\u00e4hrige Garantie und eine sechsmonatige Garantie auf wichtige Komponenten. Durch Video-Versandinspektion und mechanische Pr\u00fcfberichte gew\u00e4hrleisten wir eine transparente und zuverl\u00e4ssige Produktqualit\u00e4t.<\/li>\n<li>Ma\u00dfgeschneiderte L\u00f6sungen: Wir bieten Dienstleistungen an, die auf die spezifischen Bed\u00fcrfnisse unserer Kunden zugeschnitten sind, einschlie\u00dflich der Anpassung nach Zeichnungen und Mustern, um den besonderen Anforderungen verschiedener Anwender gerecht zu werden.<\/li>\n<li>Hochwertiger Kundendienst: Wir bieten schnellen technischen Support, inklusive Video-Tutorials, Online-Kundenservice und kostenloser Lieferung von Zubeh\u00f6r, was die Kundenzufriedenheit erheblich steigert.<\/li>\n<li>Einhaltung internationaler Standards: Hengwang-Produkte haben zahlreiche internationale Qualit\u00e4tszertifizierungen wie CE und ISO bestanden, was sicherstellt, dass die Produkte nicht nur auf dem heimischen Markt gut funktionieren, sondern auch auf dem internationalen Markt wettbewerbsf\u00e4hig sind.<\/li>\n<\/ol>\n<p><\/p>\n<p>Senden Sie jetzt eine Anfrage, um den besten Preis zu erhalten.<\/p>","protected":false},"excerpt":{"rendered":"<p><strong>Nennlast:<\/strong> 5000Kg<\/p>\n<p><strong>Eimerkapazit\u00e4t:<\/strong> 3cbm<\/p>\n<p><strong>Nennleistung:<\/strong> 162Kw<\/p>","protected":false},"featured_media":5583,"comment_status":"open","ping_status":"closed","template":"","meta":{"_acf_changed":false,"_eb_attr":""},"product_brand":[],"product_cat":[30,33,116],"product_tag":[],"class_list":{"0":"post-5582","1":"product","2":"type-product","3":"status-publish","4":"has-post-thumbnail","6":"product_cat-all-products","7":"product_cat-loader","8":"product_cat-kolesovy-nakladac","10":"first","11":"instock","12":"shipping-taxable","13":"product-type-simple"},"acf":[],"jetpack_sharing_enabled":true,"_links":{"self":[{"href":"https:\/\/aa7.sk\/de\/wp-json\/wp\/v2\/product\/5582","targetHints":{"allow":["GET"]}}],"collection":[{"href":"https:\/\/aa7.sk\/de\/wp-json\/wp\/v2\/product"}],"about":[{"href":"https:\/\/aa7.sk\/de\/wp-json\/wp\/v2\/types\/product"}],"replies":[{"embeddable":true,"href":"https:\/\/aa7.sk\/de\/wp-json\/wp\/v2\/comments?post=5582"}],"wp:featuredmedia":[{"embeddable":true,"href":"https:\/\/aa7.sk\/de\/wp-json\/wp\/v2\/media\/5583"}],"wp:attachment":[{"href":"https:\/\/aa7.sk\/de\/wp-json\/wp\/v2\/media?parent=5582"}],"wp:term":[{"taxonomy":"product_brand","embeddable":true,"href":"https:\/\/aa7.sk\/de\/wp-json\/wp\/v2\/product_brand?post=5582"},{"taxonomy":"product_cat","embeddable":true,"href":"https:\/\/aa7.sk\/de\/wp-json\/wp\/v2\/product_cat?post=5582"},{"taxonomy":"product_tag","embeddable":true,"href":"https:\/\/aa7.sk\/de\/wp-json\/wp\/v2\/product_tag?post=5582"}],"curies":[{"name":"wp","href":"https:\/\/api.w.org\/{rel}","templated":true}]}}