{"id":5589,"date":"2026-03-13T10:53:28","date_gmt":"2026-03-13T09:53:28","guid":{"rendered":"https:\/\/aa7.sk\/?post_type=product&#038;p=5589"},"modified":"2026-03-23T16:50:51","modified_gmt":"2026-03-23T15:50:51","slug":"zl916-kolesovy-nakladac","status":"publish","type":"product","link":"https:\/\/aa7.sk\/de\/product\/zl916-kolesovy-nakladac\/","title":{"rendered":"ZL916 Radlader"},"content":{"rendered":"<p>Der ZL916-Lader wird h\u00e4ufig im Infrastrukturbau wie im Bauwesen, Bergbau, Stra\u00dfen und Eisenbahnen eingesetzt.<\/p>\n<p>Es wird haupts\u00e4chlich zum Schaufeln, Bewegen und Stapeln verschiedener loser Materialien (wie Boden, Sand, Kies, Kohle usw.) verwendet und f\u00fchrt manchmal auch leichte Ausgrabungen durch.<\/p>\n<p><\/p>\n<p><strong>Vielseitigkeit:<\/strong><\/p>\n<p>Moderne Lader sind in der Regel mit schnell austauschbaren Arbeitsger\u00e4ten wie Schaufeln, Gabeln, Greifern usw. ausgestattet, um sich an unterschiedliche Betriebsanforderungen anzupassen.<\/p>\n<p><\/p>\n<p><strong>Kompaniest\u00e4rke<\/strong><\/p>\n<ol>\n<li>Umfassende Qualit\u00e4tssicherung: Wir bieten eine umfassende einj\u00e4hrige Garantie und eine sechsmonatige Garantie f\u00fcr Kernkomponenten und gew\u00e4hrleisten gleichzeitig transparente und zuverl\u00e4ssige Produktqualit\u00e4t durch Video-Versandinspektionen und mechanische Testberichte.<\/li>\n<li>Ma\u00dfgeschneiderte L\u00f6sungen: Wir bieten Dienstleistungen an, die auf die spezifischen Bed\u00fcrfnisse unserer Kunden zugeschnitten sind, einschlie\u00dflich der Anpassung nach Zeichnungen und Mustern, um den besonderen Anforderungen verschiedener Anwender gerecht zu werden.<\/li>\n<li>Hochwertiger After-Sales-Service: Schnelle technische Unterst\u00fctzung bieten, einschlie\u00dflich Videoanleitungen, Online-Kundenservice usw., und kostenlose Zubeh\u00f6rlieferdienste bieten, was die Kundenzufriedenheit erheblich verbessert.<\/li>\n<li>Einhaltung internationaler Standards: Hengwang-Produkte haben viele internationale Qualit\u00e4tszertifikate wie CE und ISO bestanden, was sicherstellt, dass die Produkte nicht nur auf dem Inlandsmarkt gut abschneiden, sondern auch international wettbewerbsf\u00e4hig sind.<\/li>\n<\/ol>","protected":false},"excerpt":{"rendered":"<p><strong>Nennlast:<\/strong> 600kg<\/p>\n<p><strong>Eimerkapazit\u00e4t:<\/strong> 0.3m3<\/p>\n<p><strong>Leistung:<\/strong> 18.4kw<\/p>","protected":false},"featured_media":5590,"comment_status":"open","ping_status":"closed","template":"","meta":{"_acf_changed":false,"_eb_attr":""},"product_brand":[],"product_cat":[30,33,116],"product_tag":[],"class_list":{"0":"post-5589","1":"product","2":"type-product","3":"status-publish","4":"has-post-thumbnail","6":"product_cat-all-products","7":"product_cat-loader","8":"product_cat-kolesovy-nakladac","10":"first","11":"instock","12":"shipping-taxable","13":"product-type-simple"},"acf":[],"jetpack_sharing_enabled":true,"_links":{"self":[{"href":"https:\/\/aa7.sk\/de\/wp-json\/wp\/v2\/product\/5589","targetHints":{"allow":["GET"]}}],"collection":[{"href":"https:\/\/aa7.sk\/de\/wp-json\/wp\/v2\/product"}],"about":[{"href":"https:\/\/aa7.sk\/de\/wp-json\/wp\/v2\/types\/product"}],"replies":[{"embeddable":true,"href":"https:\/\/aa7.sk\/de\/wp-json\/wp\/v2\/comments?post=5589"}],"wp:featuredmedia":[{"embeddable":true,"href":"https:\/\/aa7.sk\/de\/wp-json\/wp\/v2\/media\/5590"}],"wp:attachment":[{"href":"https:\/\/aa7.sk\/de\/wp-json\/wp\/v2\/media?parent=5589"}],"wp:term":[{"taxonomy":"product_brand","embeddable":true,"href":"https:\/\/aa7.sk\/de\/wp-json\/wp\/v2\/product_brand?post=5589"},{"taxonomy":"product_cat","embeddable":true,"href":"https:\/\/aa7.sk\/de\/wp-json\/wp\/v2\/product_cat?post=5589"},{"taxonomy":"product_tag","embeddable":true,"href":"https:\/\/aa7.sk\/de\/wp-json\/wp\/v2\/product_tag?post=5589"}],"curies":[{"name":"wp","href":"https:\/\/api.w.org\/{rel}","templated":true}]}}