{"id":5620,"date":"2026-03-13T11:31:56","date_gmt":"2026-03-13T10:31:56","guid":{"rendered":"https:\/\/aa7.sk\/?post_type=product&#038;p=5620"},"modified":"2026-03-20T09:09:20","modified_gmt":"2026-03-20T08:09:20","slug":"zl928-kolesovy-nakladac","status":"publish","type":"product","link":"https:\/\/aa7.sk\/de\/product\/zl928-kolesovy-nakladac\/","title":{"rendered":"ZL928 Radlader"},"content":{"rendered":"<p>ZL928 sind schwere Maschinen, die weit verbreitet im Infrastrukturbau wie Bauwesen, Bergbau, Stra\u00dfen und Eisenbahnen eingesetzt werden.<\/p>\n<p>Pou\u017e\u00edvaj\u00fa sa najm\u00e4 na nakladanie, manipul\u00e1ciu a stohovanie r\u00f4znych sypk\u00fdch materi\u00e1lov (ako je zemina, piesok, \u0161trk, uhlie at\u010f.) a niekedy m\u00f4\u017eu vykon\u00e1va\u0165 aj \u013eahk\u00e9 v\u00fdkopov\u00e9<br \/>\npr\u00e1ce.<\/p>\n<p><\/p>\n<p><strong>Vielseitigkeit:<\/strong><\/p>\n<p>Moderne Lader sind in der Regel mit schnell austauschbaren Arbeitsger\u00e4ten wie Schaufeln, Gabeln, Greifern usw. ausgestattet, um sich an unterschiedliche Betriebsanforderungen anzupassen.<\/p>\n<p><\/p>\n<div style=\"margin-bottom: 25px !important;\">\n        <b style=\"font-size: 16px !important; display: block; margin-bottom: 10px !important;\">Produktvorteile<\/b><br \/>\n<\/p>\n<div style=\"margin-bottom: 10px !important;\">\n            <strong>Leistung und Effizienz:<\/strong><\/p>\n<div style=\"padding-left: 20px !important;\">\n                Starke Hebekraft, hochpositioniertes Entladen, automatische Nivellierung, kurze Arbeitszeit des Ger\u00e4ts und verbesserte Gesamteffizienz der Maschine.\n            <\/div>\n<\/p><\/div>\n<div style=\"margin-bottom: 10px !important;\">\n            <strong>Bremssystem<\/strong><\/p>\n<div style=\"padding-left: 20px !important;\">\n                Gas-Top-Oil-Servobremssystem, Bremss\u00e4ttel mit Scheibenbremssattel.\n            <\/div>\n<\/p><\/div>\n<div style=\"margin-bottom: 10px !important;\">\n            <strong>Drehmomentwandler:<\/strong><\/p>\n<div style=\"padding-left: 20px !important;\">\n                Geteilter Drehmomentwandler, nicht leicht zu beheizen, einfache Wartung.\n            <\/div>\n<\/p><\/div>\n<div style=\"margin-bottom: 10px !important;\">\n            <strong>Rahmenkonstruktion und -steuerung:<\/strong><\/p>\n<div style=\"padding-left: 20px !important;\">\n                Vorw\u00e4rts geneigter Frontrahmen, lange Entladestrecke, gro\u00dfe Hebekapazit\u00e4t. Elektronisches Abschalten, automatisches Abschalten, kein Schalter erforderlich.\n            <\/div>\n<\/p><\/div>\n<div style=\"margin-bottom: 10px !important;\">\n            <strong>Hydraulik und Komfort:<\/strong><\/p>\n<div style=\"padding-left: 20px !important;\">\n                Das Pilotventil wird hydraulisch betrieben, und die Klimaanlage ist optional.\n            <\/div>\n<\/p><\/div>\n<\/p><\/div>\n<div style=\"margin-bottom: 10px !important;\">\n        <b style=\"font-size: 16px !important; display: block; margin-bottom: 10px !important;\">Kompaniest\u00e4rke<\/b><\/p>\n<div style=\"margin-bottom: 10px !important;\">\n            <strong>Umfassende Qualit\u00e4tssicherung:<\/strong><\/p>\n<div style=\"padding-left: 20px !important;\">\n                Wir bieten eine umfassende einj\u00e4hrige Garantie und eine sechsmonatige Garantie f\u00fcr Kernkomponenten und stellen gleichzeitig transparente und zuverl\u00e4ssige Produktqualit\u00e4t durch Video-Versandinspektionen und mechanische Testberichte sicher.\n            <\/div>\n<\/p><\/div>\n<div style=\"margin-bottom: 10px !important;\">\n            <strong>Ma\u00dfgeschneiderte L\u00f6sungen:<\/strong><\/p>\n<div style=\"padding-left: 20px !important;\">\n                Bieten ma\u00dfgeschneiderte Dienstleistungen entsprechend den kundenspezifischen Bed\u00fcrfnissen an, einschlie\u00dflich Zeichnungen und Proben, um den besonderen Anforderungen verschiedener Nutzer gerecht zu werden.\n            <\/div>\n<\/p><\/div>\n<div style=\"margin-bottom: 10px !important;\">\n            <strong>Hochwertiger Kundendienst:<\/strong><\/p>\n<div style=\"padding-left: 20px !important;\">\n                Schnelle technische Unterst\u00fctzung bieten, einschlie\u00dflich Videoanleitungen, Online-Kundenservice usw., und kostenlose Zubeh\u00f6rlieferdienste bieten, was die Kundenzufriedenheit erheblich verbessert.\n            <\/div>\n<\/p><\/div>\n<div style=\"margin-bottom: 10px !important;\">\n            <strong>Einhaltung internationaler Standards:<\/strong><\/p>\n<div style=\"padding-left: 20px !important;\">\n                Hengwang-Produkte haben eine Reihe internationaler Qualit\u00e4tszertifikate wie CE und ISO bestanden, was sicherstellt, dass die Produkte nicht nur auf dem Inlandsmarkt gut abschneiden, sondern auch auf dem internationalen Markt wettbewerbsf\u00e4hig sind.\n            <\/div>\n<\/p><\/div>\n<\/p><\/div>\n<\/div>","protected":false},"excerpt":{"rendered":"<p><strong>Nennlast:<\/strong> 800Kg<\/p>\n<p><strong>Eimerkapazit\u00e4t:<\/strong> 0.3cbm<\/p>\n<p><strong>Nennleistung:<\/strong> 42Kw<\/p>","protected":false},"featured_media":5621,"comment_status":"open","ping_status":"closed","template":"","meta":{"_acf_changed":false,"_eb_attr":""},"product_brand":[],"product_cat":[30,33,116],"product_tag":[],"class_list":{"0":"post-5620","1":"product","2":"type-product","3":"status-publish","4":"has-post-thumbnail","6":"product_cat-all-products","7":"product_cat-loader","8":"product_cat-kolesovy-nakladac","10":"first","11":"instock","12":"shipping-taxable","13":"product-type-simple"},"acf":[],"jetpack_sharing_enabled":true,"_links":{"self":[{"href":"https:\/\/aa7.sk\/de\/wp-json\/wp\/v2\/product\/5620","targetHints":{"allow":["GET"]}}],"collection":[{"href":"https:\/\/aa7.sk\/de\/wp-json\/wp\/v2\/product"}],"about":[{"href":"https:\/\/aa7.sk\/de\/wp-json\/wp\/v2\/types\/product"}],"replies":[{"embeddable":true,"href":"https:\/\/aa7.sk\/de\/wp-json\/wp\/v2\/comments?post=5620"}],"wp:featuredmedia":[{"embeddable":true,"href":"https:\/\/aa7.sk\/de\/wp-json\/wp\/v2\/media\/5621"}],"wp:attachment":[{"href":"https:\/\/aa7.sk\/de\/wp-json\/wp\/v2\/media?parent=5620"}],"wp:term":[{"taxonomy":"product_brand","embeddable":true,"href":"https:\/\/aa7.sk\/de\/wp-json\/wp\/v2\/product_brand?post=5620"},{"taxonomy":"product_cat","embeddable":true,"href":"https:\/\/aa7.sk\/de\/wp-json\/wp\/v2\/product_cat?post=5620"},{"taxonomy":"product_tag","embeddable":true,"href":"https:\/\/aa7.sk\/de\/wp-json\/wp\/v2\/product_tag?post=5620"}],"curies":[{"name":"wp","href":"https:\/\/api.w.org\/{rel}","templated":true}]}}