{"id":5628,"date":"2026-03-13T11:39:54","date_gmt":"2026-03-13T10:39:54","guid":{"rendered":"https:\/\/aa7.sk\/?post_type=product&#038;p=5628"},"modified":"2026-03-23T17:01:36","modified_gmt":"2026-03-23T16:01:36","slug":"zl930-kolesovy-nakladac","status":"publish","type":"product","link":"https:\/\/aa7.sk\/de\/product\/zl930-kolesovy-nakladac\/","title":{"rendered":"ZL930 Radlader"},"content":{"rendered":"<p>ZL930 sind schwere Maschinen, die weit verbreitet im Infrastrukturbau wie Bauwesen, Bergbau, Stra\u00dfen und Eisenbahnen eingesetzt werden.<\/p>\n<p>Sie werden haupts\u00e4chlich zum Schaufeln, Handhaben und Stapeln verschiedener loser Materialien verwendet (wie Boden, Sand, Kies, Kohle usw.), und manchmal k\u00f6nnen sie auch leichte Ausgrabungen durchf\u00fchren.<\/p>\n<p><\/p>\n<p><strong>Vielseitigkeit:<\/strong><\/p>\n<p>Moderne Lader sind in der Regel mit schnell austauschbaren Arbeitsger\u00e4ten wie Schaufeln, Gabeln, Greifern usw. ausgestattet, um sich an unterschiedliche Betriebsanforderungen anzupassen.<\/p>\n<p><\/p>\n<div>\n<p><strong>Produktvorteile<\/strong><\/p>\n<p> 1. Starke Hebekraft, hochpositioniertes Entladen, automatische Nivellierung, kurze Arbeitszeit des Ger\u00e4ts und verbesserte Gesamteffizienz der Maschine.<br \/>\n2. Gas-Top-Oil-Servobremssystem, Bremss\u00e4ttel mit Scheibenbremssattel.<br \/>\n3. Geteilter Drehmomentwandler, nicht leicht zu beheizen, einfache Wartung.<br \/>\n4. Vorw\u00e4rts geneigter Frontrahmen, lange Entladestrecke, gro\u00dfe Hebekapazit\u00e4t. Elektronisches Abschalten, automatisches Abschalten, kein Schalter erforderlich.<br \/>\n5. Das Pilotventil wird hydraulisch betrieben, und die Klimaanlage ist optional.<\/p>\n<\/div>\n<div style=\"margin-bottom: 10px !important;\">\n        <b style=\"font-size: 16px !important; display: block; margin-bottom: 10px !important;\">Kompaniest\u00e4rke<\/b><\/p>\n<div style=\"margin-bottom: 10px !important;\">\n            <strong>Umfassende Qualit\u00e4tssicherung:<\/strong><\/p>\n<div style=\"padding-left: 20px !important;\">\n                Wir bieten eine umfassende einj\u00e4hrige Garantie und eine sechsmonatige Garantie f\u00fcr Kernkomponenten und stellen gleichzeitig transparente und zuverl\u00e4ssige Produktqualit\u00e4t durch Video-Versandinspektionen und mechanische Testberichte sicher.\n            <\/div>\n<\/p><\/div>\n<div style=\"margin-bottom: 10px !important;\">\n            <strong>Ma\u00dfgeschneiderte L\u00f6sungen:<\/strong><\/p>\n<div style=\"padding-left: 20px !important;\">\n                Bieten ma\u00dfgeschneiderte Dienstleistungen entsprechend den kundenspezifischen Bed\u00fcrfnissen an, einschlie\u00dflich Zeichnungen und Proben, um den besonderen Anforderungen verschiedener Nutzer gerecht zu werden.\n            <\/div>\n<\/p><\/div>\n<div style=\"margin-bottom: 10px !important;\">\n            <strong>Hochwertiger Kundendienst:<\/strong><\/p>\n<div style=\"padding-left: 20px !important;\">\n                Schnelle technische Unterst\u00fctzung bieten, einschlie\u00dflich Videoanleitungen, Online-Kundenservice usw., und kostenlose Zubeh\u00f6rlieferdienste bieten, was die Kundenzufriedenheit erheblich verbessert.\n            <\/div>\n<\/p><\/div>\n<div style=\"margin-bottom: 10px !important;\">\n            <strong>Einhaltung internationaler Standards:<\/strong><\/p>\n<div style=\"padding-left: 20px !important;\">\n                Hengwang-Produkte haben eine Reihe internationaler Qualit\u00e4tszertifikate wie CE und ISO bestanden, was sicherstellt, dass die Produkte nicht nur auf dem Inlandsmarkt gut abschneiden, sondern auch auf dem internationalen Markt wettbewerbsf\u00e4hig sind.\n            <\/div>\n<\/p><\/div>\n<\/p><\/div>\n<\/div>","protected":false},"excerpt":{"rendered":"<p><strong>Nennlast:<\/strong> 1200Kg<\/p>\n<p><strong>Eimerkapazit\u00e4t:<\/strong> 0.6cbm<\/p>\n<p><strong>Nennleistung:<\/strong> 42Kw<\/p>","protected":false},"featured_media":5629,"comment_status":"open","ping_status":"closed","template":"","meta":{"_acf_changed":false,"_eb_attr":""},"product_brand":[],"product_cat":[30,33,116],"product_tag":[],"class_list":{"0":"post-5628","1":"product","2":"type-product","3":"status-publish","4":"has-post-thumbnail","6":"product_cat-all-products","7":"product_cat-loader","8":"product_cat-kolesovy-nakladac","10":"first","11":"instock","12":"shipping-taxable","13":"product-type-simple"},"acf":[],"jetpack_sharing_enabled":true,"_links":{"self":[{"href":"https:\/\/aa7.sk\/de\/wp-json\/wp\/v2\/product\/5628","targetHints":{"allow":["GET"]}}],"collection":[{"href":"https:\/\/aa7.sk\/de\/wp-json\/wp\/v2\/product"}],"about":[{"href":"https:\/\/aa7.sk\/de\/wp-json\/wp\/v2\/types\/product"}],"replies":[{"embeddable":true,"href":"https:\/\/aa7.sk\/de\/wp-json\/wp\/v2\/comments?post=5628"}],"wp:featuredmedia":[{"embeddable":true,"href":"https:\/\/aa7.sk\/de\/wp-json\/wp\/v2\/media\/5629"}],"wp:attachment":[{"href":"https:\/\/aa7.sk\/de\/wp-json\/wp\/v2\/media?parent=5628"}],"wp:term":[{"taxonomy":"product_brand","embeddable":true,"href":"https:\/\/aa7.sk\/de\/wp-json\/wp\/v2\/product_brand?post=5628"},{"taxonomy":"product_cat","embeddable":true,"href":"https:\/\/aa7.sk\/de\/wp-json\/wp\/v2\/product_cat?post=5628"},{"taxonomy":"product_tag","embeddable":true,"href":"https:\/\/aa7.sk\/de\/wp-json\/wp\/v2\/product_tag?post=5628"}],"curies":[{"name":"wp","href":"https:\/\/api.w.org\/{rel}","templated":true}]}}