{"id":5659,"date":"2026-03-13T13:18:29","date_gmt":"2026-03-13T12:18:29","guid":{"rendered":"https:\/\/aa7.sk\/?post_type=product&#038;p=5659"},"modified":"2026-03-25T09:45:52","modified_gmt":"2026-03-25T08:45:52","slug":"zl940-kolesovy-nakladac","status":"publish","type":"product","link":"https:\/\/aa7.sk\/de\/product\/zl940-kolesovy-nakladac\/","title":{"rendered":"ZL940 Radlader"},"content":{"rendered":"<p>Der ZL940 ist ein neu entworfenes, kosteng\u00fcnstiges Modell, das sich f\u00fcr Massenmengen eignet.<\/p>\n<p>Er wird weit verbreitet in H\u00e4fen, Baustellen, Sand- und Kiesanlagen, Holzpl\u00e4tzen und anderen Baustellen eingesetzt.<\/p>\n<p><\/p>\n<p><strong>Vielseitigkeit:<\/strong><\/p>\n<p>Moderne Radlader sind in der Regel mit schnell wechselbaren Arbeitsger\u00e4ten wie Schaufeln, Gabeln, Greifern usw. ausgestattet, um sich an unterschiedliche Einsatzanforderungen anzupassen.<\/p>\n<p><\/p>\n<p><strong>Hauptmerkmale:<\/strong><\/p>\n<ol>\n<li>Das hydraulisch betriebene Lenksystem ist einfach zu bedienen, flexibel, effizient und energiesparend.<\/li>\n<li>Ausgestattet mit geteiltem Getriebe, stabile Leistung, hohe Zuverl\u00e4ssigkeit, mit vier G\u00e4ngen vorne und weiteren vier hinten, leicht zu bedienen und flexibel; mit aufger\u00fcsteter verst\u00e4rkter Antriebsachse, deren Lebensdauer um mehr als 20 % verl\u00e4ngert wurde.<\/li>\n<li>Ausgestattet mit einem neuen Motor, der leistungsstark, zuverl\u00e4ssig, pr\u00e4zise Steuerung, volle Verbrennung, gro\u00dfe Leistungsreserve, niedriger Kraftstoffverbrauch und umfassende Energieeinsparung von mehr als 5 % bietet.<\/li>\n<\/ol>\n<p><\/p>\n<div style=\"margin-bottom: 10px !important;\">\n        <b style=\"font-size: 16px !important; display: block; margin-bottom: 10px !important;\">Kompaniest\u00e4rke<\/b><\/p>\n<div style=\"margin-bottom: 10px !important;\">\n            <strong>Umfassende Qualit\u00e4tssicherung:<\/strong><\/p>\n<div style=\"padding-left: 20px !important;\">\n                Wir bieten eine umfassende einj\u00e4hrige Garantie und eine sechsmonatige Garantie f\u00fcr Kernkomponenten und stellen gleichzeitig transparente und zuverl\u00e4ssige Produktqualit\u00e4t durch Video-Versandinspektionen und mechanische Testberichte sicher.\n            <\/div>\n<\/p><\/div>\n<div style=\"margin-bottom: 10px !important;\">\n            <strong>Ma\u00dfgeschneiderte L\u00f6sungen:<\/strong><\/p>\n<div style=\"padding-left: 20px !important;\">\n                Bieten ma\u00dfgeschneiderte Dienstleistungen entsprechend den kundenspezifischen Bed\u00fcrfnissen an, einschlie\u00dflich Zeichnungen und Proben, um den besonderen Anforderungen verschiedener Nutzer gerecht zu werden.\n            <\/div>\n<\/p><\/div>\n<div style=\"margin-bottom: 10px !important;\">\n            <strong>Hochwertiger Kundendienst:<\/strong><\/p>\n<div style=\"padding-left: 20px !important;\">\n                Schnelle technische Unterst\u00fctzung bieten, einschlie\u00dflich Videoanleitungen, Online-Kundenservice usw., und kostenlose Zubeh\u00f6rlieferdienste bieten, was die Kundenzufriedenheit erheblich verbessert.\n            <\/div>\n<\/p><\/div>\n<div style=\"margin-bottom: 10px !important;\">\n            <strong>Einhaltung internationaler Standards:<\/strong><\/p>\n<div style=\"padding-left: 20px !important;\">\n                Hengwang-Produkte haben eine Reihe internationaler Qualit\u00e4tszertifikate wie CE und ISO bestanden, was sicherstellt, dass die Produkte nicht nur auf dem Inlandsmarkt gut abschneiden, sondern auch auf dem internationalen Markt wettbewerbsf\u00e4hig sind.\n            <\/div>\n<\/p><\/div>\n<\/p><\/div>\n<\/div>","protected":false},"excerpt":{"rendered":"<p><strong>Nennlast:<\/strong> 2000Kg<\/p>\n<p><strong>Eimerkapazit\u00e4t:<\/strong> 1.2cbm<\/p>\n<p><strong>Nennleistung:<\/strong> 88Kw<\/p>","protected":false},"featured_media":5661,"comment_status":"open","ping_status":"closed","template":"","meta":{"_acf_changed":false,"_eb_attr":""},"product_brand":[],"product_cat":[30,33,116],"product_tag":[],"class_list":{"0":"post-5659","1":"product","2":"type-product","3":"status-publish","4":"has-post-thumbnail","6":"product_cat-all-products","7":"product_cat-loader","8":"product_cat-kolesovy-nakladac","10":"first","11":"instock","12":"shipping-taxable","13":"product-type-simple"},"acf":[],"jetpack_sharing_enabled":true,"_links":{"self":[{"href":"https:\/\/aa7.sk\/de\/wp-json\/wp\/v2\/product\/5659","targetHints":{"allow":["GET"]}}],"collection":[{"href":"https:\/\/aa7.sk\/de\/wp-json\/wp\/v2\/product"}],"about":[{"href":"https:\/\/aa7.sk\/de\/wp-json\/wp\/v2\/types\/product"}],"replies":[{"embeddable":true,"href":"https:\/\/aa7.sk\/de\/wp-json\/wp\/v2\/comments?post=5659"}],"wp:featuredmedia":[{"embeddable":true,"href":"https:\/\/aa7.sk\/de\/wp-json\/wp\/v2\/media\/5661"}],"wp:attachment":[{"href":"https:\/\/aa7.sk\/de\/wp-json\/wp\/v2\/media?parent=5659"}],"wp:term":[{"taxonomy":"product_brand","embeddable":true,"href":"https:\/\/aa7.sk\/de\/wp-json\/wp\/v2\/product_brand?post=5659"},{"taxonomy":"product_cat","embeddable":true,"href":"https:\/\/aa7.sk\/de\/wp-json\/wp\/v2\/product_cat?post=5659"},{"taxonomy":"product_tag","embeddable":true,"href":"https:\/\/aa7.sk\/de\/wp-json\/wp\/v2\/product_tag?post=5659"}],"curies":[{"name":"wp","href":"https:\/\/api.w.org\/{rel}","templated":true}]}}