{"id":5677,"date":"2026-03-13T13:42:27","date_gmt":"2026-03-13T12:42:27","guid":{"rendered":"https:\/\/aa7.sk\/?post_type=product&#038;p=5677"},"modified":"2026-03-25T10:13:36","modified_gmt":"2026-03-25T09:13:36","slug":"hw-s360-nakladac-so-smykovym-riadenim","status":"publish","type":"product","link":"https:\/\/aa7.sk\/de\/product\/hw-s360-nakladac-so-smykovym-riadenim\/","title":{"rendered":"HW-S360 Kompaktlader"},"content":{"rendered":"<div style=\"font-family: Arial, sans-serif !important; color: #808080 !important; line-height: 1.3 !important; text-align: left !important; width: 100%; font-size: 15px !important;\">\n<div style=\"margin-bottom: 25px !important;\">\n        <b style=\"font-size: 16px !important; display: block; margin-bottom: 8px !important;\">Merkmale<\/b><\/p>\n<div style=\"margin-bottom: 10px !important;\">\n            <strong>Hervorragende Leistung:<\/strong><\/p>\n<div style=\"padding-left: 20px !important;\">\n                Mit einem fortschrittlichen Stromsystem und pr\u00e4ziser Steuerungstechnik ausgestattet, sorgt der kleine Kompaktlader f\u00fcr hervorragende Leistung unter verschiedenen Arbeitsbedingungen.\n            <\/div>\n<\/p><\/div>\n<div style=\"margin-bottom: 10px !important;\">\n            <strong>Kompaktes Design:<\/strong><\/p>\n<div style=\"padding-left: 20px !important;\">\n                Das schlanke Design erm\u00f6glicht es, dass der kleine Kompaktlader in engen R\u00e4umen reibungslos arbeitet und so die Arbeitseffizienz verbessert.\n            <\/div>\n<\/p><\/div>\n<div style=\"margin-bottom: 10px !important;\">\n            <strong>Vielseitigkeit:<\/strong><\/p>\n<div style=\"padding-left: 20px !important;\">\n                Nicht nur f\u00fcr Erdbewegungsprojekte geeignet, sondern auch in der Lage, verschiedene Aufgaben wie Materialhandhabung sowie Be- und Entladen zu bew\u00e4ltigen, was sie zu einer vielseitigen L\u00f6sung macht, die Zeit und Kosten spart.\n            <\/div>\n<\/p><\/div>\n<div style=\"margin-bottom: 10px !important;\">\n            <strong>Kraftstoffeffizienz:<\/strong><\/p>\n<div style=\"padding-left: 20px !important;\">\n                Ein fortschrittliches Kraftstoffmanagementsystem sorgt f\u00fcr hohe Effizienz und senkt den Kraftstoffverbrauch, wodurch Betriebskosten f\u00fcr die Nutzer gespart werden.\n            <\/div>\n<\/p><\/div>\n<div style=\"margin-bottom: 10px !important;\">\n            <strong>Benutzerfreundliches Design:<\/strong><\/p>\n<div style=\"padding-left: 20px !important;\">\n                Einfach zu bedienen, mit einer ger\u00e4umigen und komfortablen Kabine, die die Erm\u00fcdung des Bedieners reduziert und die Arbeitseffizienz erh\u00f6ht.\n            <\/div>\n<\/p><\/div>\n<\/p><\/div>\n<div style=\"margin-bottom: 10px !important;\">\n        <b style=\"font-size: 16px !important; display: block; margin-bottom: 8px !important;\">Anwendbarkeit:<\/b><\/p>\n<div style=\"margin-bottom: 10px !important;\">\n            <strong>Baustellen:<\/strong><\/p>\n<div style=\"padding-left: 20px !important;\">\n                Der kleine Kompaktlader kann sich flexibel an verschiedene betriebliche Anforderungen auf Baustellen anpassen und so die Gesamteffizienz steigern.\n            <\/div>\n<\/p><\/div>\n<div style=\"margin-bottom: 10px !important;\">\n            <strong>Landwirtschaftlicher Sektor:<\/strong><\/p>\n<div style=\"padding-left: 20px !important;\">\n                Geeignet f\u00fcr mehrere landwirtschaftliche Szenarien, einschlie\u00dflich Materialhandhabung auf Bauernh\u00f6fen und Landangleichung, was zur landwirtschaftlichen Produktivit\u00e4t beitr\u00e4gt.\n            <\/div>\n<\/p><\/div>\n<div style=\"margin-bottom: 10px !important;\">\n            <strong>Lagerung und Logistik:<\/strong><\/p>\n<div style=\"padding-left: 20px !important;\">\n                Das kompakte Design erm\u00f6glicht eine einfache Bewegung in Lagern und Logistikzentren f\u00fcr effiziente Frachtabfertigung und -stapelung und verbessert die Lagereffizienz.\n            <\/div>\n<\/p><\/div>\n<div style=\"margin-bottom: 10px !important;\">\n            <strong>St\u00e4dtische Instandhaltung:<\/strong><\/p>\n<div style=\"padding-left: 20px !important;\">\n                Sein kompaktes Design macht es bequem f\u00fcr Reinigungs- und Wartungsarbeiten auf st\u00e4dtischen Stra\u00dfen und Wohngebieten und unterst\u00fctzt so ein effektives st\u00e4dtisches Management.\n            <\/div>\n<\/p><\/div>\n<div style=\"margin-bottom: 10px !important;\">\n            <strong>Umweltsanierung:<\/strong><\/p>\n<div style=\"padding-left: 20px !important;\">\n                Bei Umweltsanierungsprojekten f\u00fchrt der kleine Kompaktlader effizient Erdbewegungsarbeiten und die R\u00e4umung von M\u00fcll durch und tr\u00e4gt so zur Umweltverbesserung bei.\n            <\/div>\n<\/p><\/div>\n<\/p><\/div>\n<\/div>","protected":false},"excerpt":{"rendered":"<p><strong>Betriebsgewicht:<\/strong> 900 kg<\/p>\n<p><strong>Eimerkapazit\u00e4t:<\/strong> 0.12 m\u00b3<\/p>\n<p><strong>Nennleistung:<\/strong> 13.5 kW<\/p>","protected":false},"featured_media":5671,"comment_status":"open","ping_status":"closed","template":"","meta":{"_acf_changed":false,"_eb_attr":""},"product_brand":[],"product_cat":[30,33,117],"product_tag":[],"class_list":{"0":"post-5677","1":"product","2":"type-product","3":"status-publish","4":"has-post-thumbnail","6":"product_cat-all-products","7":"product_cat-loader","8":"product_cat-nakladac-s-riadenim","10":"first","11":"instock","12":"shipping-taxable","13":"product-type-simple"},"acf":[],"jetpack_sharing_enabled":true,"_links":{"self":[{"href":"https:\/\/aa7.sk\/de\/wp-json\/wp\/v2\/product\/5677","targetHints":{"allow":["GET"]}}],"collection":[{"href":"https:\/\/aa7.sk\/de\/wp-json\/wp\/v2\/product"}],"about":[{"href":"https:\/\/aa7.sk\/de\/wp-json\/wp\/v2\/types\/product"}],"replies":[{"embeddable":true,"href":"https:\/\/aa7.sk\/de\/wp-json\/wp\/v2\/comments?post=5677"}],"wp:featuredmedia":[{"embeddable":true,"href":"https:\/\/aa7.sk\/de\/wp-json\/wp\/v2\/media\/5671"}],"wp:attachment":[{"href":"https:\/\/aa7.sk\/de\/wp-json\/wp\/v2\/media?parent=5677"}],"wp:term":[{"taxonomy":"product_brand","embeddable":true,"href":"https:\/\/aa7.sk\/de\/wp-json\/wp\/v2\/product_brand?post=5677"},{"taxonomy":"product_cat","embeddable":true,"href":"https:\/\/aa7.sk\/de\/wp-json\/wp\/v2\/product_cat?post=5677"},{"taxonomy":"product_tag","embeddable":true,"href":"https:\/\/aa7.sk\/de\/wp-json\/wp\/v2\/product_tag?post=5677"}],"curies":[{"name":"wp","href":"https:\/\/api.w.org\/{rel}","templated":true}]}}