{"id":5699,"date":"2026-03-13T14:10:34","date_gmt":"2026-03-13T13:10:34","guid":{"rendered":"https:\/\/aa7.sk\/?post_type=product&#038;p=5699"},"modified":"2026-03-25T10:40:11","modified_gmt":"2026-03-25T09:40:11","slug":"hw-jc60g-nakladac-so-smykom","status":"publish","type":"product","link":"https:\/\/aa7.sk\/de\/product\/hw-jc60g-nakladac-so-smykom\/","title":{"rendered":"HW-JC60G Kompaktlader"},"content":{"rendered":"<p><strong>HW-JC60G Kompaktlader<\/strong><\/p>\n<p><\/p>\n<li>Skid Steer Loader, auch als Skid Steers, Mehrzweckfahrzeuge und Mehrzweck-Ingenieurmaschinen bezeichnet, sind spezialisierte Radfahrgestellvorrichtungen, die die Steuerung von Fahrzeugen durch Nutzung des Geschwindigkeitsunterschieds zwischen ihren beiden R\u00e4dern erm\u00f6glichen. Sie werden haupts\u00e4chlich auf kompakten Baustellen mit unebenen Oberfl\u00e4chen und h\u00e4ufig wechselnden Aufgaben eingesetzt.\n<\/li>\n<p><\/p>\n<li>Diese Lader eignen sich hervorragend f\u00fcr verschiedene Anwendungen, darunter Infrastrukturbau, industrielle Betriebe, Dockabfertigung, st\u00e4dtische Stra\u00dfen, Wohngeb\u00e4ude, Scheunen und Flughafenbahnen. Zus\u00e4tzlich k\u00f6nnen sie als Hilfsausr\u00fcstung f\u00fcr gro\u00dffl\u00e4chige Baumaschinen dienen.\n<\/li>\n<p>&nbsp;<\/p>","protected":false},"excerpt":{"rendered":"<p><strong>Nennlast:<\/strong> 850 kg<\/p>\n<p><strong>Eimerkapazit\u00e4t:<\/strong> 0,4CBM<\/p>\n<p><strong>Nennleistung:<\/strong> 45 kW<\/p>","protected":false},"featured_media":5701,"comment_status":"open","ping_status":"closed","template":"","meta":{"_acf_changed":false,"_eb_attr":""},"product_brand":[],"product_cat":[30,33,117],"product_tag":[],"class_list":{"0":"post-5699","1":"product","2":"type-product","3":"status-publish","4":"has-post-thumbnail","6":"product_cat-all-products","7":"product_cat-loader","8":"product_cat-nakladac-s-riadenim","10":"first","11":"instock","12":"shipping-taxable","13":"product-type-simple"},"acf":[],"jetpack_sharing_enabled":true,"_links":{"self":[{"href":"https:\/\/aa7.sk\/de\/wp-json\/wp\/v2\/product\/5699","targetHints":{"allow":["GET"]}}],"collection":[{"href":"https:\/\/aa7.sk\/de\/wp-json\/wp\/v2\/product"}],"about":[{"href":"https:\/\/aa7.sk\/de\/wp-json\/wp\/v2\/types\/product"}],"replies":[{"embeddable":true,"href":"https:\/\/aa7.sk\/de\/wp-json\/wp\/v2\/comments?post=5699"}],"wp:featuredmedia":[{"embeddable":true,"href":"https:\/\/aa7.sk\/de\/wp-json\/wp\/v2\/media\/5701"}],"wp:attachment":[{"href":"https:\/\/aa7.sk\/de\/wp-json\/wp\/v2\/media?parent=5699"}],"wp:term":[{"taxonomy":"product_brand","embeddable":true,"href":"https:\/\/aa7.sk\/de\/wp-json\/wp\/v2\/product_brand?post=5699"},{"taxonomy":"product_cat","embeddable":true,"href":"https:\/\/aa7.sk\/de\/wp-json\/wp\/v2\/product_cat?post=5699"},{"taxonomy":"product_tag","embeddable":true,"href":"https:\/\/aa7.sk\/de\/wp-json\/wp\/v2\/product_tag?post=5699"}],"curies":[{"name":"wp","href":"https:\/\/api.w.org\/{rel}","templated":true}]}}