{"id":5707,"date":"2026-03-13T14:50:04","date_gmt":"2026-03-13T13:50:04","guid":{"rendered":"https:\/\/aa7.sk\/?post_type=product&#038;p=5707"},"modified":"2026-03-18T09:47:45","modified_gmt":"2026-03-18T08:47:45","slug":"hw1500-teleskopicky-nabijac","status":"publish","type":"product","link":"https:\/\/aa7.sk\/de\/product\/hw1500-teleskopicky-nabijac\/","title":{"rendered":"HW1500 Teleskoplader"},"content":{"rendered":"<p> Serienm\u00e4\u00dfiger Helm mit Z\u00e4hnen, Allradantrieb, vollhydraulisches Drehmomentwandlergetriebe, Yunnei 37kW Motor, Isuzu-Antriebsachse, 240-Getriebe, Vierlenker-Mechanik-Pilot, Einhandbedienung, vorne und hinten verstellbares luxuri\u00f6ses LCD-Instrumentenpanel, sicher mit + R\u00fcckenlehne + Armlehnen nach oben und unten verstellbar + Sitz verstellbar vorne und hinten, luxuri\u00f6se Innenkabine mit Fensterhammer\/Feuerl\u00f6scher\/LED-Licht\/Heizung\/Warnlicht\/Ventilator\/gro\u00dfe Reflexion, 240 Getriebe, Fern- und Abblendlicht, Vierecken-Blinker, Zeitschaltuhr, Dieselanzeige, 220V externe Vorheizung, 20,5\/70-16 Fischgr\u00e4treifen, Schnellwechselger\u00e4t. <\/p>","protected":false},"excerpt":{"rendered":"<p><strong>Nennlast:<\/strong> 4200 kg<\/p>\n<p><strong>Eimerkapazit\u00e4t:<\/strong> 0,65 m\u00b3<\/p>\n<p><strong>Nennleistung:<\/strong> 42 kW<\/p>","protected":false},"featured_media":5708,"comment_status":"open","ping_status":"closed","template":"","meta":{"_acf_changed":false,"_eb_attr":""},"product_brand":[],"product_cat":[30,33,118],"product_tag":[],"class_list":{"0":"post-5707","1":"product","2":"type-product","3":"status-publish","4":"has-post-thumbnail","6":"product_cat-all-products","7":"product_cat-loader","8":"product_cat-teleskopicky-nabijac","10":"first","11":"instock","12":"shipping-taxable","13":"product-type-simple"},"acf":[],"jetpack_sharing_enabled":true,"_links":{"self":[{"href":"https:\/\/aa7.sk\/de\/wp-json\/wp\/v2\/product\/5707","targetHints":{"allow":["GET"]}}],"collection":[{"href":"https:\/\/aa7.sk\/de\/wp-json\/wp\/v2\/product"}],"about":[{"href":"https:\/\/aa7.sk\/de\/wp-json\/wp\/v2\/types\/product"}],"replies":[{"embeddable":true,"href":"https:\/\/aa7.sk\/de\/wp-json\/wp\/v2\/comments?post=5707"}],"wp:featuredmedia":[{"embeddable":true,"href":"https:\/\/aa7.sk\/de\/wp-json\/wp\/v2\/media\/5708"}],"wp:attachment":[{"href":"https:\/\/aa7.sk\/de\/wp-json\/wp\/v2\/media?parent=5707"}],"wp:term":[{"taxonomy":"product_brand","embeddable":true,"href":"https:\/\/aa7.sk\/de\/wp-json\/wp\/v2\/product_brand?post=5707"},{"taxonomy":"product_cat","embeddable":true,"href":"https:\/\/aa7.sk\/de\/wp-json\/wp\/v2\/product_cat?post=5707"},{"taxonomy":"product_tag","embeddable":true,"href":"https:\/\/aa7.sk\/de\/wp-json\/wp\/v2\/product_tag?post=5707"}],"curies":[{"name":"wp","href":"https:\/\/api.w.org\/{rel}","templated":true}]}}