{"id":5713,"date":"2026-03-13T15:12:05","date_gmt":"2026-03-13T14:12:05","guid":{"rendered":"https:\/\/aa7.sk\/?post_type=product&#038;p=5713"},"modified":"2026-03-18T09:47:22","modified_gmt":"2026-03-18T08:47:22","slug":"hw2000-teleskopicky-nabijac","status":"publish","type":"product","link":"https:\/\/aa7.sk\/de\/product\/hw2000-teleskopicky-nabijac\/","title":{"rendered":"HW2000 Teleskoplader"},"content":{"rendered":"<p> Der Teleskopladeer HW2000 kann 4,3 m erreichen, was seine Arbeitsfl\u00e4che erheblich erh\u00f6ht. (Schnellwechsel) Option: Holzgabel, Rohr, Palettengabel, Grasgabel, Steineimer, gr\u00f6\u00dferer Eimer, Schneeeimer, Mischeimer usw. Hunderte von Zubeh\u00f6rteilen entsprechen den Bed\u00fcrfnissen verschiedener Kunden. <\/p>","protected":false},"excerpt":{"rendered":"<p><strong>Nennlast:<\/strong> 2000 kg<\/p>\n<p><strong>Eimerkapazit\u00e4t:<\/strong> 0,65 m\u00b3<\/p>\n<p><strong>Nennleistung:<\/strong> 65 kW<\/p>","protected":false},"featured_media":5714,"comment_status":"open","ping_status":"closed","template":"","meta":{"_acf_changed":false,"_eb_attr":""},"product_brand":[],"product_cat":[30,33,118],"product_tag":[],"class_list":{"0":"post-5713","1":"product","2":"type-product","3":"status-publish","4":"has-post-thumbnail","6":"product_cat-all-products","7":"product_cat-loader","8":"product_cat-teleskopicky-nabijac","10":"first","11":"instock","12":"shipping-taxable","13":"product-type-simple"},"acf":[],"jetpack_sharing_enabled":true,"_links":{"self":[{"href":"https:\/\/aa7.sk\/de\/wp-json\/wp\/v2\/product\/5713","targetHints":{"allow":["GET"]}}],"collection":[{"href":"https:\/\/aa7.sk\/de\/wp-json\/wp\/v2\/product"}],"about":[{"href":"https:\/\/aa7.sk\/de\/wp-json\/wp\/v2\/types\/product"}],"replies":[{"embeddable":true,"href":"https:\/\/aa7.sk\/de\/wp-json\/wp\/v2\/comments?post=5713"}],"wp:featuredmedia":[{"embeddable":true,"href":"https:\/\/aa7.sk\/de\/wp-json\/wp\/v2\/media\/5714"}],"wp:attachment":[{"href":"https:\/\/aa7.sk\/de\/wp-json\/wp\/v2\/media?parent=5713"}],"wp:term":[{"taxonomy":"product_brand","embeddable":true,"href":"https:\/\/aa7.sk\/de\/wp-json\/wp\/v2\/product_brand?post=5713"},{"taxonomy":"product_cat","embeddable":true,"href":"https:\/\/aa7.sk\/de\/wp-json\/wp\/v2\/product_cat?post=5713"},{"taxonomy":"product_tag","embeddable":true,"href":"https:\/\/aa7.sk\/de\/wp-json\/wp\/v2\/product_tag?post=5713"}],"curies":[{"name":"wp","href":"https:\/\/api.w.org\/{rel}","templated":true}]}}