{"id":5736,"date":"2026-03-13T15:46:38","date_gmt":"2026-03-13T14:46:38","guid":{"rendered":"https:\/\/aa7.sk\/?post_type=product&#038;p=5736"},"modified":"2026-03-20T09:03:26","modified_gmt":"2026-03-20T08:03:26","slug":"hw3500-teleskopicky-nabijac","status":"publish","type":"product","link":"https:\/\/aa7.sk\/de\/product\/hw3500-teleskopicky-nabijac\/","title":{"rendered":"HW3500 Teleskoplader"},"content":{"rendered":"<div style=\"margin-bottom: 15px !important;\">\n        <strong>Bemerkenswerter Arbeitsbereich:<\/strong><\/p>\n<div style=\"padding-left: 20px !important;\">\n            Der teleskopische Ausleger mit einer Reichweite von 6 Metern erweitert seinen Arbeitsumfang erheblich und erm\u00f6glicht es Ihnen, eine Vielzahl von Aufgaben m\u00fchelos zu erledigen.\n        <\/div>\n<\/p><\/div>\n<div style=\"margin-bottom: 15px !important;\">\n        <strong>Leistungsstarkes und agiles Design:<\/strong><\/p>\n<div style=\"padding-left: 20px !important;\">\n            Die Gelenkstruktur und das Achsengetriebe tragen zu seiner Leistung und \u00fcberlegenen Durchf\u00fchrungsf\u00e4higkeit bei und machen es so gut geeignet, sich in unterschiedlichen Gel\u00e4nden zu bewegen.\n        <\/div>\n<\/p><\/div>\n<div style=\"margin-bottom: 15px !important;\">\n        <strong>Zuverl\u00e4ssigkeit mit Auslandsqualit\u00e4t:<\/strong><\/p>\n<div style=\"padding-left: 20px !important;\">\n            Die Dichtungen, Ventile und der Joystick-Griff stammen von renommierten ausl\u00e4ndischen Herstellern, was eine zuverl\u00e4ssige und langlebige Maschine gew\u00e4hrleistet.\n        <\/div>\n<\/p><\/div>\n<div style=\"margin-bottom: 15px !important;\">\n        <strong>Komfortabler Betrieb:<\/strong><\/p>\n<div style=\"padding-left: 20px !important;\">\n            Ein verstellbarer Federsitz und optionale Klimaanlage erh\u00f6hen den Komfort des Bedieners und machen verl\u00e4ngerte Betriebssitzungen angenehmer.\n        <\/div>\n<\/p><\/div>\n<div style=\"margin-bottom: 15px !important;\">\n        <strong>Bequemer und sicherer Betrieb:<\/strong><\/p>\n<div style=\"padding-left: 20px !important;\">\n            Die Weitsichtkabine und die doppelten Eing\u00e4nge sorgen f\u00fcr Komfort und Sicherheit w\u00e4hrend des Betriebs und bieten den Bedienern optimale Sicht.\n        <\/div>\n<\/p><\/div>\n<div style=\"margin-bottom: 15px !important;\">\n        <strong>Einfache und bequeme Bedienung:<\/strong><\/p>\n<div style=\"padding-left: 20px !important;\">\n            Das Schnellkupplungssystem, der mechanische Joystick und die benutzerfreundlichen Tasten vereinfachen die Bedienung und machen sie sowohl einfach als auch bequem.\n        <\/div>\n<\/p><\/div>\n<div style=\"margin-bottom: 10px !important;\">\n        <strong>Vereinfachte Wartung:<\/strong><\/p>\n<div style=\"padding-left: 20px !important;\">\n            Die hintere Abdeckung l\u00e4sst sich leicht als ganzes Teil von Hand \u00f6ffnen, was die Wartungsverfahren vereinfacht und die Ausfallzeiten minimiert.\n        <\/div>\n<\/p><\/div>\n<\/div>","protected":false},"excerpt":{"rendered":"<p><strong>Nennlast:<\/strong> 3500 kg<\/p>\n<p><strong>Eimerkapazit\u00e4t:<\/strong> 1,7 m\u00b3<\/p>\n<p><strong>Nennleistung:<\/strong> 92 kW<\/p>","protected":false},"featured_media":5737,"comment_status":"open","ping_status":"closed","template":"","meta":{"_acf_changed":false,"_eb_attr":""},"product_brand":[],"product_cat":[30,33,118],"product_tag":[],"class_list":{"0":"post-5736","1":"product","2":"type-product","3":"status-publish","4":"has-post-thumbnail","6":"product_cat-all-products","7":"product_cat-loader","8":"product_cat-teleskopicky-nabijac","10":"first","11":"instock","12":"shipping-taxable","13":"product-type-simple"},"acf":[],"jetpack_sharing_enabled":true,"_links":{"self":[{"href":"https:\/\/aa7.sk\/de\/wp-json\/wp\/v2\/product\/5736","targetHints":{"allow":["GET"]}}],"collection":[{"href":"https:\/\/aa7.sk\/de\/wp-json\/wp\/v2\/product"}],"about":[{"href":"https:\/\/aa7.sk\/de\/wp-json\/wp\/v2\/types\/product"}],"replies":[{"embeddable":true,"href":"https:\/\/aa7.sk\/de\/wp-json\/wp\/v2\/comments?post=5736"}],"wp:featuredmedia":[{"embeddable":true,"href":"https:\/\/aa7.sk\/de\/wp-json\/wp\/v2\/media\/5737"}],"wp:attachment":[{"href":"https:\/\/aa7.sk\/de\/wp-json\/wp\/v2\/media?parent=5736"}],"wp:term":[{"taxonomy":"product_brand","embeddable":true,"href":"https:\/\/aa7.sk\/de\/wp-json\/wp\/v2\/product_brand?post=5736"},{"taxonomy":"product_cat","embeddable":true,"href":"https:\/\/aa7.sk\/de\/wp-json\/wp\/v2\/product_cat?post=5736"},{"taxonomy":"product_tag","embeddable":true,"href":"https:\/\/aa7.sk\/de\/wp-json\/wp\/v2\/product_tag?post=5736"}],"curies":[{"name":"wp","href":"https:\/\/api.w.org\/{rel}","templated":true}]}}