{"id":5762,"date":"2026-03-15T10:34:50","date_gmt":"2026-03-15T09:34:50","guid":{"rendered":"https:\/\/aa7.sk\/?post_type=product&#038;p=5762"},"modified":"2026-03-20T09:59:58","modified_gmt":"2026-03-20T08:59:58","slug":"elektricky-vysokozdvizny-vozik-hw1-5t","status":"publish","type":"product","link":"https:\/\/aa7.sk\/de\/product\/elektricky-vysokozdvizny-vozik-hw1-5t\/","title":{"rendered":"Elektrick\u00fd vysokozdvi\u017en\u00fd voz\u00edk HW1.5T"},"content":{"rendered":"<p><strong>Hauptmerkmale:<\/strong><\/p>\n<div style=\"margin-bottom: 15px !important;\">\n        <strong>Kompaktn\u00e1 a flexibiln\u00e1 prev\u00e1dzka:<\/strong><\/p>\n<div style=\"padding-left: 20px !important;\">\n            Na\u0161e vysokozdvi\u017en\u00e9 voz\u00edky maj\u00fa kompaktn\u00fa kon\u0161trukciu, ktor\u00e1 umo\u017e\u0148uje vo\u013en\u00fa a flexibiln\u00fa prev\u00e1dzku v mal\u00fdch priestoroch. Oper\u00e1tori sa tak m\u00f4\u017eu efekt\u00edvne pohybova\u0165 v stiesnen\u00fdch pracovn\u00fdch z\u00f3nach, \u010do maximalizuje produktivitu a v\u0161estrannos\u0165.\n        <\/div>\n<\/p><\/div>\n<div style=\"margin-bottom: 15px !important;\">\n        <strong>Ergonomick\u00fd dizajn pre \u00faspornej\u0161iu obsluhu:<\/strong><\/p>\n<div style=\"padding-left: 20px !important;\">\n            Ergonomick\u00fd dizajn na\u0161ich vysokozdvi\u017en\u00fdch voz\u00edkov uprednost\u0148uje pohodlie oper\u00e1tora a zni\u017euje fyzick\u00fa n\u00e1mahu po\u010das pr\u00e1ce. T\u00fdm sa nielen zlep\u0161uje pracovn\u00fd komfort, ale aj celkov\u00e1 produktivita v\u010faka men\u0161ej \u00fanave a efekt\u00edvnej\u0161ej manipul\u00e1cii s materi\u00e1lom.\n        <\/div>\n<\/p><\/div>\n<div style=\"margin-bottom: 15px !important;\">\n        <strong>Lep\u0161\u00ed v\u00fdh\u013ead pre vy\u0161\u0161iu efektivitu a bezpe\u010dnos\u0165:<\/strong><\/p>\n<div style=\"padding-left: 20px !important;\">\n            Na\u0161e vysokozdvi\u017en\u00e9 voz\u00edky s\u00fa navrhnut\u00e9 tak, aby poskytovali obsluhe dobr\u00e9 zorn\u00e9 pole a lep\u0161\u00ed preh\u013ead o pracovnom prostred\u00ed. To zvy\u0161uje efektivitu pr\u00e1ce, umo\u017e\u0148uje presnej\u0161ie man\u00e9vrovanie a z\u00e1rove\u0148 pom\u00e1ha udr\u017eiava\u0165 bezpe\u010dn\u00e9 pracovn\u00e9 podmienky.\n        <\/div>\n<\/p><\/div>\n<div style=\"margin-bottom: 10px !important;\">\n        <strong>Ekologick\u00fd elektrick\u00fd pohon:<\/strong><\/p>\n<div style=\"padding-left: 20px !important;\">\n            Pon\u00fakame elektrick\u00e9 vysokozdvi\u017en\u00e9 voz\u00edky, ktor\u00e9 s\u00fa ekologickej\u0161ie v porovnan\u00ed s tradi\u010dn\u00fdmi modelmi so spa\u013eovac\u00edm motorom. Vyu\u017e\u00edvanie elektrickej energie pom\u00e1ha zni\u017eova\u0165 emisie uhl\u00edka a prispieva k \u010distej\u0161iemu a ekologickej\u0161iemu pracovn\u00e9mu prostrediu.\n        <\/div>\n<\/p><\/div>\n<\/div>","protected":false},"excerpt":{"rendered":"<p><strong>Maxim\u00e1lne zdvihov\u00e9 za\u0165a\u017eenie:<\/strong> 1,5 t<\/p>\n<p><strong>Maxim\u00e1lna v\u00fd\u0161ka zdvihu:<\/strong> 3 m<\/p>\n<p><strong>Lifth\u00f6he:<\/strong> Sitzend<\/p>","protected":false},"featured_media":5763,"comment_status":"open","ping_status":"closed","template":"","meta":{"_acf_changed":false,"_eb_attr":""},"product_brand":[],"product_cat":[30,34,120],"product_tag":[],"class_list":{"0":"post-5762","1":"product","2":"type-product","3":"status-publish","4":"has-post-thumbnail","6":"product_cat-all-products","7":"product_cat-forklift","8":"product_cat-elektricky-vysokozdvizny-vozik","10":"first","11":"instock","12":"shipping-taxable","13":"product-type-simple"},"acf":[],"jetpack_sharing_enabled":true,"_links":{"self":[{"href":"https:\/\/aa7.sk\/de\/wp-json\/wp\/v2\/product\/5762","targetHints":{"allow":["GET"]}}],"collection":[{"href":"https:\/\/aa7.sk\/de\/wp-json\/wp\/v2\/product"}],"about":[{"href":"https:\/\/aa7.sk\/de\/wp-json\/wp\/v2\/types\/product"}],"replies":[{"embeddable":true,"href":"https:\/\/aa7.sk\/de\/wp-json\/wp\/v2\/comments?post=5762"}],"wp:featuredmedia":[{"embeddable":true,"href":"https:\/\/aa7.sk\/de\/wp-json\/wp\/v2\/media\/5763"}],"wp:attachment":[{"href":"https:\/\/aa7.sk\/de\/wp-json\/wp\/v2\/media?parent=5762"}],"wp:term":[{"taxonomy":"product_brand","embeddable":true,"href":"https:\/\/aa7.sk\/de\/wp-json\/wp\/v2\/product_brand?post=5762"},{"taxonomy":"product_cat","embeddable":true,"href":"https:\/\/aa7.sk\/de\/wp-json\/wp\/v2\/product_cat?post=5762"},{"taxonomy":"product_tag","embeddable":true,"href":"https:\/\/aa7.sk\/de\/wp-json\/wp\/v2\/product_tag?post=5762"}],"curies":[{"name":"wp","href":"https:\/\/api.w.org\/{rel}","templated":true}]}}