{"id":5784,"date":"2026-03-15T12:38:15","date_gmt":"2026-03-15T11:38:15","guid":{"rendered":"https:\/\/aa7.sk\/?post_type=product&#038;p=5784"},"modified":"2026-03-23T17:34:33","modified_gmt":"2026-03-23T16:34:33","slug":"poloelektricky-stohovac","status":"publish","type":"product","link":"https:\/\/aa7.sk\/de\/product\/poloelektricky-stohovac\/","title":{"rendered":"Poloelektrick\u00fd stohova\u010d"},"content":{"rendered":"<p> Poloelektrick\u00fd stohova\u010d je rie\u0161en\u00edm, ktor\u00e9 \u0161etr\u00ed pr\u00e1cu pri skladan\u00ed. Pon\u00faka v\u00fdhodu pohybu v \u00fazkych priestoroch a je \u013eahko prenosn\u00fd.<\/p>\n<p><\/p>\n<p><strong>Wichtige Merkmale:<\/strong><\/p>\n<div style=\"margin-bottom: 15px !important;\">\n        <strong>Funkcia parkovacieho no\u017en\u00e9ho brzdenia:<\/strong><\/p>\n<div style=\"padding-left: 20px !important;\">\n            Stoh je vybaven\u00fd parkovacou no\u017enou brzdou, ktor\u00e1 poskytuje stabilitu a bezpe\u010dnos\u0165 po\u010das skladania. Brzda zabezpe\u010duje, \u017ee stacker zost\u00e1va bezpe\u010dne na mieste, ke\u010f sa nepou\u017e\u00edva.\n        <\/div>\n<\/p><\/div>\n<div style=\"margin-bottom: 15px !important;\">\n        <strong>Pohon re\u0165azov\u00fdm riaden\u00edm:<\/strong><\/p>\n<div style=\"padding-left: 20px !important;\">\n            Stacker obsahuje pohon re\u0165azov\u00e9ho riadenia, ktor\u00fd umo\u017e\u0148uje plynul\u00fa a presn\u00fa man\u00e9vrovate\u013enos\u0165. Tento dizajn umo\u017e\u0148uje jednoduch\u00fa orient\u00e1ciu, najm\u00e4 v \u00fazkych priestoroch, kde v\u00e4\u010d\u0161ie zariadenia nemusia by\u0165 vhodn\u00e9.\n        <\/div>\n<\/p><\/div>\n<div style=\"margin-bottom: 15px !important;\">\n        <strong>Vysokofrekven\u010dn\u00e1 inteligentn\u00e1 nab\u00edja\u010dka: <\/strong><\/p>\n<div style=\"padding-left: 20px !important;\">\n            Stacker je vybaven\u00fd vysokofrekven\u010dnou inteligentnou nab\u00edja\u010dkou, ktor\u00e1 optimalizuje proces nab\u00edjania. T\u00e1to funkcia zabezpe\u010duje efekt\u00edvne nab\u00edjanie, predl\u017euje v\u00fddr\u017e bat\u00e9rie a skracuje \u010das nab\u00edjania, \u010d\u00edm zvy\u0161uje celkov\u00fa produktivitu.\n        <\/div>\n<\/p><\/div>\n<div style=\"margin-bottom: 10px !important;\">\n        <strong>Nastavite\u013en\u00e1 ramenn\u00e1 vidlica:<\/strong><\/p>\n<div style=\"padding-left: 20px !important;\">\n            Stohova\u010d je vybaven\u00fd nastavite\u013enou n\u00e1lo\u017enou vidlicou, ktor\u00e1 poskytuje flexibilitu pre r\u00f4zne ve\u013ekosti n\u00e1kladu. T\u00e1to funkcia umo\u017e\u0148uje oper\u00e1torom prisp\u00f4sobi\u0165 polohu vidlice tak, aby vyhovovala r\u00f4znym ve\u013ekostiam paliet, \u010d\u00edm sa zvy\u0161uje efektivita a v\u0161estrannos\u0165 pri skladan\u00ed.\n        <\/div>\n<\/p><\/div>\n<\/div>","protected":false},"excerpt":{"rendered":"<p><strong>Maxim\u00e1lne zdvihov\u00e9 za\u0165a\u017eenie:<\/strong> 2 t<\/p>\n<p><strong>Maxim\u00e1lna v\u00fd\u0161ka zdvihu:<\/strong> 3500 mm<\/p>\n<p><strong>Lifth\u00f6he:<\/strong> Ru\u010dn\u00e9 tla\u010denie<\/p>","protected":false},"featured_media":5785,"comment_status":"open","ping_status":"closed","template":"","meta":{"_acf_changed":false,"_eb_attr":""},"product_brand":[],"product_cat":[30,34,120],"product_tag":[],"class_list":{"0":"post-5784","1":"product","2":"type-product","3":"status-publish","4":"has-post-thumbnail","6":"product_cat-all-products","7":"product_cat-forklift","8":"product_cat-elektricky-vysokozdvizny-vozik","10":"first","11":"instock","12":"shipping-taxable","13":"product-type-simple"},"acf":[],"jetpack_sharing_enabled":true,"_links":{"self":[{"href":"https:\/\/aa7.sk\/de\/wp-json\/wp\/v2\/product\/5784","targetHints":{"allow":["GET"]}}],"collection":[{"href":"https:\/\/aa7.sk\/de\/wp-json\/wp\/v2\/product"}],"about":[{"href":"https:\/\/aa7.sk\/de\/wp-json\/wp\/v2\/types\/product"}],"replies":[{"embeddable":true,"href":"https:\/\/aa7.sk\/de\/wp-json\/wp\/v2\/comments?post=5784"}],"wp:featuredmedia":[{"embeddable":true,"href":"https:\/\/aa7.sk\/de\/wp-json\/wp\/v2\/media\/5785"}],"wp:attachment":[{"href":"https:\/\/aa7.sk\/de\/wp-json\/wp\/v2\/media?parent=5784"}],"wp:term":[{"taxonomy":"product_brand","embeddable":true,"href":"https:\/\/aa7.sk\/de\/wp-json\/wp\/v2\/product_brand?post=5784"},{"taxonomy":"product_cat","embeddable":true,"href":"https:\/\/aa7.sk\/de\/wp-json\/wp\/v2\/product_cat?post=5784"},{"taxonomy":"product_tag","embeddable":true,"href":"https:\/\/aa7.sk\/de\/wp-json\/wp\/v2\/product_tag?post=5784"}],"curies":[{"name":"wp","href":"https:\/\/api.w.org\/{rel}","templated":true}]}}