{"id":5787,"date":"2026-03-15T12:46:13","date_gmt":"2026-03-15T11:46:13","guid":{"rendered":"https:\/\/aa7.sk\/?post_type=product&#038;p=5787"},"modified":"2026-03-18T09:21:24","modified_gmt":"2026-03-18T08:21:24","slug":"plne-automaticky-stohovac","status":"publish","type":"product","link":"https:\/\/aa7.sk\/de\/product\/plne-automaticky-stohovac\/","title":{"rendered":"Plne automatick\u00fd stohova\u010d"},"content":{"rendered":"<p>Na\u0161e plne automatick\u00e9 elektrick\u00e9 sklada\u010de paliet s\u00fa navrhnut\u00e9 s ultra-mal\u00fdm polomerom ot\u00e1\u010dania, \u010do predstavuje rie\u0161enie probl\u00e9mu drah\u00fdch a \u00fazkych priechodov, kde s\u00fa ve\u013ek\u00e9 vysokozdvi\u017en\u00e9 voz\u00edky obmedzen\u00e9. Tieto stohova\u010de sa prim\u00e1rne pou\u017e\u00edvaj\u00fa v \u0161irokej \u0161k\u00e1le prostred\u00ed, vr\u00e1tane tov\u00e1rn\u00ed, skladov, logistick\u00fdch skladovac\u00edch zariaden\u00ed, na nakladanie a vykladanie, ako aj na kr\u00e1tke vzdialenosti pri skladan\u00ed a manipul\u00e1cii.<\/p>\n<p><\/p>\n<p>Z\u00edskajte cenov\u00fa ponuku teraz a z\u00edskajte najlep\u0161iu cenu!<\/p>\n<p><\/p>","protected":false},"excerpt":{"rendered":"<p><strong>Maxim\u00e1lne zdvihov\u00e9 za\u0165a\u017eenie:<\/strong> 2 t<\/p>\n<p><strong>Maxim\u00e1lna v\u00fd\u0161ka zdvihu:<\/strong> 5 m<\/p>\n<p><strong>Lifth\u00f6he:<\/strong> Stand-On<\/p>","protected":false},"featured_media":5788,"comment_status":"open","ping_status":"closed","template":"","meta":{"_acf_changed":false,"_eb_attr":""},"product_brand":[],"product_cat":[30,34,120],"product_tag":[],"class_list":{"0":"post-5787","1":"product","2":"type-product","3":"status-publish","4":"has-post-thumbnail","6":"product_cat-all-products","7":"product_cat-forklift","8":"product_cat-elektricky-vysokozdvizny-vozik","10":"first","11":"instock","12":"shipping-taxable","13":"product-type-simple"},"acf":[],"jetpack_sharing_enabled":true,"_links":{"self":[{"href":"https:\/\/aa7.sk\/de\/wp-json\/wp\/v2\/product\/5787","targetHints":{"allow":["GET"]}}],"collection":[{"href":"https:\/\/aa7.sk\/de\/wp-json\/wp\/v2\/product"}],"about":[{"href":"https:\/\/aa7.sk\/de\/wp-json\/wp\/v2\/types\/product"}],"replies":[{"embeddable":true,"href":"https:\/\/aa7.sk\/de\/wp-json\/wp\/v2\/comments?post=5787"}],"wp:featuredmedia":[{"embeddable":true,"href":"https:\/\/aa7.sk\/de\/wp-json\/wp\/v2\/media\/5788"}],"wp:attachment":[{"href":"https:\/\/aa7.sk\/de\/wp-json\/wp\/v2\/media?parent=5787"}],"wp:term":[{"taxonomy":"product_brand","embeddable":true,"href":"https:\/\/aa7.sk\/de\/wp-json\/wp\/v2\/product_brand?post=5787"},{"taxonomy":"product_cat","embeddable":true,"href":"https:\/\/aa7.sk\/de\/wp-json\/wp\/v2\/product_cat?post=5787"},{"taxonomy":"product_tag","embeddable":true,"href":"https:\/\/aa7.sk\/de\/wp-json\/wp\/v2\/product_tag?post=5787"}],"curies":[{"name":"wp","href":"https:\/\/api.w.org\/{rel}","templated":true}]}}