{"id":5789,"date":"2026-03-15T13:00:42","date_gmt":"2026-03-15T12:00:42","guid":{"rendered":"https:\/\/aa7.sk\/?post_type=product&#038;p=5789"},"modified":"2026-03-20T10:20:14","modified_gmt":"2026-03-20T09:20:14","slug":"hwc-50-terenny-vysokozdvizny-vozik","status":"publish","type":"product","link":"https:\/\/aa7.sk\/de\/product\/hwc-50-terenny-vysokozdvizny-vozik\/","title":{"rendered":"HWC-50 All-Terrain-Gabelstapler"},"content":{"rendered":"<p>Durch die Investition in unsere Offroad-Gabelstapler k\u00f6nnen Sie Ihre Abl\u00e4ufe optimieren und die Effizienz steigern. Unsere Gabelstapler bieten die Vielseitigkeit und F\u00e4higkeit, die erforderlich sind, um die besonderen Herausforderungen von Au\u00dfenumgebungen zu meistern, und bieten eine kosteng\u00fcnstige L\u00f6sung f\u00fcr Materialhandhabung in Branchen wie Landwirtschaft, Bergbau, Bergung und Holzverarbeitung.<\/p>\n<p><\/p>\n<p>Mit unseren Offroad-Gabelstaplern k\u00f6nnen Sie Ihren Inventartransportprozess vereinfachen und Ihre Abl\u00e4ufe mit einer einzigen, vielseitigen Maschine optimieren.<\/p>","protected":false},"excerpt":{"rendered":"<p><strong> Leistung:<\/strong> 80 kW<\/p>\n<p><strong>Reifen:<\/strong> 16\/70-24<\/p>\n<p><strong>Lifth\u00f6he:<\/strong> 4 m<\/p>","protected":false},"featured_media":5790,"comment_status":"open","ping_status":"closed","template":"","meta":{"_acf_changed":false,"_eb_attr":""},"product_brand":[],"product_cat":[30,34,119],"product_tag":[],"class_list":{"0":"post-5789","1":"product","2":"type-product","3":"status-publish","4":"has-post-thumbnail","6":"product_cat-all-products","7":"product_cat-forklift","8":"product_cat-terenny-vysokozdvizny-vozik","10":"first","11":"instock","12":"shipping-taxable","13":"product-type-simple"},"acf":[],"jetpack_sharing_enabled":true,"_links":{"self":[{"href":"https:\/\/aa7.sk\/de\/wp-json\/wp\/v2\/product\/5789","targetHints":{"allow":["GET"]}}],"collection":[{"href":"https:\/\/aa7.sk\/de\/wp-json\/wp\/v2\/product"}],"about":[{"href":"https:\/\/aa7.sk\/de\/wp-json\/wp\/v2\/types\/product"}],"replies":[{"embeddable":true,"href":"https:\/\/aa7.sk\/de\/wp-json\/wp\/v2\/comments?post=5789"}],"wp:featuredmedia":[{"embeddable":true,"href":"https:\/\/aa7.sk\/de\/wp-json\/wp\/v2\/media\/5790"}],"wp:attachment":[{"href":"https:\/\/aa7.sk\/de\/wp-json\/wp\/v2\/media?parent=5789"}],"wp:term":[{"taxonomy":"product_brand","embeddable":true,"href":"https:\/\/aa7.sk\/de\/wp-json\/wp\/v2\/product_brand?post=5789"},{"taxonomy":"product_cat","embeddable":true,"href":"https:\/\/aa7.sk\/de\/wp-json\/wp\/v2\/product_cat?post=5789"},{"taxonomy":"product_tag","embeddable":true,"href":"https:\/\/aa7.sk\/de\/wp-json\/wp\/v2\/product_tag?post=5789"}],"curies":[{"name":"wp","href":"https:\/\/api.w.org\/{rel}","templated":true}]}}