{"id":5821,"date":"2026-03-15T13:45:35","date_gmt":"2026-03-15T12:45:35","guid":{"rendered":"https:\/\/aa7.sk\/?post_type=product&#038;p=5821"},"modified":"2026-03-23T17:28:13","modified_gmt":"2026-03-23T16:28:13","slug":"hwc-40-terenny-vysokozdvizny-vozik","status":"publish","type":"product","link":"https:\/\/aa7.sk\/de\/product\/hwc-40-terenny-vysokozdvizny-vozik\/","title":{"rendered":"HWC-40 Allgel\u00e4nde-Gabelstapler"},"content":{"rendered":"<p><strong>Wichtige Merkmale:<\/strong><\/p>\n<ol>\n<li>Vielseitigkeit und herausragende Leistung: Der Gabelstapler bietet au\u00dfergew\u00f6hnliche Vielseitigkeit und leistet in unterschiedlichen Umgebungen hervorragende Leistungen, wobei er auch unter herausfordernden Bedingungen hervorragende Ergebnisse erzielt.<\/li>\n<li>Optimales K\u00fchlsystem: Der Gabelstapler verf\u00fcgt \u00fcber ein integriertes K\u00fchlsystem, das Motork\u00fchlmittel und Getriebe\u00f6lk\u00fchler kombiniert. Dieses Design sorgt f\u00fcr maximalen Luftstrom rund um das Gegengewicht, verhindert \u00dcberhitzung und erh\u00e4lt optimale Leistung.<\/li>\n<li>Unvergleichliche Man\u00f6vrierf\u00e4higkeit und kompaktes Design: Die kompakte Gr\u00f6\u00dfe des Gabelstaplers erm\u00f6glicht eine unvergleichliche Man\u00f6vrierf\u00e4higkeit und ist damit f\u00fcr verschiedene Anwendungen eine ideale Wahl. Er kann effektiv in engen R\u00e4umen und herausfordernden Gel\u00e4nden eingesetzt werden und bietet dem Bediener au\u00dfergew\u00f6hnliche Ergonomie und Sicht.<\/li>\n<p><\/p>\n<p>Bieten Sie jetzt ein Angebot ein, um den besten Preis zu erhalten.<\/p>","protected":false},"excerpt":{"rendered":"<p><strong> Leistung:<\/strong> 61,5 kW<\/p>\n<p><strong>Reifen:<\/strong> 16\/70-20<\/p>\n<p><strong>Lifth\u00f6he:<\/strong> 4 m<\/p>","protected":false},"featured_media":5822,"comment_status":"open","ping_status":"closed","template":"","meta":{"_acf_changed":false,"_eb_attr":""},"product_brand":[],"product_cat":[30,34,119],"product_tag":[],"class_list":{"0":"post-5821","1":"product","2":"type-product","3":"status-publish","4":"has-post-thumbnail","6":"product_cat-all-products","7":"product_cat-forklift","8":"product_cat-terenny-vysokozdvizny-vozik","10":"first","11":"instock","12":"shipping-taxable","13":"product-type-simple"},"acf":[],"jetpack_sharing_enabled":true,"_links":{"self":[{"href":"https:\/\/aa7.sk\/de\/wp-json\/wp\/v2\/product\/5821","targetHints":{"allow":["GET"]}}],"collection":[{"href":"https:\/\/aa7.sk\/de\/wp-json\/wp\/v2\/product"}],"about":[{"href":"https:\/\/aa7.sk\/de\/wp-json\/wp\/v2\/types\/product"}],"replies":[{"embeddable":true,"href":"https:\/\/aa7.sk\/de\/wp-json\/wp\/v2\/comments?post=5821"}],"wp:featuredmedia":[{"embeddable":true,"href":"https:\/\/aa7.sk\/de\/wp-json\/wp\/v2\/media\/5822"}],"wp:attachment":[{"href":"https:\/\/aa7.sk\/de\/wp-json\/wp\/v2\/media?parent=5821"}],"wp:term":[{"taxonomy":"product_brand","embeddable":true,"href":"https:\/\/aa7.sk\/de\/wp-json\/wp\/v2\/product_brand?post=5821"},{"taxonomy":"product_cat","embeddable":true,"href":"https:\/\/aa7.sk\/de\/wp-json\/wp\/v2\/product_cat?post=5821"},{"taxonomy":"product_tag","embeddable":true,"href":"https:\/\/aa7.sk\/de\/wp-json\/wp\/v2\/product_tag?post=5821"}],"curies":[{"name":"wp","href":"https:\/\/api.w.org\/{rel}","templated":true}]}}