{"id":5834,"date":"2026-03-15T14:01:32","date_gmt":"2026-03-15T13:01:32","guid":{"rendered":"https:\/\/aa7.sk\/?post_type=product&#038;p=5834"},"modified":"2026-03-23T17:24:44","modified_gmt":"2026-03-23T16:24:44","slug":"hwc-60-terenny-vysokozdvizny-vozik","status":"publish","type":"product","link":"https:\/\/aa7.sk\/de\/product\/hwc-60-terenny-vysokozdvizny-vozik\/","title":{"rendered":"HWC-60 Allgel\u00e4nde-Gabelstapler"},"content":{"rendered":"<p>Na\u0161e ter\u00e9nne vysokozdvi\u017en\u00e9 voz\u00edky 4&#215;4 s\u00fa ve\u013emi univerz\u00e1lne a dok\u00e1\u017eu \u013eahko zvl\u00e1da\u0165 r\u00f4znorod\u00fd ter\u00e9n. \u010ci u\u017e vlastn\u00edte farmu, \u0165a\u017eobn\u00fa spolo\u010dnos\u0165, vrakovisko alebo drev\u00e1rsku spolo\u010dnos\u0165, n\u00e1\u0161 sortiment ter\u00e9nnych vysokozdvi\u017en\u00fdch voz\u00edkov je \u0161peci\u00e1lne prisp\u00f4soben\u00fd va\u0161im jedine\u010dn\u00fdm po\u017eiadavk\u00e1m.<\/p>\n<p><\/p>\n<p><strong>Wichtige Merkmale:<\/strong><\/p>\n<ol>\n<li>Fortschrittliche Technologie und ergonomisches Design: Unsere Gabelstapler f\u00fcr unwegsames Gel\u00e4nde werden mit modernster Technologie und ergonomischen Prinzipien entwickelt und hergestellt. Dies gew\u00e4hrleistet optimalen Komfort und Effizienz f\u00fcr die Bediener w\u00e4hrend des Betriebs.<\/li>\n<li>Kosteneffizientes Eigentum und erh\u00f6hte Sicherheit: Unsere Gabelstapler bieten niedrige Eigentumskosten, au\u00dfergew\u00f6hnliche Sicht, unvergleichliche Produktivit\u00e4t und legen Wert auf Fahrersicherheit und Ergonomie. Diese Funktionen tragen zu einer effizienteren und sichereren Arbeitsumgebung bei.<\/li>\n<li>Optimale Platzierung hydraulischer Bauteile: Die strategische Platzierung hochwertiger hydraulischer Komponenten und Rohre erm\u00f6glicht eine pr\u00e4zise Steuerung des \u00d6ldrucks, was zu einer verbesserten Leistung und Zuverl\u00e4ssigkeit des Gabelstaplers f\u00fchrt.<\/li>\n<p><\/p>\n<p>Bieten Sie jetzt ein Angebot ein, um den besten Preis zu erhalten.<\/p>","protected":false},"excerpt":{"rendered":"<p><strong> Leistung:<\/strong> 90 kW<\/p>\n<p><strong>Reifen:<\/strong> 12R22.5 Vakuumstahldraht\n<\/p>\n<p><strong>Lifth\u00f6he:<\/strong> 4 m<\/p>","protected":false},"featured_media":5835,"comment_status":"open","ping_status":"closed","template":"","meta":{"_acf_changed":false,"_eb_attr":""},"product_brand":[],"product_cat":[30,34,119],"product_tag":[],"class_list":{"0":"post-5834","1":"product","2":"type-product","3":"status-publish","4":"has-post-thumbnail","6":"product_cat-all-products","7":"product_cat-forklift","8":"product_cat-terenny-vysokozdvizny-vozik","10":"first","11":"instock","12":"shipping-taxable","13":"product-type-simple"},"acf":[],"jetpack_sharing_enabled":true,"_links":{"self":[{"href":"https:\/\/aa7.sk\/de\/wp-json\/wp\/v2\/product\/5834","targetHints":{"allow":["GET"]}}],"collection":[{"href":"https:\/\/aa7.sk\/de\/wp-json\/wp\/v2\/product"}],"about":[{"href":"https:\/\/aa7.sk\/de\/wp-json\/wp\/v2\/types\/product"}],"replies":[{"embeddable":true,"href":"https:\/\/aa7.sk\/de\/wp-json\/wp\/v2\/comments?post=5834"}],"wp:featuredmedia":[{"embeddable":true,"href":"https:\/\/aa7.sk\/de\/wp-json\/wp\/v2\/media\/5835"}],"wp:attachment":[{"href":"https:\/\/aa7.sk\/de\/wp-json\/wp\/v2\/media?parent=5834"}],"wp:term":[{"taxonomy":"product_brand","embeddable":true,"href":"https:\/\/aa7.sk\/de\/wp-json\/wp\/v2\/product_brand?post=5834"},{"taxonomy":"product_cat","embeddable":true,"href":"https:\/\/aa7.sk\/de\/wp-json\/wp\/v2\/product_cat?post=5834"},{"taxonomy":"product_tag","embeddable":true,"href":"https:\/\/aa7.sk\/de\/wp-json\/wp\/v2\/product_tag?post=5834"}],"curies":[{"name":"wp","href":"https:\/\/api.w.org\/{rel}","templated":true}]}}