{"id":5844,"date":"2026-03-15T14:08:16","date_gmt":"2026-03-15T13:08:16","guid":{"rendered":"https:\/\/aa7.sk\/?post_type=product&#038;p=5844"},"modified":"2026-03-20T10:17:24","modified_gmt":"2026-03-20T09:17:24","slug":"hw-t100a-terenny-vysokozdvizny-vozik","status":"publish","type":"product","link":"https:\/\/aa7.sk\/de\/product\/hw-t100a-terenny-vysokozdvizny-vozik\/","title":{"rendered":"HW-T100A Allgel\u00e4nde-Gabelstapler"},"content":{"rendered":"<p>Der HW-T100A All-Terrain-Gabelstapler bietet eine Reihe von Vorteilen in Design und Funktion, was ihn besonders geeignet macht f\u00fcr schwere Arbeitsbelastungen und harte Arbeitsumgebungen.<\/p>\n<p><\/p>\n<div style=\"margin-bottom: 15px !important;\">\n        <strong>Starke Tragf\u00e4higkeit:<\/strong><\/p>\n<div style=\"padding-left: 20px !important;\">\n            Der HW-T100A ist f\u00fcr den Transport schwerer G\u00fcter ausgelegt, mit einer hohen Nennlastkapazit\u00e4t, die in der Lage ist, schwere G\u00fcter zu transportieren Gr\u00f6\u00dfere und schwerere Materialien zu verarbeiten.\n        <\/div>\n<\/p><\/div>\n<div style=\"margin-bottom: 15px !important;\">\n        <strong>Hervorragende Offroad-Leistung:<\/strong><\/p>\n<div style=\"padding-left: 20px !important;\">\n            Der HW-T100A ist mit Gel\u00e4ndereifen und hoher Bodenfreiheit ausgestattet, was eine Bodenfreiheit erm\u00f6glicht Sie k\u00f6nnen sich ungehindert auf rauem, matschigem oder weichem Boden bewegen.\n        <\/div>\n<\/p><\/div>\n<div style=\"margin-bottom: 15px !important;\">\n        <strong>Effizientes \u00dcbertragungssystem:<\/strong><\/p>\n<div style=\"padding-left: 20px !important;\">\n            HW-T100A verwendet effiziente \u00dcbertragungsmethoden wie hydrostatische \u00dcbertragung. Dieses System verbessert nicht nur die Betriebseffizienz, sondern vereinfacht auch die Struktur des K\u00fchlsystems, was zur Energieeinsparung beitr\u00e4gt.\n        <\/div>\n<\/p><\/div>\n<div style=\"margin-bottom: 15px !important;\">\n        <strong>Leistungsstarkes Antriebssystem:<\/strong><\/p>\n<div style=\"padding-left: 20px !important;\">\n            Der Allradantrieb (4WD) sorgt f\u00fcr bessere Traktion und Passgenauigkeit, sodass er schwieriges Gel\u00e4nde \u00fcberqueren kann.\n        <\/div>\n<\/p><\/div>\n<div style=\"margin-bottom: 15px !important;\">\n        <strong>Gute Stabilit\u00e4t:<\/strong><\/p>\n<div style=\"padding-left: 20px !important;\">\n            Durch den gr\u00f6\u00dferen Radstand und die gr\u00f6\u00dfere Spurweite wird die seitliche und longitudinale Stabilit\u00e4t erh\u00f6ht, was Sicherheit gew\u00e4hrleistet und Zuverl\u00e4ssigkeit beim Transport schwerer Gegenst\u00e4nde.\n        <\/div>\n<\/p><\/div>\n<div style=\"margin-bottom: 15px !important;\">\n        <strong>Fortschrittliches Bremssystem:<\/strong><\/p>\n<div style=\"padding-left: 20px !important;\">\n            Um den Anforderungen schwerer Lasten und hoher Geschwindigkeiten gerecht zu werden, ist der HW-T100A mit Bremssattel, Scheibenbremsen und sogar Nassbremsen, um eine st\u00e4rkere Bremskraft zu gew\u00e4hrleisten.\n        <\/div>\n<\/p><\/div>\n<div style=\"margin-bottom: 15px !important;\">\n        <strong>Flexible Bedienbarkeit:<\/strong><\/p>\n<div style=\"padding-left: 20px !important;\">\n            Selbst bei voller Beladung kann er einen kleinen Wendekreis erreichen und hat eine gute Man\u00f6vrierf\u00e4higkeit zur Anpassung an enge Grenzen Raumfahrtoperationen.\n        <\/div>\n<\/p><\/div>\n<div style=\"margin-bottom: 10px !important;\">\n        <strong>Starke Anpassungsf\u00e4higkeit:<\/strong><\/p>\n<div style=\"padding-left: 20px !important;\">\n            Er kann mit verschiedenen Aufs\u00e4tzen wie Gabeln, Greifern, Eimern usw. ausgestattet werden, um unterschiedlichen Betriebsanforderungen gerecht zu werden.\n        <\/div>\n<\/p><\/div>\n<\/div>","protected":false},"excerpt":{"rendered":"<p><strong> Nennlast: <\/strong> 10 ton<\/p>\n<p><strong>Max. Auftriebsh\u00f6he<\/strong> 4 m<\/p>\n<p><strong>Leistung:<\/strong> 92 kW<\/p>","protected":false},"featured_media":5845,"comment_status":"open","ping_status":"closed","template":"","meta":{"_acf_changed":false,"_eb_attr":""},"product_brand":[],"product_cat":[30,34,119],"product_tag":[],"class_list":{"0":"post-5844","1":"product","2":"type-product","3":"status-publish","4":"has-post-thumbnail","6":"product_cat-all-products","7":"product_cat-forklift","8":"product_cat-terenny-vysokozdvizny-vozik","10":"first","11":"instock","12":"shipping-taxable","13":"product-type-simple"},"acf":[],"jetpack_sharing_enabled":true,"_links":{"self":[{"href":"https:\/\/aa7.sk\/de\/wp-json\/wp\/v2\/product\/5844","targetHints":{"allow":["GET"]}}],"collection":[{"href":"https:\/\/aa7.sk\/de\/wp-json\/wp\/v2\/product"}],"about":[{"href":"https:\/\/aa7.sk\/de\/wp-json\/wp\/v2\/types\/product"}],"replies":[{"embeddable":true,"href":"https:\/\/aa7.sk\/de\/wp-json\/wp\/v2\/comments?post=5844"}],"wp:featuredmedia":[{"embeddable":true,"href":"https:\/\/aa7.sk\/de\/wp-json\/wp\/v2\/media\/5845"}],"wp:attachment":[{"href":"https:\/\/aa7.sk\/de\/wp-json\/wp\/v2\/media?parent=5844"}],"wp:term":[{"taxonomy":"product_brand","embeddable":true,"href":"https:\/\/aa7.sk\/de\/wp-json\/wp\/v2\/product_brand?post=5844"},{"taxonomy":"product_cat","embeddable":true,"href":"https:\/\/aa7.sk\/de\/wp-json\/wp\/v2\/product_cat?post=5844"},{"taxonomy":"product_tag","embeddable":true,"href":"https:\/\/aa7.sk\/de\/wp-json\/wp\/v2\/product_tag?post=5844"}],"curies":[{"name":"wp","href":"https:\/\/api.w.org\/{rel}","templated":true}]}}