{"id":5872,"date":"2026-03-15T15:11:27","date_gmt":"2026-03-15T14:11:27","guid":{"rendered":"https:\/\/aa7.sk\/?post_type=product&#038;p=5872"},"modified":"2026-03-20T09:54:43","modified_gmt":"2026-03-20T08:54:43","slug":"hw3-5t-dieselovy-vysokozdvizny-vozik","status":"publish","type":"product","link":"https:\/\/aa7.sk\/de\/product\/hw3-5t-dieselovy-vysokozdvizny-vozik\/","title":{"rendered":"HW3.5T dieselov\u00fd vysokozdvi\u017en\u00fd voz\u00edk"},"content":{"rendered":"<p><strong>Wichtige Merkmale:<\/strong><\/p>\n<p><\/p>\n<div style=\"margin-bottom: 15px !important;\">\n        <strong>Kompaktn\u00e9 telo pre agiln\u00fa prev\u00e1dzku:<\/strong><\/p>\n<div style=\"padding-left: 20px !important;\">\n            Na\u0161e ter\u00e9nne vysokozdvi\u017en\u00e9 voz\u00edky maj\u00fa kompaktn\u00fd dizajn karos\u00e9rie, ktor\u00fd umo\u017e\u0148uje obratn\u00fa a neobmedzen\u00fa prev\u00e1dzku aj v obmedzen\u00fdch priestoroch. To umo\u017e\u0148uje oper\u00e1torom efekt\u00edvne sa orientova\u0165 a man\u00e9vrova\u0165, \u010d\u00edm sa optimalizuje produktivita v stiesnen\u00fdch pracovn\u00fdch priestoroch.\n        <\/div>\n<\/p><\/div>\n<div style=\"margin-bottom: 15px !important;\">\n        <strong>Ergonomick\u00fd dizajn pre zn\u00ed\u017een\u00fa pracovn\u00fa n\u00e1mahu:<\/strong><\/p>\n<div style=\"padding-left: 20px !important;\">\n            Uprednost\u0148ujeme pohodlie a efektivitu vodi\u010da pri ergonomickom dizname na\u0161ich vysokozdvi\u017en\u00fdch voz\u00edkov. Zoh\u013eadnen\u00edm rozhrania \u010dlovek-stroj zabezpe\u010dujeme, \u017ee oper\u00e1tori m\u00f4\u017eu pracova\u0165 s ni\u017e\u0161ou pracovnou n\u00e1mahou, minimalizuj\u00fac \u00fanavu a maximalizuj\u00fac produktivitu po\u010das prev\u00e1dzky.\n        <\/div>\n<\/p><\/div>\n<div style=\"margin-bottom: 10px !important;\">\n        <strong>Zv\u00fd\u0161en\u00e1 vidite\u013enos\u0165 pre pracovn\u00fa efektivitu a bezpe\u010dnos\u0165:<\/strong><\/p>\n<div style=\"padding-left: 20px !important;\">\n            Na\u0161e vysokozdvi\u017en\u00e9 voz\u00edky s\u00fa vybaven\u00e9 funkciami, ktor\u00e9 zvy\u0161uj\u00fa vidite\u013enos\u0165, podporuj\u00fa efektivitu pr\u00e1ce a bezpe\u010dnos\u0165 bezpe\u010dnosti. Oper\u00e1tori maj\u00fa jasn\u00fd v\u00fdh\u013ead a lep\u0161iu vidite\u013enos\u0165 pracovn\u00e9ho priestoru, \u010do im umo\u017e\u0148uje ovl\u00e1da\u0165 vysokozdvi\u017en\u00fd voz\u00edk s presnos\u0165ou a istotou pri zachovan\u00ed bezpe\u010dn\u00e9ho pracovn\u00e9ho prostredia.\n        <\/div>\n<\/p><\/div>\n<\/div>","protected":false},"excerpt":{"rendered":"<p><strong> Maximale Ladekapazit\u00e4t <\/strong> 3,5T<\/p>\n<p><strong>Max. Auftriebsh\u00f6he<\/strong> 3 m<\/p>\n<p><strong>Betriebsmodus:<\/strong> Sitzend<\/p>","protected":false},"featured_media":5873,"comment_status":"open","ping_status":"closed","template":"","meta":{"_acf_changed":false,"_eb_attr":""},"product_brand":[],"product_cat":[30,34,121],"product_tag":[],"class_list":{"0":"post-5872","1":"product","2":"type-product","3":"status-publish","4":"has-post-thumbnail","6":"product_cat-all-products","7":"product_cat-forklift","8":"product_cat-dieselovy-vysokozdvizny-vozik","10":"first","11":"instock","12":"shipping-taxable","13":"product-type-simple"},"acf":[],"jetpack_sharing_enabled":true,"_links":{"self":[{"href":"https:\/\/aa7.sk\/de\/wp-json\/wp\/v2\/product\/5872","targetHints":{"allow":["GET"]}}],"collection":[{"href":"https:\/\/aa7.sk\/de\/wp-json\/wp\/v2\/product"}],"about":[{"href":"https:\/\/aa7.sk\/de\/wp-json\/wp\/v2\/types\/product"}],"replies":[{"embeddable":true,"href":"https:\/\/aa7.sk\/de\/wp-json\/wp\/v2\/comments?post=5872"}],"wp:featuredmedia":[{"embeddable":true,"href":"https:\/\/aa7.sk\/de\/wp-json\/wp\/v2\/media\/5873"}],"wp:attachment":[{"href":"https:\/\/aa7.sk\/de\/wp-json\/wp\/v2\/media?parent=5872"}],"wp:term":[{"taxonomy":"product_brand","embeddable":true,"href":"https:\/\/aa7.sk\/de\/wp-json\/wp\/v2\/product_brand?post=5872"},{"taxonomy":"product_cat","embeddable":true,"href":"https:\/\/aa7.sk\/de\/wp-json\/wp\/v2\/product_cat?post=5872"},{"taxonomy":"product_tag","embeddable":true,"href":"https:\/\/aa7.sk\/de\/wp-json\/wp\/v2\/product_tag?post=5872"}],"curies":[{"name":"wp","href":"https:\/\/api.w.org\/{rel}","templated":true}]}}