{"id":5899,"date":"2026-03-15T15:38:25","date_gmt":"2026-03-15T14:38:25","guid":{"rendered":"https:\/\/aa7.sk\/?post_type=product&#038;p=5899"},"modified":"2026-03-20T10:09:26","modified_gmt":"2026-03-20T09:09:26","slug":"hwr735-telehandlery","status":"publish","type":"product","link":"https:\/\/aa7.sk\/de\/product\/hwr735-telehandlery\/","title":{"rendered":"HWR735 Telehandlery"},"content":{"rendered":"<p>Telehandlery posun\u00fa va\u0161u produktivitu pri manipul\u00e1cii s materi\u00e1lom na nov\u00fa \u00farove\u0148. Telehandlery pon\u00fakaj\u00fa roz\u0161\u00edren\u00fd dosah a vynikaj\u00facu nosnos\u0165 \u0165a\u017ek\u00e9ho teleskopick\u00e9ho ramena v kombin\u00e1cii s r\u00f4znymi pr\u00edslu\u0161enstvami. R\u00fdchlo sa stane va\u0161\u00edm ob\u013e\u00faben\u00fdm strojom pri po\u013enohospod\u00e1rstve a chove dobytka, stavebn\u00edctve, \u00faprave okolia, odstra\u0148ovan\u00ed snehu a mnohom \u010fal\u0161om. Telehandlery s\u00fa navrhnut\u00e9 tak, aby boli odoln\u00e9 \u2013 a vydr\u017eali \u2013 kombin\u00e1ciou pevnej kon\u0161trukcie, kvalitn\u00fdch materi\u00e1lov a prvkov, ktor\u00e9 maximalizuj\u00fa spo\u013eahlivos\u0165. Pozrite sa na pevn\u00fd r\u00e1m, utesnen\u00fd motorov\u00fd priestor a dizajn chladenia ved\u013ea seba a vedzte, \u017ee je pripraven\u00fd na tie najv\u00e1\u017enej\u0161ie podmienky.<\/p>\n<p><\/p>\n<p>N\u00e1\u0161 teleskopick\u00fd manipul\u00e1tor kombinuje vysok\u00fa nosnos\u0165, vynikaj\u00facu stabilitu a dosah, ktor\u00fd optimalizuje ka\u017ed\u00fa oper\u00e1ciu. Ide\u00e1lne pre \u0165a\u017ek\u00fa v\u00fdstavbu, sol\u00e1rne farmy, po\u013enohospod\u00e1rstvo a logistiku.S \u00fasporn\u00fdm motorom, pohotov\u00fdm hydraulick\u00fdm syst\u00e9mom a ergonomickou kab\u00ednou je to ide\u00e1lne rie\u0161enie na dlh\u00e9 a n\u00e1ro\u010dn\u00e9 pr\u00e1ce.<\/p>\n<p><\/p>","protected":false},"excerpt":{"rendered":"<p><strong> Leistung:<\/strong> 77,3 kW<\/p>\n<p><strong>Ma\u00dfe (mm):<\/strong> 5870mm\u00d72200mm\u00d72550mm<\/p>\n<p><strong>Vo\u013en\u00e1 hmotnos\u0165 (s vidlicou):<\/strong> 7600 kg<\/p>","protected":false},"featured_media":5900,"comment_status":"open","ping_status":"closed","template":"","meta":{"_acf_changed":false,"_eb_attr":""},"product_brand":[],"product_cat":[30,34,122],"product_tag":[],"class_list":{"0":"post-5899","1":"product","2":"type-product","3":"status-publish","4":"has-post-thumbnail","6":"product_cat-all-products","7":"product_cat-forklift","8":"product_cat-telehandlery","10":"first","11":"instock","12":"shipping-taxable","13":"product-type-simple"},"acf":[],"jetpack_sharing_enabled":true,"_links":{"self":[{"href":"https:\/\/aa7.sk\/de\/wp-json\/wp\/v2\/product\/5899","targetHints":{"allow":["GET"]}}],"collection":[{"href":"https:\/\/aa7.sk\/de\/wp-json\/wp\/v2\/product"}],"about":[{"href":"https:\/\/aa7.sk\/de\/wp-json\/wp\/v2\/types\/product"}],"replies":[{"embeddable":true,"href":"https:\/\/aa7.sk\/de\/wp-json\/wp\/v2\/comments?post=5899"}],"wp:featuredmedia":[{"embeddable":true,"href":"https:\/\/aa7.sk\/de\/wp-json\/wp\/v2\/media\/5900"}],"wp:attachment":[{"href":"https:\/\/aa7.sk\/de\/wp-json\/wp\/v2\/media?parent=5899"}],"wp:term":[{"taxonomy":"product_brand","embeddable":true,"href":"https:\/\/aa7.sk\/de\/wp-json\/wp\/v2\/product_brand?post=5899"},{"taxonomy":"product_cat","embeddable":true,"href":"https:\/\/aa7.sk\/de\/wp-json\/wp\/v2\/product_cat?post=5899"},{"taxonomy":"product_tag","embeddable":true,"href":"https:\/\/aa7.sk\/de\/wp-json\/wp\/v2\/product_tag?post=5899"}],"curies":[{"name":"wp","href":"https:\/\/api.w.org\/{rel}","templated":true}]}}