{"id":5910,"date":"2026-03-15T15:59:20","date_gmt":"2026-03-15T14:59:20","guid":{"rendered":"https:\/\/aa7.sk\/?post_type=product&#038;p=5910"},"modified":"2026-03-23T17:49:41","modified_gmt":"2026-03-23T16:49:41","slug":"hwr30-7-telehandlery","status":"publish","type":"product","link":"https:\/\/aa7.sk\/de\/product\/hwr30-7-telehandlery\/","title":{"rendered":"HWR30-7 Telehandlery"},"content":{"rendered":"<p>Na\u0161e telehandlery s\u00fa navrhnut\u00e9 tak, aby poskytovali vynikaj\u00faci v\u00fdkon v stavebn\u00edctve, ban\u00edctve, po\u013enohospod\u00e1rstve, logistike a energetick\u00fdch projektoch. V\u010faka robustnej kon\u0161trukcii, vysokej nosnosti a roz\u0161\u00edren\u00e9mu dosahu sa toto zariadenie prisp\u00f4sobuje r\u00f4znym ter\u00e9nom a zabezpe\u010duje bezpe\u010dn\u00fa a efekt\u00edvnu prev\u00e1dzku.<\/p>\n<p><\/p>\n<div style=\"margin-bottom: 8px !important;\">\n            <strong>Wichtige Merkmale:<\/strong><\/p>\n<div style=\"padding-left: 20px !important;\">\n               1. Vysok\u00e1 nosnos\u0165 pre bezpe\u010dn\u00fa manipul\u00e1ciu s \u0165a\u017ek\u00fdmi materi\u00e1lmi.\n            <\/div>\n<div style=\"padding-left: 20px !important;\">\n               2. Pred\u013a\u017een\u00fd teleskopick\u00fd dosah pre pr\u00e1cu vo v\u00fd\u0161kach.\n            <\/div>\n<div style=\"padding-left: 20px !important;\">\n               3. Pohon 4&#215;4 a spevnen\u00fd podvozok, vhodn\u00fd pre v\u0161etky typy ter\u00e9nu.\n            <\/div>\n<div style=\"padding-left: 20px !important;\">\n               4. Efekt\u00edvny hydraulick\u00fd syst\u00e9m s presn\u00fdm a plynul\u00fdm riaden\u00edm.\n            <\/div>\n<div style=\"padding-left: 20px !important;\">\n               5. Ergonomick\u00e1 kab\u00edna s v\u00fdbornou vidite\u013enos\u0165ou a pohodln\u00fdm ovl\u00e1dan\u00edm.\n            <\/div>\n<div style=\"padding-left: 20px !important;\">\n               6. \u00dasporn\u00e9 motory s jednoduchou \u00fadr\u017ebou.\n            <\/div>\n<div style=\"padding-left: 20px !important;\">\n               7. Kompatibilita s viacer\u00fdmi pr\u00edslu\u0161enstvami, ako s\u00fa vidlice, vedr\u00e1, h\u00e1ky a platformy.\n            <\/div>","protected":false},"excerpt":{"rendered":"<p>Na\u0161e telehandlery s\u00fa navrhnut\u00e9 tak, aby poskytovali vynikaj\u00faci v\u00fdkon v stavebn\u00edctve, ban\u00edctve, po\u013enohospod\u00e1rstve, logistike a energetick\u00fdch projektoch. V\u010faka robustnej kon\u0161trukcii, vysokej nosnosti a roz\u0161\u00edren\u00e9mu dosahu sa toto zariadenie prisp\u00f4sobuje r\u00f4znym ter\u00e9nom a zabezpe\u010duje bezpe\u010dn\u00fa a efekt\u00edvnu prev\u00e1dzku. K\u013e\u00fa\u010dov\u00e9 vlastnosti 1. Vysok\u00e1 nosnos\u0165 pre bezpe\u010dn\u00fa manipul\u00e1ciu&#8230;<\/p>","protected":false},"featured_media":5911,"comment_status":"open","ping_status":"closed","template":"","meta":{"_acf_changed":false,"_eb_attr":""},"product_brand":[],"product_cat":[30,34,122],"product_tag":[],"class_list":{"0":"post-5910","1":"product","2":"type-product","3":"status-publish","4":"has-post-thumbnail","6":"product_cat-all-products","7":"product_cat-forklift","8":"product_cat-telehandlery","10":"first","11":"instock","12":"shipping-taxable","13":"product-type-simple"},"acf":[],"jetpack_sharing_enabled":true,"_links":{"self":[{"href":"https:\/\/aa7.sk\/de\/wp-json\/wp\/v2\/product\/5910","targetHints":{"allow":["GET"]}}],"collection":[{"href":"https:\/\/aa7.sk\/de\/wp-json\/wp\/v2\/product"}],"about":[{"href":"https:\/\/aa7.sk\/de\/wp-json\/wp\/v2\/types\/product"}],"replies":[{"embeddable":true,"href":"https:\/\/aa7.sk\/de\/wp-json\/wp\/v2\/comments?post=5910"}],"wp:featuredmedia":[{"embeddable":true,"href":"https:\/\/aa7.sk\/de\/wp-json\/wp\/v2\/media\/5911"}],"wp:attachment":[{"href":"https:\/\/aa7.sk\/de\/wp-json\/wp\/v2\/media?parent=5910"}],"wp:term":[{"taxonomy":"product_brand","embeddable":true,"href":"https:\/\/aa7.sk\/de\/wp-json\/wp\/v2\/product_brand?post=5910"},{"taxonomy":"product_cat","embeddable":true,"href":"https:\/\/aa7.sk\/de\/wp-json\/wp\/v2\/product_cat?post=5910"},{"taxonomy":"product_tag","embeddable":true,"href":"https:\/\/aa7.sk\/de\/wp-json\/wp\/v2\/product_tag?post=5910"}],"curies":[{"name":"wp","href":"https:\/\/api.w.org\/{rel}","templated":true}]}}