{"id":5953,"date":"2026-03-15T16:27:16","date_gmt":"2026-03-15T15:27:16","guid":{"rendered":"https:\/\/aa7.sk\/?post_type=product&#038;p=5953"},"modified":"2026-03-18T15:49:15","modified_gmt":"2026-03-18T14:49:15","slug":"traktory-serie-2550hp-8f2r-lyzica","status":"publish","type":"product","link":"https:\/\/aa7.sk\/de\/product\/traktory-serie-2550hp-8f2r-lyzica\/","title":{"rendered":"25~50hp (8F+2R) Serie Traktoren (Schaufel)"},"content":{"rendered":"<ol>\n<li>Diese Serie ist ein Maiddle-PS-Traktor, der direkt mit seinem Motor verbunden war.<\/li>\n<li>Die Kiefer-Differentialsperre kann die Passgenauigkeit verbessern.<\/li>\n<li>Die hydraulische Ausgangsschnittstelle kann eine direkte Verbindung mit dem Kipper herstellen.<\/li>\n<li>Dieser Serientraktor kann je nach Kundenbedarf viele verschiedene Konfigurationen haben; Einstufige Kupplung oder Zweistufige Kupplung, (4+1)*2 Acht Schaltungen, Ein- oder Zweigang-PTO.<\/li>\n<li>Optional: Doppelkupplung, Mehrwegventile: \u00dcberrollb\u00fcgel, Kanopin; Heizungs- und L\u00fcfterkabine.<\/li>\n<p><\/p>\n<p> F\u00fcr weitere Details und Preise kontaktieren Sie uns bitte!<\/p>","protected":false},"excerpt":{"rendered":"<p><strong> Radantrieb:<\/strong> 4&#215;4<\/p>\n<p><strong>Motormarke: <\/strong> YTO, XICHAI, LAIDONG<\/p>\n<p><strong>Ma\u00dfe (mm):<\/strong> 3550*1450*2150<\/p>","protected":false},"featured_media":5954,"comment_status":"open","ping_status":"closed","template":"","meta":{"_acf_changed":false,"_eb_attr":""},"product_brand":[],"product_cat":[30,35],"product_tag":[],"class_list":{"0":"post-5953","1":"product","2":"type-product","3":"status-publish","4":"has-post-thumbnail","6":"product_cat-all-products","7":"product_cat-tractor","9":"first","10":"instock","11":"shipping-taxable","12":"product-type-simple"},"acf":[],"jetpack_sharing_enabled":true,"_links":{"self":[{"href":"https:\/\/aa7.sk\/de\/wp-json\/wp\/v2\/product\/5953","targetHints":{"allow":["GET"]}}],"collection":[{"href":"https:\/\/aa7.sk\/de\/wp-json\/wp\/v2\/product"}],"about":[{"href":"https:\/\/aa7.sk\/de\/wp-json\/wp\/v2\/types\/product"}],"replies":[{"embeddable":true,"href":"https:\/\/aa7.sk\/de\/wp-json\/wp\/v2\/comments?post=5953"}],"wp:featuredmedia":[{"embeddable":true,"href":"https:\/\/aa7.sk\/de\/wp-json\/wp\/v2\/media\/5954"}],"wp:attachment":[{"href":"https:\/\/aa7.sk\/de\/wp-json\/wp\/v2\/media?parent=5953"}],"wp:term":[{"taxonomy":"product_brand","embeddable":true,"href":"https:\/\/aa7.sk\/de\/wp-json\/wp\/v2\/product_brand?post=5953"},{"taxonomy":"product_cat","embeddable":true,"href":"https:\/\/aa7.sk\/de\/wp-json\/wp\/v2\/product_cat?post=5953"},{"taxonomy":"product_tag","embeddable":true,"href":"https:\/\/aa7.sk\/de\/wp-json\/wp\/v2\/product_tag?post=5953"}],"curies":[{"name":"wp","href":"https:\/\/api.w.org\/{rel}","templated":true}]}}