{"id":5961,"date":"2026-03-15T16:31:32","date_gmt":"2026-03-15T15:31:32","guid":{"rendered":"https:\/\/aa7.sk\/?post_type=product&#038;p=5961"},"modified":"2026-03-23T17:52:43","modified_gmt":"2026-03-23T16:52:43","slug":"traktory-serie-5070hp-8f8r","status":"publish","type":"product","link":"https:\/\/aa7.sk\/de\/product\/traktory-serie-5070hp-8f8r\/","title":{"rendered":"50~70hp(8F+8R)-Serie Traktoren"},"content":{"rendered":"<ol>\n<li>Flachboden, 8+8 Shuttle-Schaltung, seitlich montiertes Getriebe, bequeme und flexible Bedienung.<\/li>\n<li>Mehrere Gangoptionen und starke Anpassungsf\u00e4higkeit.<\/li>\n<li>Vollst\u00e4ndig abgedichtete Vorderachse mit guter Abdichtung, die Schlamm und Wassereintritt sowohl bei \u00dcberschwemmungen als auch bei D\u00fcrre verhindert.<\/li>\n<li>Erreichen Sie einen schmalen Radstand, verstellbar von 0,96 bis 1,2 Meter, und einen gr\u00f6\u00dferen Anpassungsbereich.<\/li>\n<li>Doppelkupplung, getrennter Betrieb von Antrieb und Leistungsabgabe, besser geeignet f\u00fcr Aussaat und Empfang.<\/li>\n<li>Heckmontierte, zentral angebrachte Zylinder-Vorderachse, der linke und rechte Wendekreis sind gleich, flexibel und praktisch.<\/li>\n<li>Standardkonfiguration mit 2 S\u00e4tzen von 2-Wege-Ventilen, um den Bed\u00fcrfnissen unterschiedlicher Maschinen gerecht zu werden.<\/li>\n<li> Optionale Druckluftbremse zur Erf\u00fcllung der Bed\u00fcrfnisse des Stra\u00dfenverkehrs.<\/li>\n<p><\/p>\n<p>F\u00fcr weitere Details und Preise kontaktieren Sie uns bitte!<\/p>","protected":false},"excerpt":{"rendered":"<p><strong> Radantrieb:<\/strong> 4&#215;4<\/p>\n<p><strong>Motormarke: <\/strong> YTO, XICHAI, LAIDONG<\/p>\n<p><strong>Ma\u00dfe (mm):<\/strong> 3550*1450*2150<\/p>","protected":false},"featured_media":5962,"comment_status":"open","ping_status":"closed","template":"","meta":{"_acf_changed":false,"_eb_attr":""},"product_brand":[],"product_cat":[30,35],"product_tag":[],"class_list":{"0":"post-5961","1":"product","2":"type-product","3":"status-publish","4":"has-post-thumbnail","6":"product_cat-all-products","7":"product_cat-tractor","9":"first","10":"instock","11":"shipping-taxable","12":"product-type-simple"},"acf":[],"jetpack_sharing_enabled":true,"_links":{"self":[{"href":"https:\/\/aa7.sk\/de\/wp-json\/wp\/v2\/product\/5961","targetHints":{"allow":["GET"]}}],"collection":[{"href":"https:\/\/aa7.sk\/de\/wp-json\/wp\/v2\/product"}],"about":[{"href":"https:\/\/aa7.sk\/de\/wp-json\/wp\/v2\/types\/product"}],"replies":[{"embeddable":true,"href":"https:\/\/aa7.sk\/de\/wp-json\/wp\/v2\/comments?post=5961"}],"wp:featuredmedia":[{"embeddable":true,"href":"https:\/\/aa7.sk\/de\/wp-json\/wp\/v2\/media\/5962"}],"wp:attachment":[{"href":"https:\/\/aa7.sk\/de\/wp-json\/wp\/v2\/media?parent=5961"}],"wp:term":[{"taxonomy":"product_brand","embeddable":true,"href":"https:\/\/aa7.sk\/de\/wp-json\/wp\/v2\/product_brand?post=5961"},{"taxonomy":"product_cat","embeddable":true,"href":"https:\/\/aa7.sk\/de\/wp-json\/wp\/v2\/product_cat?post=5961"},{"taxonomy":"product_tag","embeddable":true,"href":"https:\/\/aa7.sk\/de\/wp-json\/wp\/v2\/product_tag?post=5961"}],"curies":[{"name":"wp","href":"https:\/\/api.w.org\/{rel}","templated":true}]}}