{"id":5967,"date":"2026-03-15T16:38:14","date_gmt":"2026-03-15T15:38:14","guid":{"rendered":"https:\/\/aa7.sk\/?post_type=product&#038;p=5967"},"modified":"2026-03-23T17:51:57","modified_gmt":"2026-03-23T16:51:57","slug":"traktory-serie-70100hp-12f12r","status":"publish","type":"product","link":"https:\/\/aa7.sk\/de\/product\/traktory-serie-70100hp-12f12r\/","title":{"rendered":"70~100hp(12F+12R)Serie Traktoren"},"content":{"rendered":"<ol>\n<li>Mit 12+12 Shuttle Shift ist die Ganganpassung angemessen und die Anpassungsf\u00e4higkeit ist stark.<\/li>\n<li>Die hinten montierte Doppelzylinder-Vorderachse bietet gleichm\u00e4\u00dfige Links- und Rechtskraft, gro\u00dfen Lenkwinkel, kleinen Tuming-Radius und flexible Lenkung.<\/li>\n<li>Die doppelt wirkende Cutch wird unabh\u00e4ngig bedient, sie ist f\u00fcr den Gangwechsel und die Leistungsabgabe an landwirtschaftliche Maschinen bequemer.<\/li>\n<li>Vergr\u00f6\u00dfern Sie den Kraftstofftank, erneuern Sie den N\u00e4hrstoff des Betankens und arbeiten Sie lange weiter.<\/li>\n<li>Doppelseitige Hochdruck\u00f6lzylinder sind besser an Wasser und trockene Felder angepasst.<\/li>\n<li>Optional voll ausgestattete Luxuskabine mit guter Abdichtung, staubdicht, ger\u00e4uschdicht und bequemer.<\/li>\n<p><\/p>\n<p>F\u00fcr weitere Details und Preise kontaktieren Sie uns bitte!<\/p>","protected":false},"excerpt":{"rendered":"<p><strong> Radantrieb:<\/strong> 4&#215;4<\/p>\n<p><strong>Motormarke: <\/strong> YTO, YUNNEI<\/p>\n<p><strong>Ma\u00dfe (mm):<\/strong> 4100*1880*2650<\/p>","protected":false},"featured_media":5968,"comment_status":"open","ping_status":"closed","template":"","meta":{"_acf_changed":false,"_eb_attr":""},"product_brand":[],"product_cat":[30,35],"product_tag":[],"class_list":{"0":"post-5967","1":"product","2":"type-product","3":"status-publish","4":"has-post-thumbnail","6":"product_cat-all-products","7":"product_cat-tractor","9":"first","10":"instock","11":"shipping-taxable","12":"product-type-simple"},"acf":[],"jetpack_sharing_enabled":true,"_links":{"self":[{"href":"https:\/\/aa7.sk\/de\/wp-json\/wp\/v2\/product\/5967","targetHints":{"allow":["GET"]}}],"collection":[{"href":"https:\/\/aa7.sk\/de\/wp-json\/wp\/v2\/product"}],"about":[{"href":"https:\/\/aa7.sk\/de\/wp-json\/wp\/v2\/types\/product"}],"replies":[{"embeddable":true,"href":"https:\/\/aa7.sk\/de\/wp-json\/wp\/v2\/comments?post=5967"}],"wp:featuredmedia":[{"embeddable":true,"href":"https:\/\/aa7.sk\/de\/wp-json\/wp\/v2\/media\/5968"}],"wp:attachment":[{"href":"https:\/\/aa7.sk\/de\/wp-json\/wp\/v2\/media?parent=5967"}],"wp:term":[{"taxonomy":"product_brand","embeddable":true,"href":"https:\/\/aa7.sk\/de\/wp-json\/wp\/v2\/product_brand?post=5967"},{"taxonomy":"product_cat","embeddable":true,"href":"https:\/\/aa7.sk\/de\/wp-json\/wp\/v2\/product_cat?post=5967"},{"taxonomy":"product_tag","embeddable":true,"href":"https:\/\/aa7.sk\/de\/wp-json\/wp\/v2\/product_tag?post=5967"}],"curies":[{"name":"wp","href":"https:\/\/api.w.org\/{rel}","templated":true}]}}