{"id":5974,"date":"2026-03-15T16:44:14","date_gmt":"2026-03-15T15:44:14","guid":{"rendered":"https:\/\/aa7.sk\/?post_type=product&#038;p=5974"},"modified":"2026-03-23T17:51:19","modified_gmt":"2026-03-23T16:51:19","slug":"traktory-serie-110200hp-16f8r","status":"publish","type":"product","link":"https:\/\/aa7.sk\/de\/product\/traktory-serie-110200hp-16f8r\/","title":{"rendered":"110~200hp(16F+8R)-Serie Traktoren"},"content":{"rendered":"<p><strong>Hauptparameter:<\/strong><\/p>\n<ol>\n<li>16+8 Schaltung, die Ganganpassung ist angemessen und die Anpassungsf\u00e4higkeit ist stark.<\/li>\n<li>Die Zweizylinder-Lenkung an der Vorderachse sorgt f\u00fcr gleichm\u00e4\u00dfige Links- und Rechtskraft.<\/li>\n<li>Gro\u00dfer Lenkwinkel, kleiner Wendekreis und flexible Lenkung.<\/li>\n<li>Der Wassertank verwendet ein dreidimensionales, staubdichtes Netz mit gro\u00dfem Lufteinlassbereich, um das Eindringen von Schmutz in den Wassertank zu verhindern, was leicht zu reinigen ist und hohe Temperaturen verhindert.<\/li>\n<li>Doppelte \u00d6lzylinder haben einen starken Druckzuwachs, eine unabh\u00e4ngige \u00d6lversorgung, sind stabil und zuverl\u00e4ssig sowie haben eine starke Anpassungsf\u00e4higkeit an Wasser und Trockenfelder.<\/li>\n<li>Optional vollst\u00e4ndig geschlossene Luxuskabine mit guter Abdichtung, staubdicht, ger\u00e4uschdicht und komfortabler.<\/li>\n<p><\/p>\n<p>F\u00fcr weitere Details und Preise kontaktieren Sie uns bitte!<\/p>","protected":false},"excerpt":{"rendered":"<p><strong> Radantrieb:<\/strong> 4&#215;4<\/p>\n<p><strong>Motormarke: <\/strong> YTO, YUCHAL, WEICHAI<\/p>\n<p><strong>Ma\u00dfe (mm):<\/strong> 4510*2050*3010<\/p>","protected":false},"featured_media":5975,"comment_status":"open","ping_status":"closed","template":"","meta":{"_acf_changed":false,"_eb_attr":""},"product_brand":[],"product_cat":[30,35],"product_tag":[],"class_list":{"0":"post-5974","1":"product","2":"type-product","3":"status-publish","4":"has-post-thumbnail","6":"product_cat-all-products","7":"product_cat-tractor","9":"first","10":"instock","11":"shipping-taxable","12":"product-type-simple"},"acf":[],"jetpack_sharing_enabled":true,"_links":{"self":[{"href":"https:\/\/aa7.sk\/de\/wp-json\/wp\/v2\/product\/5974","targetHints":{"allow":["GET"]}}],"collection":[{"href":"https:\/\/aa7.sk\/de\/wp-json\/wp\/v2\/product"}],"about":[{"href":"https:\/\/aa7.sk\/de\/wp-json\/wp\/v2\/types\/product"}],"replies":[{"embeddable":true,"href":"https:\/\/aa7.sk\/de\/wp-json\/wp\/v2\/comments?post=5974"}],"wp:featuredmedia":[{"embeddable":true,"href":"https:\/\/aa7.sk\/de\/wp-json\/wp\/v2\/media\/5975"}],"wp:attachment":[{"href":"https:\/\/aa7.sk\/de\/wp-json\/wp\/v2\/media?parent=5974"}],"wp:term":[{"taxonomy":"product_brand","embeddable":true,"href":"https:\/\/aa7.sk\/de\/wp-json\/wp\/v2\/product_brand?post=5974"},{"taxonomy":"product_cat","embeddable":true,"href":"https:\/\/aa7.sk\/de\/wp-json\/wp\/v2\/product_cat?post=5974"},{"taxonomy":"product_tag","embeddable":true,"href":"https:\/\/aa7.sk\/de\/wp-json\/wp\/v2\/product_tag?post=5974"}],"curies":[{"name":"wp","href":"https:\/\/api.w.org\/{rel}","templated":true}]}}