{"id":5981,"date":"2026-03-15T16:57:20","date_gmt":"2026-03-15T15:57:20","guid":{"rendered":"https:\/\/aa7.sk\/?post_type=product&#038;p=5981"},"modified":"2026-03-18T14:33:14","modified_gmt":"2026-03-18T13:33:14","slug":"hw-450-jednobubnovy-cestny-valec","status":"publish","type":"product","link":"https:\/\/aa7.sk\/de\/product\/hw-450-jednobubnovy-cestny-valec\/","title":{"rendered":"HW-450 Einzeltrommel-Stra\u00dfenwalze"},"content":{"rendered":"<p><strong>Produktfunktion<\/strong><\/p>\n<p><\/p>\n<ol>\n<li>Be\u017ene sa pou\u017e\u00edva na zhut\u0148ovanie asfaltov\u00fdch povrchov, \u0161trku, piesku a in\u00fdch z\u00e1kladn\u00fdch in\u017einierskych aplik\u00e1ci\u00ed, ako aj na rolovanie tr\u00e1vnikov a detsk\u00fdch ihr\u00edsk.\/li>\n<li>Ausgestattet mit renommierten inl\u00e4ndischen Marken wie Changfa-Dieselmotoren oder originalen Honda-Benzinmotoren, was au\u00dfergew\u00f6hnliche Leistung und starke Antriebskraft gew\u00e4hrleistet.<\/li>\n<li>Verf\u00fcgt \u00fcber eine Oberfl\u00e4chenspritzbehandlung f\u00fcr ein \u00e4sthetisch ansprechendes Design, das rost- und korrosionsbest\u00e4ndig ist.<\/li>\n<p><\/p>","protected":false},"excerpt":{"rendered":"<p><strong> Gewicht:<\/strong> 300 kg<\/p>\n<p><strong>Nennleistung:<\/strong> 6 HP<\/p>\n<p><strong>Spannende Kraft:<\/strong> 25Kn<\/p>","protected":false},"featured_media":5982,"comment_status":"open","ping_status":"closed","template":"","meta":{"_acf_changed":false,"_eb_attr":""},"product_brand":[],"product_cat":[30,36,123],"product_tag":[],"class_list":{"0":"post-5981","1":"product","2":"type-product","3":"status-publish","4":"has-post-thumbnail","6":"product_cat-all-products","7":"product_cat-road-machine","8":"product_cat-cestny-valec","10":"first","11":"instock","12":"shipping-taxable","13":"product-type-simple"},"acf":[],"jetpack_sharing_enabled":true,"_links":{"self":[{"href":"https:\/\/aa7.sk\/de\/wp-json\/wp\/v2\/product\/5981","targetHints":{"allow":["GET"]}}],"collection":[{"href":"https:\/\/aa7.sk\/de\/wp-json\/wp\/v2\/product"}],"about":[{"href":"https:\/\/aa7.sk\/de\/wp-json\/wp\/v2\/types\/product"}],"replies":[{"embeddable":true,"href":"https:\/\/aa7.sk\/de\/wp-json\/wp\/v2\/comments?post=5981"}],"wp:featuredmedia":[{"embeddable":true,"href":"https:\/\/aa7.sk\/de\/wp-json\/wp\/v2\/media\/5982"}],"wp:attachment":[{"href":"https:\/\/aa7.sk\/de\/wp-json\/wp\/v2\/media?parent=5981"}],"wp:term":[{"taxonomy":"product_brand","embeddable":true,"href":"https:\/\/aa7.sk\/de\/wp-json\/wp\/v2\/product_brand?post=5981"},{"taxonomy":"product_cat","embeddable":true,"href":"https:\/\/aa7.sk\/de\/wp-json\/wp\/v2\/product_cat?post=5981"},{"taxonomy":"product_tag","embeddable":true,"href":"https:\/\/aa7.sk\/de\/wp-json\/wp\/v2\/product_tag?post=5981"}],"curies":[{"name":"wp","href":"https:\/\/api.w.org\/{rel}","templated":true}]}}