{"id":6004,"date":"2026-03-15T17:24:47","date_gmt":"2026-03-15T16:24:47","guid":{"rendered":"https:\/\/aa7.sk\/?post_type=product&#038;p=6004"},"modified":"2026-03-20T10:26:37","modified_gmt":"2026-03-20T09:26:37","slug":"hw-700c-jednobubnovy-cestny-valec","status":"publish","type":"product","link":"https:\/\/aa7.sk\/de\/product\/hw-700c-jednobubnovy-cestny-valec\/","title":{"rendered":"HW-700C Einzeltrommel-Stra\u00dfenwalze"},"content":{"rendered":"<p>Kleine Stra\u00dfenwalzen sind zu einer unverzichtbaren mechanischen Einrichtung in allen Arten von Ingenieurbauten geworden, da sie nicht durch den Platz begrenzt sind, einfach zu bedienen sind und hohe wirtschaftliche Vorteile bieten.<\/p>\n<p><\/p>\n<p>Ako mechanick\u00fd produkt s jemnou prev\u00e1dzkou je men\u0161\u00ed polomer ot\u00e1\u010dania ve\u013emi d\u00f4le\u017eit\u00fd. Z\u00e1rove\u0148 hydraulick\u00e1 ch\u00f4dzov\u00e1 jednotka realizuje aj funkciu ch\u00f4dze a zastavenia. <\/p>\n<p>Aby bola prev\u00e1dzka pohodln\u0161ia, n\u00e1\u0161 mal\u00fd cestn\u00fd valec pou\u017e\u00edva funkciu push-to-start, v\u00fdkonn\u00fd pohon motora a dvojit\u00fd oce\u013eov\u00fd pohon. S atomiza\u010dn\u00fdm sprejom, \u0161krabkou, jazda plynulej\u0161ie.<\/p>\n<p><\/p>\n<ol>\n<li>Vybaven\u00fd renomovan\u00fdm motorom zna\u010dky, ktor\u00fd poskytuje vynikaj\u00faci v\u00fdkon.\/li>\n<li>Kompakter Arbeitsradius erm\u00f6glicht den Betrieb in engen R\u00e4umen.<\/li>\n<li>Das hydraulische Schwingungssystem erzeugt eine gro\u00dfe Anregungskraft.<\/li>\n<li>Die Ausr\u00fcstung zeichnet sich durch ein \u00e4sthetisch ansprechendes Design mit glatten Linien aus, die Rost- und Korrosionsbest\u00e4ndigkeit bieten.<\/li>\n<p><\/p>","protected":false},"excerpt":{"rendered":"<p><strong> Gewicht:<\/strong> 680 kg<\/p>\n<p><strong>Nennleistung:<\/strong> 6 HP<\/p>\n<p><strong>Spannende Kraft:<\/strong> 30Kn<\/p>","protected":false},"featured_media":6005,"comment_status":"open","ping_status":"closed","template":"","meta":{"_acf_changed":false,"_eb_attr":""},"product_brand":[],"product_cat":[30,36,123],"product_tag":[],"class_list":{"0":"post-6004","1":"product","2":"type-product","3":"status-publish","4":"has-post-thumbnail","6":"product_cat-all-products","7":"product_cat-road-machine","8":"product_cat-cestny-valec","10":"first","11":"instock","12":"shipping-taxable","13":"product-type-simple"},"acf":[],"jetpack_sharing_enabled":true,"_links":{"self":[{"href":"https:\/\/aa7.sk\/de\/wp-json\/wp\/v2\/product\/6004","targetHints":{"allow":["GET"]}}],"collection":[{"href":"https:\/\/aa7.sk\/de\/wp-json\/wp\/v2\/product"}],"about":[{"href":"https:\/\/aa7.sk\/de\/wp-json\/wp\/v2\/types\/product"}],"replies":[{"embeddable":true,"href":"https:\/\/aa7.sk\/de\/wp-json\/wp\/v2\/comments?post=6004"}],"wp:featuredmedia":[{"embeddable":true,"href":"https:\/\/aa7.sk\/de\/wp-json\/wp\/v2\/media\/6005"}],"wp:attachment":[{"href":"https:\/\/aa7.sk\/de\/wp-json\/wp\/v2\/media?parent=6004"}],"wp:term":[{"taxonomy":"product_brand","embeddable":true,"href":"https:\/\/aa7.sk\/de\/wp-json\/wp\/v2\/product_brand?post=6004"},{"taxonomy":"product_cat","embeddable":true,"href":"https:\/\/aa7.sk\/de\/wp-json\/wp\/v2\/product_cat?post=6004"},{"taxonomy":"product_tag","embeddable":true,"href":"https:\/\/aa7.sk\/de\/wp-json\/wp\/v2\/product_tag?post=6004"}],"curies":[{"name":"wp","href":"https:\/\/api.w.org\/{rel}","templated":true}]}}