{"id":6014,"date":"2026-03-15T17:34:05","date_gmt":"2026-03-15T16:34:05","guid":{"rendered":"https:\/\/aa7.sk\/?post_type=product&#038;p=6014"},"modified":"2026-03-18T09:15:20","modified_gmt":"2026-03-18T08:15:20","slug":"hw-850-dvojity-bubnovy-cestny-valec","status":"publish","type":"product","link":"https:\/\/aa7.sk\/de\/product\/hw-850-dvojity-bubnovy-cestny-valec\/","title":{"rendered":"HW-850 Doppeltrommel-Road-Walze"},"content":{"rendered":"<p>Um den Betriebskomfort zu erh\u00f6hen, verf\u00fcgt unsere kleine Roadroller \u00fcber mehrere Funktionen. Er nutzt eine Push-to-Start-Funktion f\u00fcr eine einfache Bedienung. Zus\u00e4tzlich ist er mit einem Hochleistungsantrieb und einem doppelten Stahlantrieb ausgestattet, was eine effiziente Leistung gew\u00e4hrleistet. Die Walze verf\u00fcgt au\u00dferdem \u00fcber ein Spr\u00fchsystem zur Zerst\u00e4ubung und einen Schaber, was einen reibungsloseren Betrieb w\u00e4hrend der Nutzung erm\u00f6glicht.<\/p>\n<p><\/p>","protected":false},"excerpt":{"rendered":"<p><strong> Gewicht:<\/strong> 860 kg<\/p>\n<p><strong>Nennleistung:<\/strong> 8 HP<\/p>\n<p><strong>Spannende Kraft:<\/strong> 35Kn<\/p>","protected":false},"featured_media":6015,"comment_status":"open","ping_status":"closed","template":"","meta":{"_acf_changed":false,"_eb_attr":""},"product_brand":[],"product_cat":[30,36,123],"product_tag":[],"class_list":{"0":"post-6014","1":"product","2":"type-product","3":"status-publish","4":"has-post-thumbnail","6":"product_cat-all-products","7":"product_cat-road-machine","8":"product_cat-cestny-valec","10":"first","11":"instock","12":"shipping-taxable","13":"product-type-simple"},"acf":[],"jetpack_sharing_enabled":true,"_links":{"self":[{"href":"https:\/\/aa7.sk\/de\/wp-json\/wp\/v2\/product\/6014","targetHints":{"allow":["GET"]}}],"collection":[{"href":"https:\/\/aa7.sk\/de\/wp-json\/wp\/v2\/product"}],"about":[{"href":"https:\/\/aa7.sk\/de\/wp-json\/wp\/v2\/types\/product"}],"replies":[{"embeddable":true,"href":"https:\/\/aa7.sk\/de\/wp-json\/wp\/v2\/comments?post=6014"}],"wp:featuredmedia":[{"embeddable":true,"href":"https:\/\/aa7.sk\/de\/wp-json\/wp\/v2\/media\/6015"}],"wp:attachment":[{"href":"https:\/\/aa7.sk\/de\/wp-json\/wp\/v2\/media?parent=6014"}],"wp:term":[{"taxonomy":"product_brand","embeddable":true,"href":"https:\/\/aa7.sk\/de\/wp-json\/wp\/v2\/product_brand?post=6014"},{"taxonomy":"product_cat","embeddable":true,"href":"https:\/\/aa7.sk\/de\/wp-json\/wp\/v2\/product_cat?post=6014"},{"taxonomy":"product_tag","embeddable":true,"href":"https:\/\/aa7.sk\/de\/wp-json\/wp\/v2\/product_tag?post=6014"}],"curies":[{"name":"wp","href":"https:\/\/api.w.org\/{rel}","templated":true}]}}