{"id":6023,"date":"2026-03-15T17:39:59","date_gmt":"2026-03-15T16:39:59","guid":{"rendered":"https:\/\/aa7.sk\/?post_type=product&#038;p=6023"},"modified":"2026-03-20T10:28:13","modified_gmt":"2026-03-20T09:28:13","slug":"hw1t-dvojity-bubnovy-cestny-valec","status":"publish","type":"product","link":"https:\/\/aa7.sk\/de\/product\/hw1t-dvojity-bubnovy-cestny-valec\/","title":{"rendered":"HW1T Doppeltrommel-Road-Walze"},"content":{"rendered":"<p>Wir geben Ihnen den Herstellerpreis und stellen so die kosteng\u00fcnstigste Option f\u00fcr eine Stra\u00dfenwalze sicher. Der kleinere Wendekreis ist ein bedeutender Vorteil und erm\u00f6glicht eine verbesserte Man\u00f6vrierf\u00e4higkeit. Zus\u00e4tzlich erm\u00f6glicht die hydraulische Laufeinheit eine sanfte Bewegung und eine effiziente Bremsfunktion.<\/p>\n<p><\/p>\n<p>Unsere kleine Stra\u00dfenwalze verf\u00fcgt \u00fcber eine Push-to-Start-Funktion, einen leistungsstarken Antriebsmotor und ein Doppelradantrieb, was die Leistungsf\u00e4higkeit verbessert. Er ist au\u00dferdem mit einem Atomisationsspr\u00fchsystem und einem Schaber ausgestattet, was zu einem reibungsloseren Betrieb beitr\u00e4gt.<\/p>\n<p><\/p>","protected":false},"excerpt":{"rendered":"<p><strong> Gewicht:<\/strong> 1000 kg<\/p>\n<p><strong>Nennleistung:<\/strong> 9 HP<\/p>\n<p><strong>Spannende Kraft:<\/strong> 30Kn<\/p>","protected":false},"featured_media":6024,"comment_status":"open","ping_status":"closed","template":"","meta":{"_acf_changed":false,"_eb_attr":""},"product_brand":[],"product_cat":[30,36,123],"product_tag":[],"class_list":{"0":"post-6023","1":"product","2":"type-product","3":"status-publish","4":"has-post-thumbnail","6":"product_cat-all-products","7":"product_cat-road-machine","8":"product_cat-cestny-valec","10":"first","11":"instock","12":"shipping-taxable","13":"product-type-simple"},"acf":[],"jetpack_sharing_enabled":true,"_links":{"self":[{"href":"https:\/\/aa7.sk\/de\/wp-json\/wp\/v2\/product\/6023","targetHints":{"allow":["GET"]}}],"collection":[{"href":"https:\/\/aa7.sk\/de\/wp-json\/wp\/v2\/product"}],"about":[{"href":"https:\/\/aa7.sk\/de\/wp-json\/wp\/v2\/types\/product"}],"replies":[{"embeddable":true,"href":"https:\/\/aa7.sk\/de\/wp-json\/wp\/v2\/comments?post=6023"}],"wp:featuredmedia":[{"embeddable":true,"href":"https:\/\/aa7.sk\/de\/wp-json\/wp\/v2\/media\/6024"}],"wp:attachment":[{"href":"https:\/\/aa7.sk\/de\/wp-json\/wp\/v2\/media?parent=6023"}],"wp:term":[{"taxonomy":"product_brand","embeddable":true,"href":"https:\/\/aa7.sk\/de\/wp-json\/wp\/v2\/product_brand?post=6023"},{"taxonomy":"product_cat","embeddable":true,"href":"https:\/\/aa7.sk\/de\/wp-json\/wp\/v2\/product_cat?post=6023"},{"taxonomy":"product_tag","embeddable":true,"href":"https:\/\/aa7.sk\/de\/wp-json\/wp\/v2\/product_tag?post=6023"}],"curies":[{"name":"wp","href":"https:\/\/api.w.org\/{rel}","templated":true}]}}