{"id":6050,"date":"2026-03-15T17:55:56","date_gmt":"2026-03-15T16:55:56","guid":{"rendered":"https:\/\/aa7.sk\/?post_type=product&#038;p=6050"},"modified":"2026-03-23T17:56:11","modified_gmt":"2026-03-23T16:56:11","slug":"hw3t-dvojity-bubnovy-cestny-valec-copy","status":"publish","type":"product","link":"https:\/\/aa7.sk\/de\/product\/hw3t-dvojity-bubnovy-cestny-valec-copy\/","title":{"rendered":"HW-3.5T Eintrommel-Laufrollenwalze"},"content":{"rendered":"<p>Bei der Entwicklung der neuen 3,5-Tonnen-Stra\u00dfenwalze haben wir besonderen Wert auf die Verbesserung des Kanten-Blanking-Verfahrens gelegt. Dieser Fortschritt \u00fcberfl\u00fcssig macht, eine kleinere Laufbahnwalze f\u00fcr das Kantenumlaufen und die Verdichtung zu verwenden. Zum Starten der Maschine haben Sie die M\u00f6glichkeit, zwischen manuellem und elektrischem Start zu w\u00e4hlen. W\u00e4hrend manueller Start empfohlen wird, wird elektrischer Start bei k\u00e4lteren Temperaturen empfohlen.<\/p>\n<p><\/p>\n<p><strong>Produktfunktion<\/strong><\/p>\n<ol>\n<li>Unsere Stra\u00dfenwalze verf\u00fcgt \u00fcber einen renommierten Markenmotor, der eine au\u00dfergew\u00f6hnliche Leistung gew\u00e4hrleistet.<\/li>\n<li> Mit einem kompakten Arbeitsradius kann es effizient in engen R\u00e4umen arbeiten.<\/li>\n<li>Mit hydraulischer Vibration ausgestattet, erzeugt er eine erhebliche Anregungskraft.<\/li>\n<li>Ihr elegantes Design weist sich durch glatte Linien und bietet eine ausgezeichnete Rost- und Korrosionsbest\u00e4ndigkeit.<\/li>\n<p><\/p>","protected":false},"excerpt":{"rendered":"<p><strong> Gewicht:<\/strong> 3500 kg<\/p>\n<p><strong>Nennleistung:<\/strong> 28.5 HP<\/p>\n<p><strong>Spannende Kraft:<\/strong> 45Kn<\/p>","protected":false},"featured_media":6051,"comment_status":"open","ping_status":"closed","template":"","meta":{"_acf_changed":false,"_eb_attr":""},"product_brand":[],"product_cat":[30,36,123],"product_tag":[],"class_list":{"0":"post-6050","1":"product","2":"type-product","3":"status-publish","4":"has-post-thumbnail","6":"product_cat-all-products","7":"product_cat-road-machine","8":"product_cat-cestny-valec","10":"first","11":"instock","12":"shipping-taxable","13":"product-type-simple"},"acf":[],"jetpack_sharing_enabled":true,"_links":{"self":[{"href":"https:\/\/aa7.sk\/de\/wp-json\/wp\/v2\/product\/6050","targetHints":{"allow":["GET"]}}],"collection":[{"href":"https:\/\/aa7.sk\/de\/wp-json\/wp\/v2\/product"}],"about":[{"href":"https:\/\/aa7.sk\/de\/wp-json\/wp\/v2\/types\/product"}],"replies":[{"embeddable":true,"href":"https:\/\/aa7.sk\/de\/wp-json\/wp\/v2\/comments?post=6050"}],"wp:featuredmedia":[{"embeddable":true,"href":"https:\/\/aa7.sk\/de\/wp-json\/wp\/v2\/media\/6051"}],"wp:attachment":[{"href":"https:\/\/aa7.sk\/de\/wp-json\/wp\/v2\/media?parent=6050"}],"wp:term":[{"taxonomy":"product_brand","embeddable":true,"href":"https:\/\/aa7.sk\/de\/wp-json\/wp\/v2\/product_brand?post=6050"},{"taxonomy":"product_cat","embeddable":true,"href":"https:\/\/aa7.sk\/de\/wp-json\/wp\/v2\/product_cat?post=6050"},{"taxonomy":"product_tag","embeddable":true,"href":"https:\/\/aa7.sk\/de\/wp-json\/wp\/v2\/product_tag?post=6050"}],"curies":[{"name":"wp","href":"https:\/\/api.w.org\/{rel}","templated":true}]}}