{"id":6052,"date":"2026-03-15T18:08:06","date_gmt":"2026-03-15T17:08:06","guid":{"rendered":"https:\/\/aa7.sk\/?post_type=product&#038;p=6052"},"modified":"2026-03-18T14:27:41","modified_gmt":"2026-03-18T13:27:41","slug":"jednobubnovy-cestny-valec-hw-5-0t","status":"publish","type":"product","link":"https:\/\/aa7.sk\/de\/product\/jednobubnovy-cestny-valec-hw-5-0t\/","title":{"rendered":"HW-5.0T Eintrommel-Laufrollenwalze"},"content":{"rendered":"<p>Die Hauptanwendung dieser Ausr\u00fcstung ist die Verdichtung und Nivellierung von Gr\u00e4ben, Stra\u00dfen und Sportpl\u00e4tzen, und sie kann auch zum Verdichten von Asphaltbel\u00e4gen eingesetzt werden.<\/p>\n<p>\n<\/p>\n<ol>\n<li>Er hat einen kleinen Arbeitsradius, der es erm\u00f6glicht, in engen Bereichen zu arbeiten, was ihn f\u00fcr das Auff\u00fcllen der Gr\u00e4ben eignet.<\/li>\n<li>Er ist mit einem HONDA-Benzinmotor oder einem bekannten Dieselmotor ausgestattet, der \u00fcberlegene Leistung und einfaches Anfahren bietet.<\/li>\n<li>Er verf\u00fcgt \u00fcber eine importierte hydraulische Antriebseinheit einer international renommierten Marke, die stufenlose Geschwindigkeits\u00e4nderung, Vorw\u00e4rts- und R\u00fcckw\u00e4rtsbewegung sowie hydraulische Lenkung bietet.<\/li>\n<li> Der Motor kann gestartet werden, und die Ausr\u00fcstung verf\u00fcgt \u00fcber hydraulische Vibrationen, was einen einfachen und bequemen Betrieb gew\u00e4hrleistet.<\/li>\n<p><\/p>","protected":false},"excerpt":{"rendered":"<p><strong>Motorleistung:<\/strong> 40 kW<\/p>\n<p><strong>Betriebsgewicht: <\/strong> 5000 kg<\/p>\n<p><strong>Radgr\u00f6\u00dfe aus Stahl: <\/strong> \u03c61000*1450mm<\/p>","protected":false},"featured_media":6053,"comment_status":"open","ping_status":"closed","template":"","meta":{"_acf_changed":false,"_eb_attr":""},"product_brand":[],"product_cat":[30,36,123],"product_tag":[],"class_list":{"0":"post-6052","1":"product","2":"type-product","3":"status-publish","4":"has-post-thumbnail","6":"product_cat-all-products","7":"product_cat-road-machine","8":"product_cat-cestny-valec","10":"first","11":"instock","12":"shipping-taxable","13":"product-type-simple"},"acf":[],"jetpack_sharing_enabled":true,"_links":{"self":[{"href":"https:\/\/aa7.sk\/de\/wp-json\/wp\/v2\/product\/6052","targetHints":{"allow":["GET"]}}],"collection":[{"href":"https:\/\/aa7.sk\/de\/wp-json\/wp\/v2\/product"}],"about":[{"href":"https:\/\/aa7.sk\/de\/wp-json\/wp\/v2\/types\/product"}],"replies":[{"embeddable":true,"href":"https:\/\/aa7.sk\/de\/wp-json\/wp\/v2\/comments?post=6052"}],"wp:featuredmedia":[{"embeddable":true,"href":"https:\/\/aa7.sk\/de\/wp-json\/wp\/v2\/media\/6053"}],"wp:attachment":[{"href":"https:\/\/aa7.sk\/de\/wp-json\/wp\/v2\/media?parent=6052"}],"wp:term":[{"taxonomy":"product_brand","embeddable":true,"href":"https:\/\/aa7.sk\/de\/wp-json\/wp\/v2\/product_brand?post=6052"},{"taxonomy":"product_cat","embeddable":true,"href":"https:\/\/aa7.sk\/de\/wp-json\/wp\/v2\/product_cat?post=6052"},{"taxonomy":"product_tag","embeddable":true,"href":"https:\/\/aa7.sk\/de\/wp-json\/wp\/v2\/product_tag?post=6052"}],"curies":[{"name":"wp","href":"https:\/\/api.w.org\/{rel}","templated":true}]}}