{"id":6060,"date":"2026-03-15T19:41:13","date_gmt":"2026-03-15T18:41:13","guid":{"rendered":"https:\/\/aa7.sk\/?post_type=product&#038;p=6060"},"modified":"2026-03-25T15:49:31","modified_gmt":"2026-03-25T14:49:31","slug":"hw800sl-crawler-dumper-2","status":"publish","type":"product","link":"https:\/\/aa7.sk\/de\/product\/hw800sl-crawler-dumper-2\/","title":{"rendered":"HW800SL Krabbel-Kipper"},"content":{"rendered":"<div style=\"margin-bottom: 15px !important;\">\n        <strong>Motoroptionen:<\/strong><\/p>\n<div style=\"padding-left: 20px !important;\">\n            P\u00e1sov\u00fd skl\u00e1pac\u00ed n\u00e1kladn\u00fd automobil HW800SL si m\u00f4\u017ee flexibilne vybra\u0165 dieselov\u00fd motor alebo elektromotor, \u010do umo\u017e\u0148uje pou\u017e\u00edvate\u013eom vybra\u0165 si najvhodnej\u0161\u00ed zdroj energie pod\u013ea svojich potrieb a preferenci\u00ed.\n        <\/div>\n<\/p><\/div>\n<div style=\"margin-bottom: 15px !important;\">\n        <strong>Hervorragende Offroad-Leistung:<\/strong><\/p>\n<div style=\"padding-left: 20px !important;\">\n            Dank des Locker-Chassis-Designs verf\u00fcgen diese Fahrzeuge \u00fcber hervorragende Offroad-F\u00e4higkeiten und k\u00f6nnen frei in komplexen Gel\u00e4nden wie matschigen und vereisten Stra\u00dfen, W\u00fcsten und S\u00fcmpfen fahren.\n        <\/div>\n<\/p><\/div>\n<div style=\"margin-bottom: 15px !important;\">\n        <strong>Entladekonstruktion:<\/strong><\/p>\n<div style=\"padding-left: 20px !important;\">\n            Mit einem hydraulischen Antriebssystem ausgestattet, macht es das Entladen bequemer und erfordert nicht zu viel manuelle Bedienung, wodurch Personalressourcen gespart und die Arbeitseffizienz gesteigert wird.\n        <\/div>\n<\/p><\/div>\n<div style=\"margin-bottom: 15px !important;\">\n        <strong>Anpassen Sie sich an verschiedene Umgebungen:<\/strong><\/p>\n<div style=\"padding-left: 20px !important;\">\n            Sie k\u00f6nnen in unterschiedlichen Umgebungen arbeiten, darunter flache Stra\u00dfen und H\u00e4nge mit einer Neigung von bis zu 45 Grad.\n        <\/div>\n<\/p><\/div>\n<div style=\"margin-bottom: 15px !important;\">\n        <strong>Effiziente Kraftstoffnutzung und optimiertes strukturelles Design:<\/strong><\/p>\n<div style=\"padding-left: 20px !important;\">\n            Der Kraftstoffverbrauch der gesamten Maschine ist um 15 % h\u00f6her als bei \u00e4hnlichen Wettbewerbern.\n        <\/div>\n<\/p><\/div>\n<div style=\"margin-bottom: 15px !important;\">\n        <strong>Mehrere internationale Zertifizierungen:<\/strong><\/p>\n<div style=\"padding-left: 20px !important;\">\n            Die Produkte der Hengwang-Gruppe haben ISO-, EU-CE-, deutsche TUV-, franz\u00f6sische BV- und andere Sicherheitspr\u00fcfungen bestanden, um Produktqualit\u00e4t und Sicherheit sicherzustellen.\n        <\/div>\n<\/p><\/div>\n<div style=\"margin-bottom: 15px !important;\">\n        <strong>Benutzerfreundliche Funktionen:<\/strong><\/p>\n<div style=\"padding-left: 20px !important;\">\n            Bieten Sie Video-Support und Online-After-Sales-Service, um m\u00f6glichst wenig Ausfallzeit und maximale Produktivit\u00e4t f\u00fcr die Nutzer zu gew\u00e4hrleisten.\n        <\/div>\n<\/p><\/div>\n<div style=\"margin-bottom: 15px !important;\">\n        <strong>Anpassbarkeit:<\/strong><\/p>\n<div style=\"padding-left: 20px !important;\">\n            Die Gr\u00f6\u00dfe der Karosserie kann je nach Kundenbedarf angepasst werden, um spezifische Transportanforderungen zu erf\u00fcllen.\n        <\/div>\n<\/p><\/div>\n<div style=\"margin-bottom: 15px !important;\">\n        <strong>Zubeh\u00f6rkompatibilit\u00e4t:<\/strong><\/p>\n<div style=\"padding-left: 20px !important;\">\n            Der HW800L Krabbenkipper ist mit einer Vielzahl von Zubeh\u00f6rteilen kompatibel, darunter Kr\u00e4ne, Greifer und andere Aufs\u00e4tze. Diese Funktion erweitert die Funktionalit\u00e4t und Vielseitigkeit des Muldenkippers und erm\u00f6glicht es ihm, eine Vielzahl von Aufgaben effizient auszuf\u00fchren.\n        <\/div>\n<\/p><\/div>\n<div style=\"margin-bottom: 10px !important;\">\n        <strong>Haltbarkeit und Stabilit\u00e4t:<\/strong><\/p>\n<div style=\"padding-left: 20px !important;\">\n            Die Produkte der Hengwang-Gruppe sind branchenf\u00fchrend in Bezug auf Stabilit\u00e4t und Langlebigkeit in komplexen Betriebsumgebungen und geeignet f\u00fcr langfristige, intensive, intensive Arbeitsanforderungen.\n        <\/div>\n<\/p><\/div>\n<\/div>","protected":false},"excerpt":{"rendered":"<p><strong>Max.Nutzlast<\/strong> 0,8 T<\/p>\n<p><strong>Motormodell <\/strong> 186FS<\/p>\n<p><strong>Rozmery mm: <\/strong> 1900*750*1200<\/p>","protected":false},"featured_media":6061,"comment_status":"open","ping_status":"closed","template":"","meta":{"_acf_changed":false,"_eb_attr":""},"product_brand":[],"product_cat":[30,37,125],"product_tag":[],"class_list":{"0":"post-6060","1":"product","2":"type-product","3":"status-publish","4":"has-post-thumbnail","6":"product_cat-all-products","7":"product_cat-dumper-machine","8":"product_cat-crawler-dumper","10":"first","11":"instock","12":"shipping-taxable","13":"product-type-simple"},"acf":[],"jetpack_sharing_enabled":true,"_links":{"self":[{"href":"https:\/\/aa7.sk\/de\/wp-json\/wp\/v2\/product\/6060","targetHints":{"allow":["GET"]}}],"collection":[{"href":"https:\/\/aa7.sk\/de\/wp-json\/wp\/v2\/product"}],"about":[{"href":"https:\/\/aa7.sk\/de\/wp-json\/wp\/v2\/types\/product"}],"replies":[{"embeddable":true,"href":"https:\/\/aa7.sk\/de\/wp-json\/wp\/v2\/comments?post=6060"}],"wp:featuredmedia":[{"embeddable":true,"href":"https:\/\/aa7.sk\/de\/wp-json\/wp\/v2\/media\/6061"}],"wp:attachment":[{"href":"https:\/\/aa7.sk\/de\/wp-json\/wp\/v2\/media?parent=6060"}],"wp:term":[{"taxonomy":"product_brand","embeddable":true,"href":"https:\/\/aa7.sk\/de\/wp-json\/wp\/v2\/product_brand?post=6060"},{"taxonomy":"product_cat","embeddable":true,"href":"https:\/\/aa7.sk\/de\/wp-json\/wp\/v2\/product_cat?post=6060"},{"taxonomy":"product_tag","embeddable":true,"href":"https:\/\/aa7.sk\/de\/wp-json\/wp\/v2\/product_tag?post=6060"}],"curies":[{"name":"wp","href":"https:\/\/api.w.org\/{rel}","templated":true}]}}