{"id":6090,"date":"2026-03-15T20:26:00","date_gmt":"2026-03-15T19:26:00","guid":{"rendered":"https:\/\/aa7.sk\/?post_type=product&#038;p=6090"},"modified":"2026-03-18T09:12:34","modified_gmt":"2026-03-18T08:12:34","slug":"hw2000l-crawler-dumper","status":"publish","type":"product","link":"https:\/\/aa7.sk\/de\/product\/hw2000l-crawler-dumper\/","title":{"rendered":"HW2000L Krabbel-Kipper"},"content":{"rendered":"<p>Der HW2000L Mini-Kettenkipper steht zum Verkauf und ist f\u00fcr eine hervorragende Man\u00f6vrierf\u00e4higkeit in engen R\u00e4umen ausgelegt. Es ist speziell darauf zugeschnitten, die Anforderungen des Wasserschutzbaus, Obstgartentransports, Bergsteigen und Ingenieurtransports zu erf\u00fcllen.<\/p>\n<p><\/p>","protected":false},"excerpt":{"rendered":"<p><strong>Max.Nutzlast<\/strong> 2,0 T<\/p>\n<p><strong>Motormodell: <\/strong> 15<\/p>\n<p><strong>Gesamtgr\u00f6\u00dfe: <\/strong> 2700*1200*1400<\/p>","protected":false},"featured_media":6091,"comment_status":"open","ping_status":"closed","template":"","meta":{"_acf_changed":false,"_eb_attr":""},"product_brand":[],"product_cat":[30,37,125],"product_tag":[],"class_list":{"0":"post-6090","1":"product","2":"type-product","3":"status-publish","4":"has-post-thumbnail","6":"product_cat-all-products","7":"product_cat-dumper-machine","8":"product_cat-crawler-dumper","10":"first","11":"instock","12":"shipping-taxable","13":"product-type-simple"},"acf":[],"jetpack_sharing_enabled":true,"_links":{"self":[{"href":"https:\/\/aa7.sk\/de\/wp-json\/wp\/v2\/product\/6090","targetHints":{"allow":["GET"]}}],"collection":[{"href":"https:\/\/aa7.sk\/de\/wp-json\/wp\/v2\/product"}],"about":[{"href":"https:\/\/aa7.sk\/de\/wp-json\/wp\/v2\/types\/product"}],"replies":[{"embeddable":true,"href":"https:\/\/aa7.sk\/de\/wp-json\/wp\/v2\/comments?post=6090"}],"wp:featuredmedia":[{"embeddable":true,"href":"https:\/\/aa7.sk\/de\/wp-json\/wp\/v2\/media\/6091"}],"wp:attachment":[{"href":"https:\/\/aa7.sk\/de\/wp-json\/wp\/v2\/media?parent=6090"}],"wp:term":[{"taxonomy":"product_brand","embeddable":true,"href":"https:\/\/aa7.sk\/de\/wp-json\/wp\/v2\/product_brand?post=6090"},{"taxonomy":"product_cat","embeddable":true,"href":"https:\/\/aa7.sk\/de\/wp-json\/wp\/v2\/product_cat?post=6090"},{"taxonomy":"product_tag","embeddable":true,"href":"https:\/\/aa7.sk\/de\/wp-json\/wp\/v2\/product_tag?post=6090"}],"curies":[{"name":"wp","href":"https:\/\/api.w.org\/{rel}","templated":true}]}}