{"id":6112,"date":"2026-03-15T20:50:34","date_gmt":"2026-03-15T19:50:34","guid":{"rendered":"https:\/\/aa7.sk\/?post_type=product&#038;p=6112"},"modified":"2026-03-18T09:11:58","modified_gmt":"2026-03-18T08:11:58","slug":"hw5000l-crawler-dumper","status":"publish","type":"product","link":"https:\/\/aa7.sk\/de\/product\/hw5000l-crawler-dumper\/","title":{"rendered":"HW5000L Krabbel-Kipper"},"content":{"rendered":"<p>Der HW5000L Crawler Dumper ist ein kompaktes und wendiges Fahrzeug, das eine ausgezeichnete Man\u00f6vrierf\u00e4higkeit in engen R\u00e4umen bietet. Sie ist speziell daf\u00fcr konzipiert, die Anforderungen des Wasserschutzbaus, Obstgartentransports, Bergsteigerungen und Ingenieurtransports zu erf\u00fcllen.<\/p>\n<p><\/p>","protected":false},"excerpt":{"rendered":"<p><strong>Max.Nutzlast<\/strong> 5,0 T<\/p>\n<p><strong>Motormodell: <\/strong> 60<\/p>\n<p><strong>Gesamtgr\u00f6\u00dfe: <\/strong> 3500*1600*1700<\/p>","protected":false},"featured_media":6113,"comment_status":"open","ping_status":"closed","template":"","meta":{"_acf_changed":false,"_eb_attr":""},"product_brand":[],"product_cat":[30,37,125],"product_tag":[],"class_list":{"0":"post-6112","1":"product","2":"type-product","3":"status-publish","4":"has-post-thumbnail","6":"product_cat-all-products","7":"product_cat-dumper-machine","8":"product_cat-crawler-dumper","10":"first","11":"instock","12":"shipping-taxable","13":"product-type-simple"},"acf":[],"jetpack_sharing_enabled":true,"_links":{"self":[{"href":"https:\/\/aa7.sk\/de\/wp-json\/wp\/v2\/product\/6112","targetHints":{"allow":["GET"]}}],"collection":[{"href":"https:\/\/aa7.sk\/de\/wp-json\/wp\/v2\/product"}],"about":[{"href":"https:\/\/aa7.sk\/de\/wp-json\/wp\/v2\/types\/product"}],"replies":[{"embeddable":true,"href":"https:\/\/aa7.sk\/de\/wp-json\/wp\/v2\/comments?post=6112"}],"wp:featuredmedia":[{"embeddable":true,"href":"https:\/\/aa7.sk\/de\/wp-json\/wp\/v2\/media\/6113"}],"wp:attachment":[{"href":"https:\/\/aa7.sk\/de\/wp-json\/wp\/v2\/media?parent=6112"}],"wp:term":[{"taxonomy":"product_brand","embeddable":true,"href":"https:\/\/aa7.sk\/de\/wp-json\/wp\/v2\/product_brand?post=6112"},{"taxonomy":"product_cat","embeddable":true,"href":"https:\/\/aa7.sk\/de\/wp-json\/wp\/v2\/product_cat?post=6112"},{"taxonomy":"product_tag","embeddable":true,"href":"https:\/\/aa7.sk\/de\/wp-json\/wp\/v2\/product_tag?post=6112"}],"curies":[{"name":"wp","href":"https:\/\/api.w.org\/{rel}","templated":true}]}}