{"id":6144,"date":"2026-03-15T21:39:04","date_gmt":"2026-03-15T20:39:04","guid":{"rendered":"https:\/\/aa7.sk\/?post_type=product&#038;p=6144"},"modified":"2026-03-24T16:56:16","modified_gmt":"2026-03-24T15:56:16","slug":"hw-fcy20-dumper-kolesovy","status":"publish","type":"product","link":"https:\/\/aa7.sk\/de\/product\/hw-fcy20-dumper-kolesovy\/","title":{"rendered":"HW-FCY20 Standortdumper"},"content":{"rendered":"<p>Der Rad-Kipper wird h\u00e4ufig f\u00fcr den kurzen Transport von Sch\u00fcttg\u00fctern in verschiedenen Branchen und Umgebungen eingesetzt, darunter die Bauindustrie, Baustellen, Schlachtfelder, Stra\u00dfenschutzabschnitte, kommunale Ingenieurwesen und unterirdische Minen.<\/p>\n<p><\/p>\n<p><strong>Merkmale<\/strong><\/p>\n<ol>\n<li>4 *4 Antrieb, hydraulische Lenkung, kann Materialien durch ein starkes hydraulisches Druckentlastungssystem sanft entladen.<\/li>\n<li>Niedrige Gehgeschwindigkeit, kurzer Transport von Gro\u00dfg\u00fctern.<\/li>\n<li>Einfache Bedienung, kleiner Wendekreis kann auf einem schmalen Gel\u00e4nde genutzt werden.<\/li>\n<li>Mit einem Selbstfrachteimer kann man die Multifunktionswerkzeuge realisieren.<\/li>\n<p><\/p>","protected":false},"excerpt":{"rendered":"<p><strong>Ladekapazit\u00e4t: <\/strong> 2000 kg<\/p>\n<p><strong>Eimerkapazit\u00e4t: <\/strong> 1,5CBM<\/p>\n<p><strong>Nennleistung:  <\/strong> 38 kW<\/p>","protected":false},"featured_media":6145,"comment_status":"open","ping_status":"closed","template":"","meta":{"_acf_changed":false,"_eb_attr":""},"product_brand":[],"product_cat":[30,37,126],"product_tag":[],"class_list":{"0":"post-6144","1":"product","2":"type-product","3":"status-publish","4":"has-post-thumbnail","6":"product_cat-all-products","7":"product_cat-dumper-machine","8":"product_cat-kolesovy-dumper","10":"first","11":"instock","12":"shipping-taxable","13":"product-type-simple"},"acf":[],"jetpack_sharing_enabled":true,"_links":{"self":[{"href":"https:\/\/aa7.sk\/de\/wp-json\/wp\/v2\/product\/6144","targetHints":{"allow":["GET"]}}],"collection":[{"href":"https:\/\/aa7.sk\/de\/wp-json\/wp\/v2\/product"}],"about":[{"href":"https:\/\/aa7.sk\/de\/wp-json\/wp\/v2\/types\/product"}],"replies":[{"embeddable":true,"href":"https:\/\/aa7.sk\/de\/wp-json\/wp\/v2\/comments?post=6144"}],"wp:featuredmedia":[{"embeddable":true,"href":"https:\/\/aa7.sk\/de\/wp-json\/wp\/v2\/media\/6145"}],"wp:attachment":[{"href":"https:\/\/aa7.sk\/de\/wp-json\/wp\/v2\/media?parent=6144"}],"wp:term":[{"taxonomy":"product_brand","embeddable":true,"href":"https:\/\/aa7.sk\/de\/wp-json\/wp\/v2\/product_brand?post=6144"},{"taxonomy":"product_cat","embeddable":true,"href":"https:\/\/aa7.sk\/de\/wp-json\/wp\/v2\/product_cat?post=6144"},{"taxonomy":"product_tag","embeddable":true,"href":"https:\/\/aa7.sk\/de\/wp-json\/wp\/v2\/product_tag?post=6144"}],"curies":[{"name":"wp","href":"https:\/\/api.w.org\/{rel}","templated":true}]}}