{"id":6148,"date":"2026-03-15T21:47:54","date_gmt":"2026-03-15T20:47:54","guid":{"rendered":"https:\/\/aa7.sk\/?post_type=product&#038;p=6148"},"modified":"2026-03-25T16:26:53","modified_gmt":"2026-03-25T15:26:53","slug":"hw-fcy30-dumper-na-lokalitu-hw-fcy30","status":"publish","type":"product","link":"https:\/\/aa7.sk\/de\/product\/hw-fcy30-dumper-na-lokalitu-hw-fcy30\/","title":{"rendered":"HW-FCY30 Standortdumper"},"content":{"rendered":"<p><strong>Wichtige Merkmale:<\/strong><\/p>\n<ol>\n<li>Pohon 4&#215;4 a hydraulick\u00e9 riadenie: Naklada\u010d na koles\u00e1 je vybaven\u00fd pohonn\u00fdm syst\u00e9mom 4&#215;4 a hydraulick\u00fdm riaden\u00edm, \u010do umo\u017e\u0148uje plynul\u00e9 vykladanie materi\u00e1lu prostredn\u00edctvom robustn\u00e9ho hydraulick\u00e9ho tlakov\u00e9ho vykladacieho syst\u00e9mu.<\/li>\n<li>Niedrige Gehgeschwindigkeit f\u00fcr den kurzen Transport: Sie arbeitet mit niedriger Gehgeschwindigkeit, was sie ideal f\u00fcr den effizienten Transport von Gro\u00dfg\u00fctern \u00fcber kurze Strecken macht.<\/li>\n<li>Einfache Bedienung und kleiner Wendekreis: Der Rad-Standort-Dumper ist f\u00fcr eine einfache Bedienung ausgelegt, mit einem kleinen Wendekreis, der ihm eine leichte Man\u00f6ver auf engen Stellen erm\u00f6glicht.<\/li>\n<li>Selbstladender Eimer f\u00fcr multifunktionale F\u00e4higkeit: Er ist mit einem selbstladenden Eimer ausgestattet, der die Ausf\u00fchrung multifunktionaler Aufgaben erm\u00f6glicht und die Vielseitigkeit im Umgang mit verschiedenen Werkzeugen erh\u00f6ht.<\/li>\n<p><\/p>","protected":false},"excerpt":{"rendered":"<p><strong>Ladekapazit\u00e4t: <\/strong> 3000 kg<\/p>\n<p><strong>Eimerkapazit\u00e4t: <\/strong> 1,5CBM<\/p>\n<p><strong>Nennleistung:  <\/strong> 38 kW<\/p>","protected":false},"featured_media":6149,"comment_status":"open","ping_status":"closed","template":"","meta":{"_acf_changed":false,"_eb_attr":""},"product_brand":[],"product_cat":[30,37,126],"product_tag":[],"class_list":{"0":"post-6148","1":"product","2":"type-product","3":"status-publish","4":"has-post-thumbnail","6":"product_cat-all-products","7":"product_cat-dumper-machine","8":"product_cat-kolesovy-dumper","10":"first","11":"instock","12":"shipping-taxable","13":"product-type-simple"},"acf":[],"jetpack_sharing_enabled":true,"_links":{"self":[{"href":"https:\/\/aa7.sk\/de\/wp-json\/wp\/v2\/product\/6148","targetHints":{"allow":["GET"]}}],"collection":[{"href":"https:\/\/aa7.sk\/de\/wp-json\/wp\/v2\/product"}],"about":[{"href":"https:\/\/aa7.sk\/de\/wp-json\/wp\/v2\/types\/product"}],"replies":[{"embeddable":true,"href":"https:\/\/aa7.sk\/de\/wp-json\/wp\/v2\/comments?post=6148"}],"wp:featuredmedia":[{"embeddable":true,"href":"https:\/\/aa7.sk\/de\/wp-json\/wp\/v2\/media\/6149"}],"wp:attachment":[{"href":"https:\/\/aa7.sk\/de\/wp-json\/wp\/v2\/media?parent=6148"}],"wp:term":[{"taxonomy":"product_brand","embeddable":true,"href":"https:\/\/aa7.sk\/de\/wp-json\/wp\/v2\/product_brand?post=6148"},{"taxonomy":"product_cat","embeddable":true,"href":"https:\/\/aa7.sk\/de\/wp-json\/wp\/v2\/product_cat?post=6148"},{"taxonomy":"product_tag","embeddable":true,"href":"https:\/\/aa7.sk\/de\/wp-json\/wp\/v2\/product_tag?post=6148"}],"curies":[{"name":"wp","href":"https:\/\/api.w.org\/{rel}","templated":true}]}}