{"id":6154,"date":"2026-03-15T21:59:38","date_gmt":"2026-03-15T20:59:38","guid":{"rendered":"https:\/\/aa7.sk\/?post_type=product&#038;p=6154"},"modified":"2026-03-24T16:55:25","modified_gmt":"2026-03-24T15:55:25","slug":"hw-fcy50-dumper-kolesovy","status":"publish","type":"product","link":"https:\/\/aa7.sk\/de\/product\/hw-fcy50-dumper-kolesovy\/","title":{"rendered":"HW-FCY50 Standortdumper"},"content":{"rendered":"<p><strong>Wichtige Merkmale:<\/strong><\/p>\n<ol>\n<li>Vybaven\u00fd pohonom 4&#215;4 a hydraulick\u00fdm riaden\u00edm, naklada\u010d na mieste m\u00f4\u017ee efekt\u00edvne vyklada\u0165 materi\u00e1l prostredn\u00edctvom robustn\u00e9ho hydraulick\u00e9ho tlakov\u00e9ho vykladacieho syst\u00e9mu.<\/li>\n<li>Sie arbeitet mit niedriger Gehgeschwindigkeit, was sie f\u00fcr den Transport von Gro\u00dfg\u00fctern \u00fcber kurze Strecken geeignet macht.<\/li>\n<li>Der Rad-Standort-Dumper ist einfach zu bedienen und hat einen kleinen Wendekreis, sodass er sich m\u00fchelos durch enge Stellen bewegen kann.<\/li>\n<li>Er wird mit einem selbstladenden Eimer geliefert, der die Nutzung multifunktionaler Werkzeuge erm\u00f6glicht.<\/li>\n<p><\/p>","protected":false},"excerpt":{"rendered":"<p><strong>Ladekapazit\u00e4t: <\/strong> 5000 kg<\/p>\n<p><strong>Eimerkapazit\u00e4t: <\/strong> 1,5CBM<\/p>\n<p><strong>Nennleistung:  <\/strong> 47 kW<\/p>","protected":false},"featured_media":6155,"comment_status":"open","ping_status":"closed","template":"","meta":{"_acf_changed":false,"_eb_attr":""},"product_brand":[],"product_cat":[30,37,126],"product_tag":[],"class_list":{"0":"post-6154","1":"product","2":"type-product","3":"status-publish","4":"has-post-thumbnail","6":"product_cat-all-products","7":"product_cat-dumper-machine","8":"product_cat-kolesovy-dumper","10":"first","11":"instock","12":"shipping-taxable","13":"product-type-simple"},"acf":[],"jetpack_sharing_enabled":true,"_links":{"self":[{"href":"https:\/\/aa7.sk\/de\/wp-json\/wp\/v2\/product\/6154","targetHints":{"allow":["GET"]}}],"collection":[{"href":"https:\/\/aa7.sk\/de\/wp-json\/wp\/v2\/product"}],"about":[{"href":"https:\/\/aa7.sk\/de\/wp-json\/wp\/v2\/types\/product"}],"replies":[{"embeddable":true,"href":"https:\/\/aa7.sk\/de\/wp-json\/wp\/v2\/comments?post=6154"}],"wp:featuredmedia":[{"embeddable":true,"href":"https:\/\/aa7.sk\/de\/wp-json\/wp\/v2\/media\/6155"}],"wp:attachment":[{"href":"https:\/\/aa7.sk\/de\/wp-json\/wp\/v2\/media?parent=6154"}],"wp:term":[{"taxonomy":"product_brand","embeddable":true,"href":"https:\/\/aa7.sk\/de\/wp-json\/wp\/v2\/product_brand?post=6154"},{"taxonomy":"product_cat","embeddable":true,"href":"https:\/\/aa7.sk\/de\/wp-json\/wp\/v2\/product_cat?post=6154"},{"taxonomy":"product_tag","embeddable":true,"href":"https:\/\/aa7.sk\/de\/wp-json\/wp\/v2\/product_tag?post=6154"}],"curies":[{"name":"wp","href":"https:\/\/api.w.org\/{rel}","templated":true}]}}