{"id":6170,"date":"2026-03-17T10:50:50","date_gmt":"2026-03-17T09:50:50","guid":{"rendered":"https:\/\/aa7.sk\/?post_type=product&#038;p=6170"},"modified":"2026-03-24T09:23:41","modified_gmt":"2026-03-24T08:23:41","slug":"hwjf260-miesacie-auto-na-beton","status":"publish","type":"product","link":"https:\/\/aa7.sk\/de\/product\/hwjf260-miesacie-auto-na-beton\/","title":{"rendered":"HWJF260 Betonmischer-LKW"},"content":{"rendered":"<p>Eine neue Generation von Betonmischwagen, voll optimierte Mischbl\u00e4tter, schnellere Zuf\u00fchrung, gleichm\u00e4\u00dfigeres Mischen und sauberere Entladung.<\/p>\n<p><\/p>\n<p>Mit dem fortschreitenden Fortschritt der Technologie kann es aufgrund laufender Updates Unterschiede zwischen den technischen Parametern, Konfigurationen und dem eigentlichen Produkt geben. Diese Unterschiede h\u00e4ngen von der tats\u00e4chlichen Lieferung des Produkts ab.<\/p>","protected":false},"excerpt":{"rendered":"<p>Mischkapazit\u00e4t: 2,6 m\u00b3<br \/>\nNennleistung: 75 kW<br \/>\nGesamtma\u00dfe: 6740x2500x3920<\/p>","protected":false},"featured_media":6171,"comment_status":"open","ping_status":"closed","template":"","meta":{"_acf_changed":false,"_eb_attr":""},"product_brand":[],"product_cat":[30,38,127],"product_tag":[],"class_list":{"0":"post-6170","1":"product","2":"type-product","3":"status-publish","4":"has-post-thumbnail","6":"product_cat-all-products","7":"product_cat-betonovy-transporter","8":"product_cat-betonovy-miesaci-vozik","10":"first","11":"instock","12":"shipping-taxable","13":"product-type-simple"},"acf":[],"jetpack_sharing_enabled":true,"_links":{"self":[{"href":"https:\/\/aa7.sk\/de\/wp-json\/wp\/v2\/product\/6170","targetHints":{"allow":["GET"]}}],"collection":[{"href":"https:\/\/aa7.sk\/de\/wp-json\/wp\/v2\/product"}],"about":[{"href":"https:\/\/aa7.sk\/de\/wp-json\/wp\/v2\/types\/product"}],"replies":[{"embeddable":true,"href":"https:\/\/aa7.sk\/de\/wp-json\/wp\/v2\/comments?post=6170"}],"wp:featuredmedia":[{"embeddable":true,"href":"https:\/\/aa7.sk\/de\/wp-json\/wp\/v2\/media\/6171"}],"wp:attachment":[{"href":"https:\/\/aa7.sk\/de\/wp-json\/wp\/v2\/media?parent=6170"}],"wp:term":[{"taxonomy":"product_brand","embeddable":true,"href":"https:\/\/aa7.sk\/de\/wp-json\/wp\/v2\/product_brand?post=6170"},{"taxonomy":"product_cat","embeddable":true,"href":"https:\/\/aa7.sk\/de\/wp-json\/wp\/v2\/product_cat?post=6170"},{"taxonomy":"product_tag","embeddable":true,"href":"https:\/\/aa7.sk\/de\/wp-json\/wp\/v2\/product_tag?post=6170"}],"curies":[{"name":"wp","href":"https:\/\/api.w.org\/{rel}","templated":true}]}}