{"id":6180,"date":"2026-03-17T10:58:27","date_gmt":"2026-03-17T09:58:27","guid":{"rendered":"https:\/\/aa7.sk\/?post_type=product&#038;p=6180"},"modified":"2026-03-24T09:21:59","modified_gmt":"2026-03-24T08:21:59","slug":"hwjf350-betonovy-miesaci-automobil","status":"publish","type":"product","link":"https:\/\/aa7.sk\/de\/product\/hwjf350-betonovy-miesaci-automobil\/","title":{"rendered":"HWJF350 Betonmischer-LKW"},"content":{"rendered":"<p><strong>Hauptmerkmal:<\/strong><\/p>\n<ol>\n<li>Unser automatisches Mischsystem verf\u00fcgt \u00fcber ein f\u00fchrendes Design aus Italien.<\/li>\n<li>Unser System bietet den Nutzern eine einfache und bequeme Bedienung.<\/li>\n<li>Es sorgt f\u00fcr eine hohe Effizienz, spart sowohl Zeit als auch Arbeit und senkt die Kosten.<\/li>\n<li>Er stellt die perfekte Kombination aus einem Mischwagen und einem Ladewagen dar.<\/li>\n<p><\/p>","protected":false},"excerpt":{"rendered":"<p>Mischkapazit\u00e4t: 13.5m\u00b3<br \/>\nNennleistung: 85Kw<br \/>\nGesamtma\u00dfe: 7830x2680x4170<\/p>","protected":false},"featured_media":6181,"comment_status":"open","ping_status":"closed","template":"","meta":{"_acf_changed":false,"_eb_attr":""},"product_brand":[],"product_cat":[30,38,127],"product_tag":[],"class_list":{"0":"post-6180","1":"product","2":"type-product","3":"status-publish","4":"has-post-thumbnail","6":"product_cat-all-products","7":"product_cat-betonovy-transporter","8":"product_cat-betonovy-miesaci-vozik","10":"first","11":"instock","12":"shipping-taxable","13":"product-type-simple"},"acf":[],"jetpack_sharing_enabled":true,"_links":{"self":[{"href":"https:\/\/aa7.sk\/de\/wp-json\/wp\/v2\/product\/6180","targetHints":{"allow":["GET"]}}],"collection":[{"href":"https:\/\/aa7.sk\/de\/wp-json\/wp\/v2\/product"}],"about":[{"href":"https:\/\/aa7.sk\/de\/wp-json\/wp\/v2\/types\/product"}],"replies":[{"embeddable":true,"href":"https:\/\/aa7.sk\/de\/wp-json\/wp\/v2\/comments?post=6180"}],"wp:featuredmedia":[{"embeddable":true,"href":"https:\/\/aa7.sk\/de\/wp-json\/wp\/v2\/media\/6181"}],"wp:attachment":[{"href":"https:\/\/aa7.sk\/de\/wp-json\/wp\/v2\/media?parent=6180"}],"wp:term":[{"taxonomy":"product_brand","embeddable":true,"href":"https:\/\/aa7.sk\/de\/wp-json\/wp\/v2\/product_brand?post=6180"},{"taxonomy":"product_cat","embeddable":true,"href":"https:\/\/aa7.sk\/de\/wp-json\/wp\/v2\/product_cat?post=6180"},{"taxonomy":"product_tag","embeddable":true,"href":"https:\/\/aa7.sk\/de\/wp-json\/wp\/v2\/product_tag?post=6180"}],"curies":[{"name":"wp","href":"https:\/\/api.w.org\/{rel}","templated":true}]}}