{"id":6188,"date":"2026-03-17T11:20:16","date_gmt":"2026-03-17T10:20:16","guid":{"rendered":"https:\/\/aa7.sk\/?post_type=product&#038;p=6188"},"modified":"2026-03-24T09:19:30","modified_gmt":"2026-03-24T08:19:30","slug":"hwjf400-betonovy-miesaci-automobil","status":"publish","type":"product","link":"https:\/\/aa7.sk\/de\/product\/hwjf400-betonovy-miesaci-automobil\/","title":{"rendered":"HWJF400 Betonmischer-LKW"},"content":{"rendered":"<p><strong>Hauptmerkmal:<\/strong><\/p>\n<ol>\n<li>Mit Italiens f\u00fchrendem Design sorgt unser automatisches Mischsystem f\u00fcr eine \u00fcberlegene Leistung.<\/li>\n<li> Unsere Betonmischer bieten eine einfache und bequeme Bedienung.<\/li>\n<li>Mit ihrem benutzerfreundlichen Design und dem geringen Wartungsaufwand sind unsere Betonmischer f\u00fcr verschiedene Baustellen geeignet.<\/li>\n<li>Speziell f\u00fcr die Tunnelindustrie entwickelt, sind unsere kompakten und wendigen Betonmischer eine ideale Wahl.<\/li>\n<p><\/p>","protected":false},"excerpt":{"rendered":"<p>Mischkapazit\u00e4t: 4,0 m\u00b3<br \/>\nNennleistung: 91 kW<br \/>\nGesamtma\u00dfe: 7640x2870x4750<\/p>","protected":false},"featured_media":6189,"comment_status":"open","ping_status":"closed","template":"","meta":{"_acf_changed":false,"_eb_attr":""},"product_brand":[],"product_cat":[30,38,127],"product_tag":[],"class_list":{"0":"post-6188","1":"product","2":"type-product","3":"status-publish","4":"has-post-thumbnail","6":"product_cat-all-products","7":"product_cat-betonovy-transporter","8":"product_cat-betonovy-miesaci-vozik","10":"first","11":"instock","12":"shipping-taxable","13":"product-type-simple"},"acf":[],"jetpack_sharing_enabled":true,"_links":{"self":[{"href":"https:\/\/aa7.sk\/de\/wp-json\/wp\/v2\/product\/6188","targetHints":{"allow":["GET"]}}],"collection":[{"href":"https:\/\/aa7.sk\/de\/wp-json\/wp\/v2\/product"}],"about":[{"href":"https:\/\/aa7.sk\/de\/wp-json\/wp\/v2\/types\/product"}],"replies":[{"embeddable":true,"href":"https:\/\/aa7.sk\/de\/wp-json\/wp\/v2\/comments?post=6188"}],"wp:featuredmedia":[{"embeddable":true,"href":"https:\/\/aa7.sk\/de\/wp-json\/wp\/v2\/media\/6189"}],"wp:attachment":[{"href":"https:\/\/aa7.sk\/de\/wp-json\/wp\/v2\/media?parent=6188"}],"wp:term":[{"taxonomy":"product_brand","embeddable":true,"href":"https:\/\/aa7.sk\/de\/wp-json\/wp\/v2\/product_brand?post=6188"},{"taxonomy":"product_cat","embeddable":true,"href":"https:\/\/aa7.sk\/de\/wp-json\/wp\/v2\/product_cat?post=6188"},{"taxonomy":"product_tag","embeddable":true,"href":"https:\/\/aa7.sk\/de\/wp-json\/wp\/v2\/product_tag?post=6188"}],"curies":[{"name":"wp","href":"https:\/\/api.w.org\/{rel}","templated":true}]}}