{"id":6195,"date":"2026-03-17T11:26:17","date_gmt":"2026-03-17T10:26:17","guid":{"rendered":"https:\/\/aa7.sk\/?post_type=product&#038;p=6195"},"modified":"2026-03-18T15:58:57","modified_gmt":"2026-03-18T14:58:57","slug":"hwjf550-betonovy-miesaci-automobil","status":"publish","type":"product","link":"https:\/\/aa7.sk\/de\/product\/hwjf550-betonovy-miesaci-automobil\/","title":{"rendered":"HWJF550 Betonmischer-LKW"},"content":{"rendered":"<p><strong>Hauptmerkmal:<\/strong><\/p>\n<ol>\n<li>Mit modernstem italienischem Design verf\u00fcgt unser selbstladender Mischer \u00fcber ein automatisches Zuf\u00fchr- und Mischsystem.<\/li>\n<li> Es verf\u00fcgt \u00fcber eine benutzerfreundliche Oberfl\u00e4che und eine unkomplizierte Bedienung, was Einfachheit und Bequemlichkeit gew\u00e4hrleistet.<\/li>\n<li>Mit seiner hocheffizienten Leistung spart unser Mixer sowohl Zeit als auch Arbeit, was zu Kosteneinsparungen f\u00fchrt.<\/li>\n<li>Es bietet die perfekte Mischung aus einem Mischwagen und einem Ladewagen und bietet optimale Leistung und Funktionalit\u00e4t.<\/li>\n<p><\/p>","protected":false},"excerpt":{"rendered":"<p>Mischkapazit\u00e4t: 5,5 m\u00b3<br \/>\nNennleistung: 92 kW<br \/>\nGesamtma\u00dfe: 8450x3100x4580<\/p>","protected":false},"featured_media":6196,"comment_status":"open","ping_status":"closed","template":"","meta":{"_acf_changed":false,"_eb_attr":""},"product_brand":[],"product_cat":[30,38,127],"product_tag":[],"class_list":{"0":"post-6195","1":"product","2":"type-product","3":"status-publish","4":"has-post-thumbnail","6":"product_cat-all-products","7":"product_cat-betonovy-transporter","8":"product_cat-betonovy-miesaci-vozik","10":"first","11":"instock","12":"shipping-taxable","13":"product-type-simple"},"acf":[],"jetpack_sharing_enabled":true,"_links":{"self":[{"href":"https:\/\/aa7.sk\/de\/wp-json\/wp\/v2\/product\/6195","targetHints":{"allow":["GET"]}}],"collection":[{"href":"https:\/\/aa7.sk\/de\/wp-json\/wp\/v2\/product"}],"about":[{"href":"https:\/\/aa7.sk\/de\/wp-json\/wp\/v2\/types\/product"}],"replies":[{"embeddable":true,"href":"https:\/\/aa7.sk\/de\/wp-json\/wp\/v2\/comments?post=6195"}],"wp:featuredmedia":[{"embeddable":true,"href":"https:\/\/aa7.sk\/de\/wp-json\/wp\/v2\/media\/6196"}],"wp:attachment":[{"href":"https:\/\/aa7.sk\/de\/wp-json\/wp\/v2\/media?parent=6195"}],"wp:term":[{"taxonomy":"product_brand","embeddable":true,"href":"https:\/\/aa7.sk\/de\/wp-json\/wp\/v2\/product_brand?post=6195"},{"taxonomy":"product_cat","embeddable":true,"href":"https:\/\/aa7.sk\/de\/wp-json\/wp\/v2\/product_cat?post=6195"},{"taxonomy":"product_tag","embeddable":true,"href":"https:\/\/aa7.sk\/de\/wp-json\/wp\/v2\/product_tag?post=6195"}],"curies":[{"name":"wp","href":"https:\/\/api.w.org\/{rel}","templated":true}]}}